{"id":1910,"date":"2024-09-24T14:32:08","date_gmt":"2024-09-24T18:32:08","guid":{"rendered":"https:\/\/www.ottawatherapygroup.ca\/services-fr\/emdr-therapy\/"},"modified":"2025-03-25T14:40:44","modified_gmt":"2025-03-25T18:40:44","slug":"therapie-emdr","status":"publish","type":"page","link":"https:\/\/www.ottawatherapygroup.ca\/fr\/services-fr\/therapie-emdr\/","title":{"rendered":"TH\u00c9RAPIE EMDR &#8211; OTTAWA"},"content":{"rendered":"<p><div class=\"fusion-fullwidth fullwidth-box fusion-builder-row-1 fusion-flex-container has-pattern-background has-mask-background nonhundred-percent-fullwidth non-hundred-percent-height-scrolling\" style=\"--awb-border-radius-top-left:0px;--awb-border-radius-top-right:0px;--awb-border-radius-bottom-right:0px;--awb-border-radius-bottom-left:0px;--awb-padding-top:70px;--awb-padding-bottom:70px;--awb-flex-wrap:wrap;\" ><div class=\"fusion-builder-row fusion-row fusion-flex-align-items-center fusion-flex-justify-content-center fusion-flex-content-wrap\" style=\"max-width:1248px;margin-left: calc(-4% \/ 2 );margin-right: calc(-4% \/ 2 );\"><div class=\"fusion-layout-column fusion_builder_column fusion-builder-column-0 fusion_builder_column_1_2 1_2 fusion-flex-column\" style=\"--awb-bg-size:cover;--awb-width-large:50%;--awb-margin-top-large:0px;--awb-spacing-right-large:3.84%;--awb-margin-bottom-large:20px;--awb-spacing-left-large:3.84%;--awb-width-medium:50%;--awb-order-medium:0;--awb-spacing-right-medium:3.84%;--awb-spacing-left-medium:3.84%;--awb-width-small:100%;--awb-order-small:0;--awb-spacing-right-small:1.92%;--awb-spacing-left-small:1.92%;\" data-scroll-devices=\"small-visibility,medium-visibility,large-visibility\"><div class=\"fusion-column-wrapper fusion-column-has-shadow fusion-flex-justify-content-flex-start fusion-content-layout-column\"><div class=\"fusion-title title fusion-title-1 fusion-sep-none fusion-title-text fusion-title-size-two\" style=\"--awb-text-color:var(--awb-color5);--awb-margin-top-small:10px;--awb-margin-right-small:0px;--awb-margin-bottom-small:10px;--awb-margin-left-small:0px;--awb-sep-color:var(--awb-color8);\"><h2 class=\"fusion-title-heading title-heading-left\" style=\"font-family:&quot;Oswald&quot;;font-style:normal;font-weight:400;margin:0;\">LA D\u00c9SENSIBILISATION ET LE RETRAITEMENT PAR LES MOUVEMENTS OCULAIRES (EMDR)<\/h2><\/div><div class=\"fusion-text fusion-text-1\" style=\"--awb-content-alignment:left;\"><p><span style=\"font-weight: 400;\">La vie est parfois une v\u00e9ritable montagne russe. On peut vivre des moments de peur intense, d\u2019anxi\u00e9t\u00e9 ou de douleur persistante. Au Groupe de th\u00e9rapie d\u2019Ottawa, <\/span><a href=\"https:\/\/www.ottawatherapygroup.ca\/fr\/therapeutes\/\"><span style=\"font-weight: 400;\">nos th\u00e9rapeutes<\/span><\/a><span style=\"font-weight: 400;\"> savent que les exp\u00e9riences traumatiques laissent des traces profondes, souvent invisibles, mais bien r\u00e9elles. C\u2019est pourquoi nous proposons la th\u00e9rapie EMDR (<\/span><i><span style=\"font-weight: 400;\">Eye Movement Desensitization and Reprocessing<\/span><\/i><span style=\"font-weight: 400;\">) : une approche soutenue par la recherche, con\u00e7ue pour vous aider \u00e0 aller de l\u2019avant.<\/span><\/p>\n<\/div><\/div><\/div><div class=\"fusion-layout-column fusion_builder_column fusion-builder-column-1 fusion_builder_column_1_2 1_2 fusion-flex-column fusion-column-inner-bg-wrapper fusion-column-liftup-border\" style=\"--awb-inner-bg-size:cover;--awb-width-large:50%;--awb-margin-top-large:0px;--awb-spacing-right-large:3.84%;--awb-margin-bottom-large:20px;--awb-spacing-left-large:3.84%;--awb-width-medium:50%;--awb-order-medium:0;--awb-spacing-right-medium:3.84%;--awb-spacing-left-medium:3.84%;--awb-width-small:100%;--awb-order-small:0;--awb-spacing-right-small:1.92%;--awb-spacing-left-small:1.92%;\" data-scroll-devices=\"small-visibility,medium-visibility,large-visibility\"><span class=\"fusion-column-inner-bg hover-type-liftup\"><span class=\"fusion-column-anchor\"><span class=\"fusion-column-inner-bg-image\"><\/span><\/span><\/span><div class=\"fusion-column-wrapper fusion-flex-justify-content-flex-start fusion-content-layout-column\"><div class=\"fusion-image-element \" style=\"--awb-caption-title-font-family:var(--h2_typography-font-family);--awb-caption-title-font-weight:var(--h2_typography-font-weight);--awb-caption-title-font-style:var(--h2_typography-font-style);--awb-caption-title-size:var(--h2_typography-font-size);--awb-caption-title-transform:var(--h2_typography-text-transform);--awb-caption-title-line-height:var(--h2_typography-line-height);--awb-caption-title-letter-spacing:var(--h2_typography-letter-spacing);\"><span class=\" fusion-imageframe imageframe-none imageframe-1 hover-type-none\"><img decoding=\"async\" width=\"1125\" height=\"750\" alt=\"personne allong\u00e9e sur un divan lors d&#039;une s\u00e9ance de th\u00e9rapie, conseiller assis sur une chaise\" title=\"person lying on couch during trauma therapy session, counselor seated on chair\" src=\"https:\/\/www.ottawatherapygroup.ca\/wp-content\/uploads\/2024\/09\/person-lying-on-couch-during-trauma-therapy-session-counselor-seated-on-chair.jpeg\" class=\"img-responsive wp-image-1610\" srcset=\"https:\/\/www.ottawatherapygroup.ca\/wp-content\/uploads\/2024\/09\/person-lying-on-couch-during-trauma-therapy-session-counselor-seated-on-chair-200x133.jpeg 200w, https:\/\/www.ottawatherapygroup.ca\/wp-content\/uploads\/2024\/09\/person-lying-on-couch-during-trauma-therapy-session-counselor-seated-on-chair-400x267.jpeg 400w, https:\/\/www.ottawatherapygroup.ca\/wp-content\/uploads\/2024\/09\/person-lying-on-couch-during-trauma-therapy-session-counselor-seated-on-chair-600x400.jpeg 600w, https:\/\/www.ottawatherapygroup.ca\/wp-content\/uploads\/2024\/09\/person-lying-on-couch-during-trauma-therapy-session-counselor-seated-on-chair-800x533.jpeg 800w, https:\/\/www.ottawatherapygroup.ca\/wp-content\/uploads\/2024\/09\/person-lying-on-couch-during-trauma-therapy-session-counselor-seated-on-chair.jpeg 1125w\" sizes=\"(max-width: 640px) 100vw, 600px\" \/><\/span><\/div><\/div><\/div><\/div><\/div><div class=\"fusion-fullwidth fullwidth-box fusion-builder-row-2 fusion-flex-container has-pattern-background has-mask-background nonhundred-percent-fullwidth non-hundred-percent-height-scrolling\" style=\"--awb-border-radius-top-left:0px;--awb-border-radius-top-right:0px;--awb-border-radius-bottom-right:0px;--awb-border-radius-bottom-left:0px;--awb-padding-top:60px;--awb-padding-bottom:60px;--awb-background-color:var(--awb-color2);--awb-flex-wrap:wrap;\" ><div class=\"fusion-builder-row fusion-row fusion-flex-align-items-flex-start fusion-flex-content-wrap\" style=\"max-width:1248px;margin-left: calc(-4% \/ 2 );margin-right: calc(-4% \/ 2 );\"><div class=\"fusion-layout-column fusion_builder_column fusion-builder-column-2 fusion_builder_column_1_2 1_2 fusion-flex-column\" style=\"--awb-bg-size:cover;--awb-width-large:50%;--awb-margin-top-large:0px;--awb-spacing-right-large:3.84%;--awb-margin-bottom-large:20px;--awb-spacing-left-large:3.84%;--awb-width-medium:50%;--awb-order-medium:0;--awb-spacing-right-medium:3.84%;--awb-spacing-left-medium:3.84%;--awb-width-small:100%;--awb-order-small:0;--awb-spacing-right-small:1.92%;--awb-spacing-left-small:1.92%;\"><div class=\"fusion-column-wrapper fusion-column-has-shadow fusion-flex-justify-content-flex-start fusion-content-layout-column\"><div class=\"fusion-title title fusion-title-2 fusion-sep-none fusion-title-text fusion-title-size-three\" style=\"--awb-text-color:var(--awb-color5);--awb-margin-top-small:10px;--awb-margin-right-small:0px;--awb-margin-bottom-small:10px;--awb-margin-left-small:0px;--awb-sep-color:var(--awb-color8);\"><h3 class=\"fusion-title-heading title-heading-left\" style=\"font-family:&quot;Oswald&quot;;font-style:normal;font-weight:400;margin:0;\">\u00c0 PROPOS DE L\u2019EMDR<\/h3><\/div><div class=\"fusion-separator fusion-full-width-sep\" style=\"align-self: center;margin-left: auto;margin-right: auto;margin-top:30px;width:100%;\"><\/div><div class=\"fusion-text fusion-text-2\"><p><span style=\"font-weight: 400;\">L\u2019int\u00e9gration neuro-\u00e9motionnelle par les mouvements oculaires sert de pont entre votre pass\u00e9 et votre pr\u00e9sent. D\u2019abord d\u00e9velopp\u00e9e pour traiter les traumatismes et l\u2019\u00e9tat de stress post-traumatique (ESPT), elle s\u2019applique maintenant \u00e0 une vari\u00e9t\u00e9 de difficult\u00e9s psychologiques : anxi\u00e9t\u00e9, d\u00e9pression, phobies, troubles dissociatifs ou encore troubles de la personnalit\u00e9.<\/span><span style=\"font-weight: 400;\"><br \/>\n<\/span><br \/>\n<span style=\"font-weight: 400;\">Ce qui distingue l\u2019EMDR, c\u2019est son attention particuli\u00e8re au traitement des souvenirs traumatiques rest\u00e9s \u00ab bloqu\u00e9s \u00bb dans le cerveau, source de d\u00e9tresse \u00e9motionnelle et psychologique. Comme on nettoie les d\u00e9bris apr\u00e8s une temp\u00eate, l\u2019EMDR contribue \u00e0 lib\u00e9rer les obstacles qui freinent le processus naturel de gu\u00e9rison du cerveau.<\/span><span style=\"font-weight: 400;\"><br \/>\n<\/span><br \/>\n<span style=\"font-weight: 400;\">Pendant une s\u00e9ance de th\u00e9rapie centr\u00e9e sur les \u00e9motions, vous \u00eates invit\u00e9 \u00e0 revisiter le souvenir d\u2019un \u00e9v\u00e9nement \u00e9prouvant tout en recevant une stimulation sensorielle bilat\u00e9rale (souvent par des mouvements oculaires guid\u00e9s, parfois par des tapotements ou des sons). Cette double focalisation permet au cerveau de retraiter le souvenir et d\u2019en r\u00e9duire la charge \u00e9motionnelle. Progressivement, le souvenir perd de son intensit\u00e9, et vous pouvez l\u2019envisager sous un nouveau jour.<\/span><\/p>\n<\/div><\/div><\/div><div class=\"fusion-layout-column fusion_builder_column fusion-builder-column-3 fusion_builder_column_1_2 1_2 fusion-flex-column\" style=\"--awb-bg-size:cover;--awb-width-large:50%;--awb-margin-top-large:0px;--awb-spacing-right-large:3.84%;--awb-margin-bottom-large:20px;--awb-spacing-left-large:3.84%;--awb-width-medium:50%;--awb-order-medium:0;--awb-spacing-right-medium:3.84%;--awb-spacing-left-medium:3.84%;--awb-width-small:100%;--awb-order-small:0;--awb-spacing-right-small:1.92%;--awb-spacing-left-small:1.92%;\"><div class=\"fusion-column-wrapper fusion-column-has-shadow fusion-flex-justify-content-flex-start fusion-content-layout-column\"><div class=\"fusion-title title fusion-title-3 fusion-sep-none fusion-title-text fusion-title-size-three\" style=\"--awb-text-color:var(--awb-color5);--awb-margin-top-small:10px;--awb-margin-right-small:0px;--awb-margin-bottom-small:10px;--awb-margin-left-small:0px;--awb-sep-color:var(--awb-color8);\"><h3 class=\"fusion-title-heading title-heading-left\" style=\"font-family:&quot;Oswald&quot;;font-style:normal;font-weight:400;margin:0;\">\u00c0 QUOI S\u2019ATTENDRE : LES S\u00c9ANCES DE TH\u00c9RAPIE EMDR<\/h3><\/div><div class=\"fusion-separator fusion-full-width-sep\" style=\"align-self: center;margin-left: auto;margin-right: auto;margin-top:30px;width:100%;\"><\/div><div class=\"fusion-text fusion-text-3\"><p><span style=\"font-weight: 400;\">La th\u00e9rapie EMDR se d\u00e9roule en huit phases distinctes. Tout commence par la collecte d\u2019informations et l\u2019\u00e9laboration d\u2019un plan de traitement : votre th\u00e9rapeute EMDR \u00e9tablit un portrait d\u00e9taill\u00e9 de vos exp\u00e9riences et de vos sympt\u00f4mes pour cibler la meilleure approche. Ensuite, la pr\u00e9paration vous donne des outils pour g\u00e9rer l\u2019inconfort susceptible de se manifester lors des s\u00e9ances. Au cours de la phase d\u2019\u00e9valuation, vous identifiez les souvenirs ou incidents traumatiques \u00e0 explorer, ainsi que les croyances et \u00e9motions n\u00e9gatives associ\u00e9es.<\/span><\/p>\n<p><span style=\"font-weight: 400;\">Le c\u0153ur du processus se trouve dans la phase de d\u00e9sensibilisation, o\u00f9 la stimulation bilat\u00e9rale (p. ex. les mouvements oculaires guid\u00e9s) vous accompagne pendant que vous repensez \u00e0 ces souvenirs, afin d\u2019en diminuer graduellement la charge \u00e9motionnelle. L\u2019\u00e9tape suivante, appel\u00e9e \u00ab installation \u00bb, vise \u00e0 ancrer des croyances positives, pour adopter une meilleure perception de soi. Une phase de balayage corporel sert ensuite \u00e0 rep\u00e9rer toute tension r\u00e9siduelle, soulageant ainsi l\u2019impact du traumatisme tant sur le plan psychique que physique. Pour conclure la s\u00e9ance, vous passez par une \u00e9tape de \u00ab fermeture \u00bb, favorisant un retour au calme, puis une r\u00e9\u00e9valuation pour mesurer les progr\u00e8s r\u00e9alis\u00e9s et planifier la suite. Cette structure vous guide \u00e0 la fois de fa\u00e7on m\u00e9thodique et bienveillante, ouvrant la porte \u00e0 une gu\u00e9rison profonde et \u00e0 un v\u00e9ritable \u00e9panouissement.<\/span><\/p>\n<\/div><\/div><\/div><\/div><\/div><div class=\"fusion-fullwidth fullwidth-box fusion-builder-row-3 fusion-flex-container has-pattern-background has-mask-background nonhundred-percent-fullwidth non-hundred-percent-height-scrolling\" style=\"--awb-border-radius-top-left:0px;--awb-border-radius-top-right:0px;--awb-border-radius-bottom-right:0px;--awb-border-radius-bottom-left:0px;--awb-padding-top:60px;--awb-padding-bottom:60px;--awb-background-color:var(--awb-color1);--awb-flex-wrap:wrap;\" ><div class=\"fusion-builder-row fusion-row fusion-flex-align-items-flex-start fusion-flex-content-wrap\" style=\"max-width:1248px;margin-left: calc(-4% \/ 2 );margin-right: calc(-4% \/ 2 );\"><div class=\"fusion-layout-column fusion_builder_column fusion-builder-column-4 fusion_builder_column_1_1 1_1 fusion-flex-column\" style=\"--awb-bg-size:cover;--awb-width-large:100%;--awb-margin-top-large:0px;--awb-spacing-right-large:1.92%;--awb-margin-bottom-large:20px;--awb-spacing-left-large:1.92%;--awb-width-medium:100%;--awb-order-medium:0;--awb-spacing-right-medium:1.92%;--awb-spacing-left-medium:1.92%;--awb-width-small:100%;--awb-order-small:0;--awb-spacing-right-small:1.92%;--awb-spacing-left-small:1.92%;\"><div class=\"fusion-column-wrapper fusion-column-has-shadow fusion-flex-justify-content-flex-start fusion-content-layout-column\"><div class=\"fusion-title title fusion-title-4 fusion-sep-none fusion-title-text fusion-title-size-three\" style=\"--awb-text-color:var(--awb-color7);--awb-margin-top-small:10px;--awb-margin-right-small:0px;--awb-margin-bottom-small:10px;--awb-margin-left-small:0px;--awb-sep-color:var(--awb-color8);\"><h3 class=\"fusion-title-heading title-heading-left\" style=\"font-family:&quot;Oswald&quot;;font-style:normal;font-weight:400;margin:0;\">TH\u00c9RAPIE EMDR EN LIGNE<\/h3><\/div><div class=\"fusion-separator fusion-full-width-sep\" style=\"align-self: center;margin-left: auto;margin-right: auto;margin-top:30px;width:100%;\"><\/div><div class=\"fusion-text fusion-text-4\"><p><span style=\"font-weight: 400;\">Nous sommes conscients qu\u2019il n\u2019est pas toujours simple de se rendre sur place. C\u2019est pourquoi le Groupe de th\u00e9rapie d\u2019Ottawa propose des s\u00e9ances en ligne, y compris la th\u00e9rapie EMDR virtuelle, afin que vous puissiez b\u00e9n\u00e9ficier de cette approche transformante o\u00f9 que vous soyez.<\/span><span style=\"font-weight: 400;\"><br \/>\n<\/span><\/p>\n<p><span style=\"font-weight: 400;\">La th\u00e9rapie EMDR en ligne se fait par vid\u00e9oconf\u00e9rence s\u00e9curis\u00e9e, en suivant le m\u00eame protocole en huit phases qu\u2019en personne. Vous restez en contact avec votre th\u00e9rapeute tout au long de la s\u00e9ance, et la stimulation bilat\u00e9rale est adapt\u00e9e au format virtuel : vous pouvez suivre les mouvements de la main de votre th\u00e9rapeute \u00e0 l\u2019\u00e9cran, utiliser des dispositifs tactiles qui alternent les vibrations ou \u00e9couter des signaux sonores dans vos \u00e9couteurs. Malgr\u00e9 la distance, l\u2019interaction demeure constante, votre th\u00e9rapeute vous guidant \u00e0 chaque \u00e9tape.<\/span><span style=\"font-weight: 400;\"><br \/>\n<\/span><\/p>\n<p><span style=\"font-weight: 400;\">Pour d\u00e9marrer la th\u00e9rapie EMDR en ligne, vous n\u2019avez besoin que d\u2019une bonne connexion Internet, d\u2019un endroit calme et confidentiel, et d\u2019un appareil muni de fonctions audio et vid\u00e9o. Votre th\u00e9rapeute vous aidera \u00e0 organiser votre espace pour que vous puissiez vous concentrer pleinement sur votre d\u00e9marche de gu\u00e9rison.<\/span><span style=\"font-weight: 400;\"><br \/>\n<\/span><span style=\"font-weight: 400;\">Que vous d\u00e9couvriez l\u2019EMDR ou que vous souhaitiez poursuivre un traitement amorc\u00e9 en personne, la version virtuelle offre une option flexible et efficace pour avancer dans vos soins de sant\u00e9 mentale sans interrompre votre progression. O\u00f9 que vous soyez, nous sommes l\u00e0 pour vous aider \u00e0 surmonter vos traumatismes et \u00e0 envisager un futur plus lumineux.<\/span><a href=\"https:\/\/www.ottawatherapygroup.ca\/fr\/contact\/\"><span style=\"font-weight: 400;\">Contactez-nous<\/span><\/a><span style=\"font-weight: 400;\"> d\u00e8s aujourd\u2019hui.<\/span><\/p>\n<\/div><\/div><\/div><\/div><\/div><\/p>\n","protected":false},"excerpt":{"rendered":"","protected":false},"author":1,"featured_media":0,"parent":270,"menu_order":0,"comment_status":"closed","ping_status":"closed","template":"100-width.php","meta":{"footnotes":""},"class_list":["post-1910","page","type-page","status-publish","hentry"],"yoast_head":"<!-- This site is optimized with the Yoast SEO plugin v27.4 - https:\/\/yoast.com\/product\/yoast-seo-wordpress\/ -->\n<title>EMDR Th\u00e9rapie\u200b - OTG<\/title>\n<meta name=\"description\" content=\"D\u00e9couvrez le pouvoir transformateur de la th\u00e9rapie EMDR. Des s\u00e9ances en personne et virtuelles pour aider \u00e0 gu\u00e9rir les traumatismes, l&#039;anxi\u00e9t\u00e9 et bien plus encore.\" \/>\n<meta name=\"robots\" content=\"index, follow, max-snippet:-1, max-image-preview:large, max-video-preview:-1\" \/>\n<link rel=\"canonical\" href=\"https:\/\/www.ottawatherapygroup.ca\/fr\/services-fr\/therapie-emdr\/\" \/>\n<meta property=\"og:locale\" content=\"fr_CA\" \/>\n<meta property=\"og:type\" content=\"article\" \/>\n<meta property=\"og:title\" content=\"EMDR Th\u00e9rapie\u200b - OTG\" \/>\n<meta property=\"og:description\" content=\"D\u00e9couvrez le pouvoir transformateur de la th\u00e9rapie EMDR. Des s\u00e9ances en personne et virtuelles pour aider \u00e0 gu\u00e9rir les traumatismes, l&#039;anxi\u00e9t\u00e9 et bien plus encore.\" \/>\n<meta property=\"og:url\" content=\"https:\/\/www.ottawatherapygroup.ca\/fr\/services-fr\/therapie-emdr\/\" \/>\n<meta property=\"og:site_name\" content=\"Excellence in Psychotherapy - Ottawa Therapy Group\" \/>\n<meta property=\"article:modified_time\" content=\"2025-03-25T18:40:44+00:00\" \/>\n<meta name=\"twitter:card\" content=\"summary_large_image\" \/>\n<meta name=\"twitter:label1\" content=\"Estimation du temps de lecture\" \/>\n\t<meta name=\"twitter:data1\" content=\"4 minutes\" \/>\n<script type=\"application\/ld+json\" class=\"yoast-schema-graph\">{\"@context\":\"https:\\\/\\\/schema.org\",\"@graph\":[{\"@type\":\"WebPage\",\"@id\":\"https:\\\/\\\/www.ottawatherapygroup.ca\\\/fr\\\/services-fr\\\/therapie-emdr\\\/\",\"url\":\"https:\\\/\\\/www.ottawatherapygroup.ca\\\/fr\\\/services-fr\\\/therapie-emdr\\\/\",\"name\":\"EMDR Th\u00e9rapie\u200b - OTG\",\"isPartOf\":{\"@id\":\"https:\\\/\\\/www.ottawatherapygroup.ca\\\/fr\\\/#website\"},\"datePublished\":\"2024-09-24T18:32:08+00:00\",\"dateModified\":\"2025-03-25T18:40:44+00:00\",\"description\":\"D\u00e9couvrez le pouvoir transformateur de la th\u00e9rapie EMDR. Des s\u00e9ances en personne et virtuelles pour aider \u00e0 gu\u00e9rir les traumatismes, l'anxi\u00e9t\u00e9 et bien plus encore.\",\"breadcrumb\":{\"@id\":\"https:\\\/\\\/www.ottawatherapygroup.ca\\\/fr\\\/services-fr\\\/therapie-emdr\\\/#breadcrumb\"},\"inLanguage\":\"fr-CA\",\"potentialAction\":[{\"@type\":\"ReadAction\",\"target\":[\"https:\\\/\\\/www.ottawatherapygroup.ca\\\/fr\\\/services-fr\\\/therapie-emdr\\\/\"]}]},{\"@type\":\"BreadcrumbList\",\"@id\":\"https:\\\/\\\/www.ottawatherapygroup.ca\\\/fr\\\/services-fr\\\/therapie-emdr\\\/#breadcrumb\",\"itemListElement\":[{\"@type\":\"ListItem\",\"position\":1,\"name\":\"Home\",\"item\":\"https:\\\/\\\/www.ottawatherapygroup.ca\\\/fr\\\/\"},{\"@type\":\"ListItem\",\"position\":2,\"name\":\"Services\",\"item\":\"https:\\\/\\\/www.ottawatherapygroup.ca\\\/fr\\\/services-fr\\\/\"},{\"@type\":\"ListItem\",\"position\":3,\"name\":\"TH\u00c9RAPIE EMDR &#8211; OTTAWA\"}]},{\"@type\":\"WebSite\",\"@id\":\"https:\\\/\\\/www.ottawatherapygroup.ca\\\/fr\\\/#website\",\"url\":\"https:\\\/\\\/www.ottawatherapygroup.ca\\\/fr\\\/\",\"name\":\"Excellence in Psychotherapy - Ottawa Therapy Group\",\"description\":\"\",\"potentialAction\":[{\"@type\":\"SearchAction\",\"target\":{\"@type\":\"EntryPoint\",\"urlTemplate\":\"https:\\\/\\\/www.ottawatherapygroup.ca\\\/fr\\\/?s={search_term_string}\"},\"query-input\":{\"@type\":\"PropertyValueSpecification\",\"valueRequired\":true,\"valueName\":\"search_term_string\"}}],\"inLanguage\":\"fr-CA\"}]}<\/script>\n<!-- \/ Yoast SEO plugin. -->","yoast_head_json":{"title":"EMDR Th\u00e9rapie\u200b - OTG","description":"D\u00e9couvrez le pouvoir transformateur de la th\u00e9rapie EMDR. Des s\u00e9ances en personne et virtuelles pour aider \u00e0 gu\u00e9rir les traumatismes, l'anxi\u00e9t\u00e9 et bien plus encore.","robots":{"index":"index","follow":"follow","max-snippet":"max-snippet:-1","max-image-preview":"max-image-preview:large","max-video-preview":"max-video-preview:-1"},"canonical":"https:\/\/www.ottawatherapygroup.ca\/fr\/services-fr\/therapie-emdr\/","og_locale":"fr_CA","og_type":"article","og_title":"EMDR Th\u00e9rapie\u200b - OTG","og_description":"D\u00e9couvrez le pouvoir transformateur de la th\u00e9rapie EMDR. Des s\u00e9ances en personne et virtuelles pour aider \u00e0 gu\u00e9rir les traumatismes, l'anxi\u00e9t\u00e9 et bien plus encore.","og_url":"https:\/\/www.ottawatherapygroup.ca\/fr\/services-fr\/therapie-emdr\/","og_site_name":"Excellence in Psychotherapy - Ottawa Therapy Group","article_modified_time":"2025-03-25T18:40:44+00:00","twitter_card":"summary_large_image","twitter_misc":{"Estimation du temps de lecture":"4 minutes"},"schema":{"@context":"https:\/\/schema.org","@graph":[{"@type":"WebPage","@id":"https:\/\/www.ottawatherapygroup.ca\/fr\/services-fr\/therapie-emdr\/","url":"https:\/\/www.ottawatherapygroup.ca\/fr\/services-fr\/therapie-emdr\/","name":"EMDR Th\u00e9rapie\u200b - OTG","isPartOf":{"@id":"https:\/\/www.ottawatherapygroup.ca\/fr\/#website"},"datePublished":"2024-09-24T18:32:08+00:00","dateModified":"2025-03-25T18:40:44+00:00","description":"D\u00e9couvrez le pouvoir transformateur de la th\u00e9rapie EMDR. Des s\u00e9ances en personne et virtuelles pour aider \u00e0 gu\u00e9rir les traumatismes, l'anxi\u00e9t\u00e9 et bien plus encore.","breadcrumb":{"@id":"https:\/\/www.ottawatherapygroup.ca\/fr\/services-fr\/therapie-emdr\/#breadcrumb"},"inLanguage":"fr-CA","potentialAction":[{"@type":"ReadAction","target":["https:\/\/www.ottawatherapygroup.ca\/fr\/services-fr\/therapie-emdr\/"]}]},{"@type":"BreadcrumbList","@id":"https:\/\/www.ottawatherapygroup.ca\/fr\/services-fr\/therapie-emdr\/#breadcrumb","itemListElement":[{"@type":"ListItem","position":1,"name":"Home","item":"https:\/\/www.ottawatherapygroup.ca\/fr\/"},{"@type":"ListItem","position":2,"name":"Services","item":"https:\/\/www.ottawatherapygroup.ca\/fr\/services-fr\/"},{"@type":"ListItem","position":3,"name":"TH\u00c9RAPIE EMDR &#8211; OTTAWA"}]},{"@type":"WebSite","@id":"https:\/\/www.ottawatherapygroup.ca\/fr\/#website","url":"https:\/\/www.ottawatherapygroup.ca\/fr\/","name":"Excellence in Psychotherapy - Ottawa Therapy Group","description":"","potentialAction":[{"@type":"SearchAction","target":{"@type":"EntryPoint","urlTemplate":"https:\/\/www.ottawatherapygroup.ca\/fr\/?s={search_term_string}"},"query-input":{"@type":"PropertyValueSpecification","valueRequired":true,"valueName":"search_term_string"}}],"inLanguage":"fr-CA"}]}},"_links":{"self":[{"href":"https:\/\/www.ottawatherapygroup.ca\/fr\/wp-json\/wp\/v2\/pages\/1910","targetHints":{"allow":["GET"]}}],"collection":[{"href":"https:\/\/www.ottawatherapygroup.ca\/fr\/wp-json\/wp\/v2\/pages"}],"about":[{"href":"https:\/\/www.ottawatherapygroup.ca\/fr\/wp-json\/wp\/v2\/types\/page"}],"author":[{"embeddable":true,"href":"https:\/\/www.ottawatherapygroup.ca\/fr\/wp-json\/wp\/v2\/users\/1"}],"replies":[{"embeddable":true,"href":"https:\/\/www.ottawatherapygroup.ca\/fr\/wp-json\/wp\/v2\/comments?post=1910"}],"version-history":[{"count":0,"href":"https:\/\/www.ottawatherapygroup.ca\/fr\/wp-json\/wp\/v2\/pages\/1910\/revisions"}],"up":[{"embeddable":true,"href":"https:\/\/www.ottawatherapygroup.ca\/fr\/wp-json\/wp\/v2\/pages\/270"}],"wp:attachment":[{"href":"https:\/\/www.ottawatherapygroup.ca\/fr\/wp-json\/wp\/v2\/media?parent=1910"}],"curies":[{"name":"wp","href":"https:\/\/api.w.org\/{rel}","templated":true}]}}