{"id":1974,"date":"2025-04-08T14:21:07","date_gmt":"2025-04-08T18:21:07","guid":{"rendered":"https:\/\/www.ottawatherapygroup.ca\/services-fr\/same-day-crisis-counseling-services\/"},"modified":"2025-09-02T15:06:10","modified_gmt":"2025-09-02T19:06:10","slug":"consultations-de-crise-service","status":"publish","type":"page","link":"https:\/\/www.ottawatherapygroup.ca\/fr\/services-fr\/consultations-de-crise-service\/","title":{"rendered":"Consultation de crise \u2013 Ottawa"},"content":{"rendered":"<p><div class=\"fusion-fullwidth fullwidth-box fusion-builder-row-1 fusion-flex-container has-pattern-background has-mask-background nonhundred-percent-fullwidth non-hundred-percent-height-scrolling\" style=\"--awb-border-radius-top-left:0px;--awb-border-radius-top-right:0px;--awb-border-radius-bottom-right:0px;--awb-border-radius-bottom-left:0px;--awb-padding-top:70px;--awb-padding-bottom:70px;--awb-flex-wrap:wrap;\" ><div class=\"fusion-builder-row fusion-row fusion-flex-align-items-center fusion-flex-justify-content-center fusion-flex-content-wrap\" style=\"max-width:1248px;margin-left: calc(-4% \/ 2 );margin-right: calc(-4% \/ 2 );\"><div class=\"fusion-layout-column fusion_builder_column fusion-builder-column-0 fusion_builder_column_1_2 1_2 fusion-flex-column\" style=\"--awb-bg-size:cover;--awb-width-large:50%;--awb-margin-top-large:0px;--awb-spacing-right-large:3.84%;--awb-margin-bottom-large:20px;--awb-spacing-left-large:3.84%;--awb-width-medium:50%;--awb-order-medium:0;--awb-spacing-right-medium:3.84%;--awb-spacing-left-medium:3.84%;--awb-width-small:100%;--awb-order-small:0;--awb-spacing-right-small:1.92%;--awb-spacing-left-small:1.92%;\" data-scroll-devices=\"small-visibility,medium-visibility,large-visibility\"><div class=\"fusion-column-wrapper fusion-column-has-shadow fusion-flex-justify-content-flex-start fusion-content-layout-column\"><div class=\"fusion-title title fusion-title-1 fusion-sep-none fusion-title-text fusion-title-size-two\" style=\"--awb-text-color:var(--awb-color5);--awb-margin-top-small:10px;--awb-margin-right-small:0px;--awb-margin-bottom-small:10px;--awb-margin-left-small:0px;--awb-sep-color:var(--awb-color8);\"><h2 class=\"fusion-title-heading title-heading-left\" style=\"font-family:&quot;Oswald&quot;;font-style:normal;font-weight:400;margin:0;\">Soutien en sant\u00e9 mentale et en mati\u00e8re de d\u00e9pendances quand vous en avez le plus besoin<\/h2><\/div><div class=\"fusion-text fusion-text-1\" style=\"--awb-content-alignment:left;\"><p><span style=\"font-weight: 400;\">Chez Groupe de Th\u00e9rapie d&rsquo;Ottawa, nous savons que les crises en sant\u00e9 mentale peuvent surgir sans pr\u00e9venir et que l\u2019attente n\u2019est pas toujours possible. Nous offrons des rendez-vous d\u2019intervention de crise \u00e0 Ottawa pour les personnes en besoin urgent ou en attente de services de psychoth\u00e9rapie.<\/span><\/p>\n<p><span style=\"font-weight: 400;\">Ce service sert de pont pour vous aider \u00e0 traverser la p\u00e9riode actuelle en attendant des soins \u00e0 plus long terme. Nos conseillers exp\u00e9riment\u00e9s sont l\u00e0 pour vous aider \u00e0 traverser des d\u00e9fis \u00e9motionnels urgents avec soin et compassion.<\/span><\/p>\n<h3><span style=\"font-weight: 400;\">Pourquoi choisir notre service de consultation de crise ?<\/span><\/h3>\n<ul>\n<li style=\"font-weight: 400;\" aria-level=\"1\"><span style=\"font-weight: 400;\">Acc\u00e8s rapide aux services de consultation et de soutien : Nos services de consultation urgent vous permettent d&rsquo;acc\u00e9der rapidement et facilement \u00e0 un professionnel qualifi\u00e9 afin de parler \u00e0 quelqu&rsquo;un au moment o\u00f9 cela compte le plus.<\/span><\/li>\n<li style=\"font-weight: 400;\" aria-level=\"1\"><span style=\"font-weight: 400;\">Intervention de crise compl\u00e8te : Nous offrons une \u00e9coute attentive et un soutien pour une vari\u00e9t\u00e9 de difficult\u00e9s, incluant l&rsquo;anxi\u00e9t\u00e9, la d\u00e9pression, le traumatisme et les attaques de panique, afin de vous assurer de recevoir l&rsquo;accompagnement dont vous avez besoin.<\/span><\/li>\n<li style=\"font-weight: 400;\" aria-level=\"1\"><span style=\"font-weight: 400;\">Options flexibles : Services disponibles en personne ou en s\u00e9ance de consultation par vid\u00e9o conf\u00e9rence, avec soutien en anglais et en fran\u00e7ais.&nbsp;<\/span><\/li>\n<\/ul>\n<p><strong>Des frais de s\u00e9ance s&rsquo;appliquent \u00e0 ces services.<\/strong><\/p>\n<\/div><\/div><\/div><div class=\"fusion-layout-column fusion_builder_column fusion-builder-column-1 fusion_builder_column_1_2 1_2 fusion-flex-column fusion-column-inner-bg-wrapper fusion-column-liftup-border\" style=\"--awb-inner-bg-size:cover;--awb-width-large:50%;--awb-margin-top-large:0px;--awb-spacing-right-large:3.84%;--awb-margin-bottom-large:20px;--awb-spacing-left-large:3.84%;--awb-width-medium:50%;--awb-order-medium:0;--awb-spacing-right-medium:3.84%;--awb-spacing-left-medium:3.84%;--awb-width-small:100%;--awb-order-small:0;--awb-spacing-right-small:1.92%;--awb-spacing-left-small:1.92%;\" data-scroll-devices=\"small-visibility,medium-visibility,large-visibility\"><span class=\"fusion-column-inner-bg hover-type-liftup\"><span class=\"fusion-column-anchor\"><span class=\"fusion-column-inner-bg-image\"><\/span><\/span><\/span><div class=\"fusion-column-wrapper fusion-flex-justify-content-flex-start fusion-content-layout-column\"><div class=\"fusion-image-element \" style=\"--awb-caption-title-font-family:var(--h2_typography-font-family);--awb-caption-title-font-weight:var(--h2_typography-font-weight);--awb-caption-title-font-style:var(--h2_typography-font-style);--awb-caption-title-size:var(--h2_typography-font-size);--awb-caption-title-transform:var(--h2_typography-text-transform);--awb-caption-title-line-height:var(--h2_typography-line-height);--awb-caption-title-letter-spacing:var(--h2_typography-letter-spacing);\"><span class=\" fusion-imageframe imageframe-none imageframe-1 hover-type-none\"><img decoding=\"async\" width=\"900\" height=\"675\" alt=\"Th\u00e9rapie En Ligne\/Virtuelle\" title=\"2-ae969dce\" src=\"https:\/\/www.ottawatherapygroup.ca\/wp-content\/uploads\/2024\/05\/2-ae969dce.webp\" class=\"img-responsive wp-image-191\" srcset=\"https:\/\/www.ottawatherapygroup.ca\/wp-content\/uploads\/2024\/05\/2-ae969dce-200x150.webp 200w, https:\/\/www.ottawatherapygroup.ca\/wp-content\/uploads\/2024\/05\/2-ae969dce-400x300.webp 400w, https:\/\/www.ottawatherapygroup.ca\/wp-content\/uploads\/2024\/05\/2-ae969dce-600x450.webp 600w, https:\/\/www.ottawatherapygroup.ca\/wp-content\/uploads\/2024\/05\/2-ae969dce-800x600.webp 800w, https:\/\/www.ottawatherapygroup.ca\/wp-content\/uploads\/2024\/05\/2-ae969dce.webp 900w\" sizes=\"(max-width: 640px) 100vw, 600px\" \/><\/span><\/div><\/div><\/div><\/div><\/div><div class=\"fusion-fullwidth fullwidth-box fusion-builder-row-2 fusion-flex-container has-pattern-background has-mask-background nonhundred-percent-fullwidth non-hundred-percent-height-scrolling\" style=\"--awb-border-radius-top-left:0px;--awb-border-radius-top-right:0px;--awb-border-radius-bottom-right:0px;--awb-border-radius-bottom-left:0px;--awb-padding-top:60px;--awb-padding-bottom:60px;--awb-background-color:var(--awb-color2);--awb-flex-wrap:wrap;\" ><div class=\"fusion-builder-row fusion-row fusion-flex-align-items-flex-start fusion-flex-content-wrap\" style=\"max-width:1248px;margin-left: calc(-4% \/ 2 );margin-right: calc(-4% \/ 2 );\"><div class=\"fusion-layout-column fusion_builder_column fusion-builder-column-2 fusion_builder_column_1_1 1_1 fusion-flex-column\" style=\"--awb-bg-size:cover;--awb-width-large:100%;--awb-margin-top-large:0px;--awb-spacing-right-large:1.92%;--awb-margin-bottom-large:20px;--awb-spacing-left-large:1.92%;--awb-width-medium:100%;--awb-order-medium:0;--awb-spacing-right-medium:1.92%;--awb-spacing-left-medium:1.92%;--awb-width-small:100%;--awb-order-small:0;--awb-spacing-right-small:1.92%;--awb-spacing-left-small:1.92%;\"><div class=\"fusion-column-wrapper fusion-column-has-shadow fusion-flex-justify-content-flex-start fusion-content-layout-column\"><div class=\"fusion-title title fusion-title-2 fusion-sep-none fusion-title-text fusion-title-size-three\" style=\"--awb-text-color:var(--awb-color7);--awb-margin-top-small:10px;--awb-margin-right-small:0px;--awb-margin-bottom-small:10px;--awb-margin-left-small:0px;--awb-sep-color:var(--awb-color8);\"><h3 class=\"fusion-title-heading title-heading-left\" style=\"font-family:&quot;Oswald&quot;;font-style:normal;font-weight:400;margin:0;\">\u00c0 quoi s&rsquo;attendre de nos services de consultation de crise \u00e0 Ottawa<\/h3><\/div><div class=\"fusion-separator fusion-full-width-sep\" style=\"align-self: center;margin-left: auto;margin-right: auto;margin-top:30px;width:100%;\"><\/div><div class=\"fusion-text fusion-text-2\"><p><span style=\"font-weight: 400;\">Nos s\u00e9ances de consultation de crise sont con\u00e7ues pour offrir un soutien \u00e9motionnel imm\u00e9diat ainsi que des strat\u00e9gies pratiques pour vous aider \u00e0 g\u00e9rer votre situation actuelle.<\/span><\/p>\n<p><span style=\"font-weight: 400;\">Pendant la s\u00e9ance, les interventions visent \u00e0 :<\/span><\/p>\n<ul>\n<li style=\"font-weight: 400;\" aria-level=\"1\"><span style=\"font-weight: 400;\">\u00c9couter vos pr\u00e9occupations avec empathie et compr\u00e9hension.<\/span><\/li>\n<li style=\"font-weight: 400;\" aria-level=\"1\"><span style=\"font-weight: 400;\">Vous aider \u00e0 cerner et \u00e0 aborder les causes de votre d\u00e9tresse.<\/span><\/li>\n<li style=\"font-weight: 400;\" aria-level=\"1\"><span style=\"font-weight: 400;\">Fournir des strat\u00e9gies pour l\u2019anxi\u00e9t\u00e9, le stress et la r\u00e9gulation \u00e9motionnelle.<\/span><\/li>\n<li style=\"font-weight: 400;\" aria-level=\"1\"><span style=\"font-weight: 400;\">\u00c9laborer un plan de soutien et de suivi, au besoin (s\u00e9ances de suivi avec nous, organismes jeunesse, services communautaires ou lignes d\u2019aide).<\/span><\/li>\n<li style=\"font-weight: 400;\" aria-level=\"1\"><span style=\"font-weight: 400;\">Offrir des r\u00e9f\u00e9rences vers des ressources communautaires ou d\u2019autres services (p. ex. th\u00e9rapie de groupe ou groupes de soutien) pour la continuit\u00e9 des soins.<\/span><\/li>\n<\/ul>\n<\/div><\/div><\/div><\/div><\/div><div class=\"fusion-fullwidth fullwidth-box fusion-builder-row-3 fusion-flex-container has-pattern-background has-mask-background nonhundred-percent-fullwidth non-hundred-percent-height-scrolling\" style=\"--awb-border-radius-top-left:0px;--awb-border-radius-top-right:0px;--awb-border-radius-bottom-right:0px;--awb-border-radius-bottom-left:0px;--awb-padding-top:60px;--awb-padding-bottom:60px;--awb-background-color:var(--awb-color1);--awb-flex-wrap:wrap;\" ><div class=\"fusion-builder-row fusion-row fusion-flex-align-items-flex-start fusion-flex-content-wrap\" style=\"max-width:1248px;margin-left: calc(-4% \/ 2 );margin-right: calc(-4% \/ 2 );\"><div class=\"fusion-layout-column fusion_builder_column fusion-builder-column-3 fusion_builder_column_1_1 1_1 fusion-flex-column\" style=\"--awb-bg-size:cover;--awb-width-large:100%;--awb-margin-top-large:0px;--awb-spacing-right-large:1.92%;--awb-margin-bottom-large:20px;--awb-spacing-left-large:1.92%;--awb-width-medium:100%;--awb-order-medium:0;--awb-spacing-right-medium:1.92%;--awb-spacing-left-medium:1.92%;--awb-width-small:100%;--awb-order-small:0;--awb-spacing-right-small:1.92%;--awb-spacing-left-small:1.92%;\"><div class=\"fusion-column-wrapper fusion-column-has-shadow fusion-flex-justify-content-flex-start fusion-content-layout-column\"><div class=\"fusion-title title fusion-title-3 fusion-sep-none fusion-title-text fusion-title-size-three\" style=\"--awb-text-color:var(--awb-color7);--awb-margin-top-small:10px;--awb-margin-right-small:0px;--awb-margin-bottom-small:10px;--awb-margin-left-small:0px;--awb-sep-color:var(--awb-color8);\"><h3 class=\"fusion-title-heading title-heading-left\" style=\"font-family:&quot;Oswald&quot;;font-style:normal;font-weight:400;margin:0;\">Comment acc\u00e9der \u00e0 nos services de consultation de crise en personne et en ligne<\/h3><\/div><div class=\"fusion-separator fusion-full-width-sep\" style=\"align-self: center;margin-left: auto;margin-right: auto;margin-top:30px;width:100%;\"><\/div><div class=\"fusion-text fusion-text-3\"><p><span style=\"font-weight: 400;\">Si vous ou un proche vivez une crise de sant\u00e9 mentale, n&rsquo;h\u00e9sitez pas \u00e0 nous contacter. Appelez le (613-404-5004) ou <\/span><strong><a href=\"https:\/\/www.ottawatherapygroup.ca\/fr\/contact\/\">contactez-nous en ligne<\/a><\/strong><span style=\"font-weight: 400;\"> pour prendre rendez-vous.<\/span><\/p>\n<p><span style=\"font-weight: 400;\">Chez Groupe de Th\u00e9rapie d&rsquo;Ottawa, nous nous engageons \u00e0 \u00eatre pr\u00e9sents pour vous dans les moments les plus difficiles de la vie. Notre service de consultation de crise est con\u00e7u pour offrir un espace de soutien et de gu\u00e9rison aux enfants et aux jeunes, aux adultes ou aux familles.<\/span><\/p>\n<p><span style=\"font-weight: 400;\">Gr\u00e2ce \u00e0 des services offerts par des professionnels exp\u00e9riment\u00e9s, nous reconnaissons l&rsquo;importance d&rsquo;obtenir de l&rsquo;aide et nous vous mettons en lien avec l&rsquo;information et les organismes qui peuvent continuer \u00e0 vous soutenir \u00e0 Ottawa, en Ontario et ailleurs.<\/span><\/p>\n<\/div><\/div><\/div><\/div><\/div><div class=\"fusion-fullwidth fullwidth-box fusion-builder-row-4 fusion-flex-container has-pattern-background has-mask-background nonhundred-percent-fullwidth non-hundred-percent-height-scrolling\" style=\"--awb-border-radius-top-left:0px;--awb-border-radius-top-right:0px;--awb-border-radius-bottom-right:0px;--awb-border-radius-bottom-left:0px;--awb-padding-top:60px;--awb-padding-bottom:60px;--awb-background-color:var(--awb-color2);--awb-flex-wrap:wrap;\" ><div class=\"fusion-builder-row fusion-row fusion-flex-align-items-flex-start fusion-flex-content-wrap\" style=\"max-width:1248px;margin-left: calc(-4% \/ 2 );margin-right: calc(-4% \/ 2 );\"><div class=\"fusion-layout-column fusion_builder_column fusion-builder-column-4 fusion_builder_column_1_1 1_1 fusion-flex-column\" style=\"--awb-bg-size:cover;--awb-width-large:100%;--awb-margin-top-large:0px;--awb-spacing-right-large:1.92%;--awb-margin-bottom-large:20px;--awb-spacing-left-large:1.92%;--awb-width-medium:100%;--awb-order-medium:0;--awb-spacing-right-medium:1.92%;--awb-spacing-left-medium:1.92%;--awb-width-small:100%;--awb-order-small:0;--awb-spacing-right-small:1.92%;--awb-spacing-left-small:1.92%;\"><div class=\"fusion-column-wrapper fusion-column-has-shadow fusion-flex-justify-content-flex-start fusion-content-layout-column\"><div class=\"fusion-title title fusion-title-4 fusion-sep-none fusion-title-text fusion-title-size-three\" style=\"--awb-text-color:var(--awb-color7);--awb-margin-top-small:10px;--awb-margin-right-small:0px;--awb-margin-bottom-small:10px;--awb-margin-left-small:0px;--awb-sep-color:var(--awb-color8);\"><h3 class=\"fusion-title-heading title-heading-left\" style=\"font-family:&quot;Oswald&quot;;font-style:normal;font-weight:400;margin:0;\">Groupe de Th\u00e9rapie d&rsquo;Ottawa\u2013 Votre partenaire de confiance en temps de crise<\/h3><\/div><div class=\"fusion-separator fusion-full-width-sep\" style=\"align-self: center;margin-left: auto;margin-right: auto;margin-top:30px;width:100%;\"><\/div><div class=\"fusion-text fusion-text-4\"><p><span style=\"font-weight: 400;\">Nous sommes d\u00e9vou\u00e9s \u00e0 offrir un service compatissant et confidentiel aux individus ou aux couples en situation de crise. Gr\u00e2ce \u00e0 nos options flexibles en personne et virtuelles, nous sommes l\u00e0 pour vous.&nbsp;<\/span><\/p>\n<p><span style=\"font-weight: 400;\">Que vous ayez \u00e9t\u00e9 r\u00e9f\u00e9r\u00e9 ou que vous nous contactiez pour la premi\u00e8re fois, nous cr\u00e9ons un espace accueillant et ouvert pour explorer les moyens de gu\u00e9rir, avec des services comme <\/span><strong><a href=\"https:\/\/www.ottawatherapygroup.ca\/fr\/services-fr\/conseils-matrimoniaux\/\">la consultation matrimoniale<\/a><\/strong><span style=\"font-weight: 400;\"> et <\/span><strong><a href=\"https:\/\/www.ottawatherapygroup.ca\/fr\/services-fr\/organisations\/\">la consultation organisationnelle<\/a><\/strong><span style=\"font-weight: 400;\">.<\/span><\/p>\n<\/div><\/div><\/div><\/div><\/div><\/p>\n","protected":false},"excerpt":{"rendered":"","protected":false},"author":1,"featured_media":0,"parent":270,"menu_order":0,"comment_status":"closed","ping_status":"closed","template":"100-width.php","meta":{"footnotes":""},"class_list":["post-1974","page","type-page","status-publish","hentry"],"yoast_head":"<!-- This site is optimized with the Yoast SEO plugin v27.4 - https:\/\/yoast.com\/product\/yoast-seo-wordpress\/ -->\n<title>Consultation de crise \u00e0 Ottawa - Ottawa Therapy Group<\/title>\n<meta name=\"description\" content=\"Groupe de Th\u00e9rapie d&#039;Ottawa offre des services de consultation de crise \u00e0 Ottawa. S\u00e9ances confidentielles, en personne ou en ligne.\" \/>\n<meta name=\"robots\" content=\"index, follow, max-snippet:-1, max-image-preview:large, max-video-preview:-1\" \/>\n<link rel=\"canonical\" href=\"https:\/\/www.ottawatherapygroup.ca\/fr\/services-fr\/consultations-de-crise-service\/\" \/>\n<meta property=\"og:locale\" content=\"fr_CA\" \/>\n<meta property=\"og:type\" content=\"article\" \/>\n<meta property=\"og:title\" content=\"Consultation de crise \u00e0 Ottawa - Ottawa Therapy Group\" \/>\n<meta property=\"og:description\" content=\"Groupe de Th\u00e9rapie d&#039;Ottawa offre des services de consultation de crise \u00e0 Ottawa. S\u00e9ances confidentielles, en personne ou en ligne.\" \/>\n<meta property=\"og:url\" content=\"https:\/\/www.ottawatherapygroup.ca\/fr\/services-fr\/consultations-de-crise-service\/\" \/>\n<meta property=\"og:site_name\" content=\"Excellence in Psychotherapy - Ottawa Therapy Group\" \/>\n<meta property=\"article:modified_time\" content=\"2025-09-02T19:06:10+00:00\" \/>\n<meta name=\"twitter:card\" content=\"summary_large_image\" \/>\n<meta name=\"twitter:label1\" content=\"Estimation du temps de lecture\" \/>\n\t<meta name=\"twitter:data1\" content=\"2 minutes\" \/>\n<script type=\"application\/ld+json\" class=\"yoast-schema-graph\">{\"@context\":\"https:\\\/\\\/schema.org\",\"@graph\":[{\"@type\":\"WebPage\",\"@id\":\"https:\\\/\\\/www.ottawatherapygroup.ca\\\/fr\\\/services-fr\\\/consultations-de-crise-service\\\/\",\"url\":\"https:\\\/\\\/www.ottawatherapygroup.ca\\\/fr\\\/services-fr\\\/consultations-de-crise-service\\\/\",\"name\":\"Consultation de crise \u00e0 Ottawa - Ottawa Therapy Group\",\"isPartOf\":{\"@id\":\"https:\\\/\\\/www.ottawatherapygroup.ca\\\/fr\\\/#website\"},\"datePublished\":\"2025-04-08T18:21:07+00:00\",\"dateModified\":\"2025-09-02T19:06:10+00:00\",\"description\":\"Groupe de Th\u00e9rapie d'Ottawa offre des services de consultation de crise \u00e0 Ottawa. S\u00e9ances confidentielles, en personne ou en ligne.\",\"breadcrumb\":{\"@id\":\"https:\\\/\\\/www.ottawatherapygroup.ca\\\/fr\\\/services-fr\\\/consultations-de-crise-service\\\/#breadcrumb\"},\"inLanguage\":\"fr-CA\",\"potentialAction\":[{\"@type\":\"ReadAction\",\"target\":[\"https:\\\/\\\/www.ottawatherapygroup.ca\\\/fr\\\/services-fr\\\/consultations-de-crise-service\\\/\"]}]},{\"@type\":\"BreadcrumbList\",\"@id\":\"https:\\\/\\\/www.ottawatherapygroup.ca\\\/fr\\\/services-fr\\\/consultations-de-crise-service\\\/#breadcrumb\",\"itemListElement\":[{\"@type\":\"ListItem\",\"position\":1,\"name\":\"Home\",\"item\":\"https:\\\/\\\/www.ottawatherapygroup.ca\\\/fr\\\/\"},{\"@type\":\"ListItem\",\"position\":2,\"name\":\"Services\",\"item\":\"https:\\\/\\\/www.ottawatherapygroup.ca\\\/fr\\\/services-fr\\\/\"},{\"@type\":\"ListItem\",\"position\":3,\"name\":\"Consultation de crise \u2013 Ottawa\"}]},{\"@type\":\"WebSite\",\"@id\":\"https:\\\/\\\/www.ottawatherapygroup.ca\\\/fr\\\/#website\",\"url\":\"https:\\\/\\\/www.ottawatherapygroup.ca\\\/fr\\\/\",\"name\":\"Excellence in Psychotherapy - Ottawa Therapy Group\",\"description\":\"\",\"potentialAction\":[{\"@type\":\"SearchAction\",\"target\":{\"@type\":\"EntryPoint\",\"urlTemplate\":\"https:\\\/\\\/www.ottawatherapygroup.ca\\\/fr\\\/?s={search_term_string}\"},\"query-input\":{\"@type\":\"PropertyValueSpecification\",\"valueRequired\":true,\"valueName\":\"search_term_string\"}}],\"inLanguage\":\"fr-CA\"}]}<\/script>\n<!-- \/ Yoast SEO plugin. -->","yoast_head_json":{"title":"Consultation de crise \u00e0 Ottawa - Ottawa Therapy Group","description":"Groupe de Th\u00e9rapie d'Ottawa offre des services de consultation de crise \u00e0 Ottawa. S\u00e9ances confidentielles, en personne ou en ligne.","robots":{"index":"index","follow":"follow","max-snippet":"max-snippet:-1","max-image-preview":"max-image-preview:large","max-video-preview":"max-video-preview:-1"},"canonical":"https:\/\/www.ottawatherapygroup.ca\/fr\/services-fr\/consultations-de-crise-service\/","og_locale":"fr_CA","og_type":"article","og_title":"Consultation de crise \u00e0 Ottawa - Ottawa Therapy Group","og_description":"Groupe de Th\u00e9rapie d'Ottawa offre des services de consultation de crise \u00e0 Ottawa. S\u00e9ances confidentielles, en personne ou en ligne.","og_url":"https:\/\/www.ottawatherapygroup.ca\/fr\/services-fr\/consultations-de-crise-service\/","og_site_name":"Excellence in Psychotherapy - Ottawa Therapy Group","article_modified_time":"2025-09-02T19:06:10+00:00","twitter_card":"summary_large_image","twitter_misc":{"Estimation du temps de lecture":"2 minutes"},"schema":{"@context":"https:\/\/schema.org","@graph":[{"@type":"WebPage","@id":"https:\/\/www.ottawatherapygroup.ca\/fr\/services-fr\/consultations-de-crise-service\/","url":"https:\/\/www.ottawatherapygroup.ca\/fr\/services-fr\/consultations-de-crise-service\/","name":"Consultation de crise \u00e0 Ottawa - Ottawa Therapy Group","isPartOf":{"@id":"https:\/\/www.ottawatherapygroup.ca\/fr\/#website"},"datePublished":"2025-04-08T18:21:07+00:00","dateModified":"2025-09-02T19:06:10+00:00","description":"Groupe de Th\u00e9rapie d'Ottawa offre des services de consultation de crise \u00e0 Ottawa. S\u00e9ances confidentielles, en personne ou en ligne.","breadcrumb":{"@id":"https:\/\/www.ottawatherapygroup.ca\/fr\/services-fr\/consultations-de-crise-service\/#breadcrumb"},"inLanguage":"fr-CA","potentialAction":[{"@type":"ReadAction","target":["https:\/\/www.ottawatherapygroup.ca\/fr\/services-fr\/consultations-de-crise-service\/"]}]},{"@type":"BreadcrumbList","@id":"https:\/\/www.ottawatherapygroup.ca\/fr\/services-fr\/consultations-de-crise-service\/#breadcrumb","itemListElement":[{"@type":"ListItem","position":1,"name":"Home","item":"https:\/\/www.ottawatherapygroup.ca\/fr\/"},{"@type":"ListItem","position":2,"name":"Services","item":"https:\/\/www.ottawatherapygroup.ca\/fr\/services-fr\/"},{"@type":"ListItem","position":3,"name":"Consultation de crise \u2013 Ottawa"}]},{"@type":"WebSite","@id":"https:\/\/www.ottawatherapygroup.ca\/fr\/#website","url":"https:\/\/www.ottawatherapygroup.ca\/fr\/","name":"Excellence in Psychotherapy - Ottawa Therapy Group","description":"","potentialAction":[{"@type":"SearchAction","target":{"@type":"EntryPoint","urlTemplate":"https:\/\/www.ottawatherapygroup.ca\/fr\/?s={search_term_string}"},"query-input":{"@type":"PropertyValueSpecification","valueRequired":true,"valueName":"search_term_string"}}],"inLanguage":"fr-CA"}]}},"_links":{"self":[{"href":"https:\/\/www.ottawatherapygroup.ca\/fr\/wp-json\/wp\/v2\/pages\/1974","targetHints":{"allow":["GET"]}}],"collection":[{"href":"https:\/\/www.ottawatherapygroup.ca\/fr\/wp-json\/wp\/v2\/pages"}],"about":[{"href":"https:\/\/www.ottawatherapygroup.ca\/fr\/wp-json\/wp\/v2\/types\/page"}],"author":[{"embeddable":true,"href":"https:\/\/www.ottawatherapygroup.ca\/fr\/wp-json\/wp\/v2\/users\/1"}],"replies":[{"embeddable":true,"href":"https:\/\/www.ottawatherapygroup.ca\/fr\/wp-json\/wp\/v2\/comments?post=1974"}],"version-history":[{"count":0,"href":"https:\/\/www.ottawatherapygroup.ca\/fr\/wp-json\/wp\/v2\/pages\/1974\/revisions"}],"up":[{"embeddable":true,"href":"https:\/\/www.ottawatherapygroup.ca\/fr\/wp-json\/wp\/v2\/pages\/270"}],"wp:attachment":[{"href":"https:\/\/www.ottawatherapygroup.ca\/fr\/wp-json\/wp\/v2\/media?parent=1974"}],"curies":[{"name":"wp","href":"https:\/\/api.w.org\/{rel}","templated":true}]}}