{"id":2021,"date":"2025-05-01T11:06:28","date_gmt":"2025-05-01T15:06:28","guid":{"rendered":"https:\/\/www.ottawatherapygroup.ca\/lieux\/counselling-services-newfoundland\/"},"modified":"2025-11-24T15:15:20","modified_gmt":"2025-11-24T20:15:20","slug":"counselling-services-services-de-counseling-terre-neuve","status":"publish","type":"page","link":"https:\/\/www.ottawatherapygroup.ca\/fr\/lieux\/counselling-services-services-de-counseling-terre-neuve\/","title":{"rendered":"COUNSELING TERRE-NEUVE : DES SERVICES DE TH\u00c9RAPIE EN LIGNE"},"content":{"rendered":"<p><div class=\"fusion-fullwidth fullwidth-box fusion-builder-row-1 fusion-flex-container has-pattern-background has-mask-background nonhundred-percent-fullwidth non-hundred-percent-height-scrolling\" style=\"--awb-border-radius-top-left:0px;--awb-border-radius-top-right:0px;--awb-border-radius-bottom-right:0px;--awb-border-radius-bottom-left:0px;--awb-padding-top:70px;--awb-padding-bottom:70px;--awb-flex-wrap:wrap;\" ><div class=\"fusion-builder-row fusion-row fusion-flex-align-items-center fusion-flex-justify-content-center fusion-flex-content-wrap\" style=\"max-width:1248px;margin-left: calc(-4% \/ 2 );margin-right: calc(-4% \/ 2 );\"><div class=\"fusion-layout-column fusion_builder_column fusion-builder-column-0 fusion_builder_column_1_2 1_2 fusion-flex-column\" style=\"--awb-bg-size:cover;--awb-width-large:50%;--awb-margin-top-large:0px;--awb-spacing-right-large:3.84%;--awb-margin-bottom-large:20px;--awb-spacing-left-large:3.84%;--awb-width-medium:50%;--awb-order-medium:0;--awb-spacing-right-medium:3.84%;--awb-spacing-left-medium:3.84%;--awb-width-small:100%;--awb-order-small:0;--awb-spacing-right-small:1.92%;--awb-spacing-left-small:1.92%;\" data-scroll-devices=\"small-visibility,medium-visibility,large-visibility\"><div class=\"fusion-column-wrapper fusion-column-has-shadow fusion-flex-justify-content-flex-start fusion-content-layout-column\"><div class=\"fusion-title title fusion-title-1 fusion-sep-none fusion-title-text fusion-title-size-two\" style=\"--awb-text-color:var(--awb-color5);--awb-margin-top-small:10px;--awb-margin-right-small:0px;--awb-margin-bottom-small:10px;--awb-margin-left-small:0px;--awb-sep-color:var(--awb-color8);\"><h2 class=\"fusion-title-heading title-heading-left\" style=\"font-family:&quot;Oswald&quot;;font-style:normal;font-weight:400;margin:0;\">TH\u00c9RAPIE EN LIGNE : UN SOUTIEN FLEXIBLE PARTOUT \u00c0 TERRE-NEUVE<\/h2><\/div><div class=\"fusion-text fusion-text-1\" style=\"--awb-content-alignment:left;\"><div class=\"uk-panel uk-margin\">\n<p>&nbsp;<\/p>\n<p><span style=\"font-weight: 400;\">Trouver un soutien en sant\u00e9 mentale \u00e0 Terre-Neuve peut parfois sembler difficile \u2014 surtout avec des horaires charg\u00e9s, de longues distances entre les communaut\u00e9s, et une m\u00e9t\u00e9o impr\u00e9visible qui complique les d\u00e9placements. Chez Ottawa Therapy Group, nous croyons que tout le monde m\u00e9rite d\u2019avoir acc\u00e8s \u00e0 des soins professionnels et empreints de compassion, peu importe o\u00f9 il se trouve. C\u2019est pourquoi nos services de counseling sont con\u00e7us pour vous rejoindre l\u00e0 o\u00f9 vous \u00eates, gr\u00e2ce \u00e0 des s\u00e9ances en ligne s\u00e9curis\u00e9es et accessibles.<\/span><\/p>\n<p><span style=\"font-weight: 400;\">Que vous soyez \u00e0 St. John\u2019s, Corner Brook, Gander ou dans une petite communaut\u00e9 c\u00f4ti\u00e8re, nos options de th\u00e9rapie en ligne sont l\u00e0 pour vous aider \u00e0 avancer lorsque vous vous sentez bloqu\u00e9.<\/span><\/p>\n<p><span style=\"font-weight: 400;\">Nos services de th\u00e9rapie en ligne mettent des th\u00e9rapeutes licenci\u00e9s et exp\u00e9riment\u00e9s directement \u00e0 votre port\u00e9e \u2014 en \u00e9liminant les obstacles qui peuvent rendre difficile l\u2019acc\u00e8s \u00e0 des s\u00e9ances en personne. Vous m\u00e9ritez des soins de qualit\u00e9 qui s\u2019adaptent \u00e0 votre vie, et non l\u2019inverse.<\/span><\/p>\n<p><span style=\"font-weight: 400;\">Si vous cherchez des options de counseling \u00e0 Terre-Neuve, vous trouverez chez nous un espace accueillant. Nos professionnels en sant\u00e9 mentale sont pr\u00eats \u00e0 vous accompagner \u00e0 travers les d\u00e9fis \u00e9motionnels de la vie avec des approches th\u00e9rapeutiques fond\u00e9es sur des donn\u00e9es probantes et ax\u00e9es sur des solutions, tout cela dans le confort et la confidentialit\u00e9 de votre maison.<\/span><\/p>\n<p><span style=\"font-weight: 400;\">D\u00e9couvrez notre<\/span><a href=\"https:\/\/www.ottawatherapygroup.ca\/fr\/\" data-wplink-edit=\"true\"><span style=\"font-weight: 400;\"> centre de counseling et de psychoth\u00e9rapie<\/span><\/a><span style=\"font-weight: 400;\">.<\/span><\/p>\n<\/div>\n<\/div><\/div><\/div><div class=\"fusion-layout-column fusion_builder_column fusion-builder-column-1 fusion_builder_column_1_2 1_2 fusion-flex-column fusion-column-inner-bg-wrapper fusion-column-liftup-border\" style=\"--awb-inner-bg-size:cover;--awb-width-large:50%;--awb-margin-top-large:0px;--awb-spacing-right-large:3.84%;--awb-margin-bottom-large:20px;--awb-spacing-left-large:3.84%;--awb-width-medium:50%;--awb-order-medium:0;--awb-spacing-right-medium:3.84%;--awb-spacing-left-medium:3.84%;--awb-width-small:100%;--awb-order-small:0;--awb-spacing-right-small:1.92%;--awb-spacing-left-small:1.92%;\" data-scroll-devices=\"small-visibility,medium-visibility,large-visibility\"><span class=\"fusion-column-inner-bg hover-type-liftup\"><span class=\"fusion-column-anchor\"><span class=\"fusion-column-inner-bg-image\"><\/span><\/span><\/span><div class=\"fusion-column-wrapper fusion-flex-justify-content-flex-start fusion-content-layout-column\"><div class=\"fusion-image-element \" style=\"--awb-caption-title-font-family:var(--h2_typography-font-family);--awb-caption-title-font-weight:var(--h2_typography-font-weight);--awb-caption-title-font-style:var(--h2_typography-font-style);--awb-caption-title-size:var(--h2_typography-font-size);--awb-caption-title-transform:var(--h2_typography-text-transform);--awb-caption-title-line-height:var(--h2_typography-line-height);--awb-caption-title-letter-spacing:var(--h2_typography-letter-spacing);\"><span class=\" fusion-imageframe imageframe-none imageframe-1 hover-type-none\"><img decoding=\"async\" width=\"900\" height=\"675\" alt=\"Th\u00e9rapie En Ligne\/Virtuelle\" title=\"2-ae969dce\" src=\"https:\/\/www.ottawatherapygroup.ca\/wp-content\/uploads\/2024\/05\/2-ae969dce.webp\" class=\"img-responsive wp-image-191\" srcset=\"https:\/\/www.ottawatherapygroup.ca\/wp-content\/uploads\/2024\/05\/2-ae969dce-200x150.webp 200w, https:\/\/www.ottawatherapygroup.ca\/wp-content\/uploads\/2024\/05\/2-ae969dce-400x300.webp 400w, https:\/\/www.ottawatherapygroup.ca\/wp-content\/uploads\/2024\/05\/2-ae969dce-600x450.webp 600w, https:\/\/www.ottawatherapygroup.ca\/wp-content\/uploads\/2024\/05\/2-ae969dce-800x600.webp 800w, https:\/\/www.ottawatherapygroup.ca\/wp-content\/uploads\/2024\/05\/2-ae969dce.webp 900w\" sizes=\"(max-width: 640px) 100vw, 600px\" \/><\/span><\/div><\/div><\/div><\/div><\/div><div class=\"fusion-fullwidth fullwidth-box fusion-builder-row-2 fusion-flex-container has-pattern-background has-mask-background nonhundred-percent-fullwidth non-hundred-percent-height-scrolling\" style=\"--awb-border-radius-top-left:0px;--awb-border-radius-top-right:0px;--awb-border-radius-bottom-right:0px;--awb-border-radius-bottom-left:0px;--awb-padding-top:60px;--awb-padding-bottom:60px;--awb-background-color:var(--awb-color2);--awb-flex-wrap:wrap;\" ><div class=\"fusion-builder-row fusion-row fusion-flex-align-items-flex-start fusion-flex-content-wrap\" style=\"max-width:1248px;margin-left: calc(-4% \/ 2 );margin-right: calc(-4% \/ 2 );\"><div class=\"fusion-layout-column fusion_builder_column fusion-builder-column-2 fusion_builder_column_1_1 1_1 fusion-flex-column\" style=\"--awb-bg-size:cover;--awb-width-large:100%;--awb-margin-top-large:0px;--awb-spacing-right-large:1.92%;--awb-margin-bottom-large:20px;--awb-spacing-left-large:1.92%;--awb-width-medium:100%;--awb-order-medium:0;--awb-spacing-right-medium:1.92%;--awb-spacing-left-medium:1.92%;--awb-width-small:100%;--awb-order-small:0;--awb-spacing-right-small:1.92%;--awb-spacing-left-small:1.92%;\"><div class=\"fusion-column-wrapper fusion-column-has-shadow fusion-flex-justify-content-flex-start fusion-content-layout-column\"><div class=\"fusion-title title fusion-title-2 fusion-sep-none fusion-title-text fusion-title-size-three\" style=\"--awb-text-color:var(--awb-color7);--awb-margin-top-small:10px;--awb-margin-right-small:0px;--awb-margin-bottom-small:10px;--awb-margin-left-small:0px;--awb-sep-color:var(--awb-color8);\"><h3 class=\"fusion-title-heading title-heading-left\" style=\"font-family:&quot;Oswald&quot;;font-style:normal;font-weight:400;margin:0;\">S\u00c9ANCES DE TH\u00c9RAPIE EN LIGNE : COMMODIT\u00c9, CONFORT ET ACCESSIBILIT\u00c9<\/h3><\/div><div class=\"fusion-separator fusion-full-width-sep\" style=\"align-self: center;margin-left: auto;margin-right: auto;margin-top:30px;width:100%;\"><\/div><div class=\"fusion-text fusion-text-2\"><p><span style=\"font-weight: 400;\">Nos s\u00e9ances virtuelles offrent le m\u00eame niveau de soin professionnel et d&rsquo;attention que les rencontres en personne, tout en vous donnant la libert\u00e9 d\u2019int\u00e9grer la th\u00e9rapie dans votre quotidien.<\/span><\/p>\n<p><span style=\"font-weight: 400;\">La th\u00e9rapie en ligne est particuli\u00e8rement utile pour les personnes qui :<\/span><\/p>\n<ul>\n<li><span style=\"font-weight: 400;\">Ont des horaires de travail impr\u00e9visibles ou charg\u00e9s<\/span><\/li>\n<li><span style=\"font-weight: 400;\">Vivent avec des probl\u00e8mes de mobilit\u00e9 ou des maladies chroniques<\/span><\/li>\n<li><span style=\"font-weight: 400;\">Traversent des situations sociales ou familiales complexes<\/span><\/li>\n<li><span style=\"font-weight: 400;\">Habitent dans des r\u00e9gions rurales ou \u00e9loign\u00e9es de Terre-Neuve<\/span><\/li>\n<\/ul>\n<p><span style=\"font-weight: 400;\">Nos services de counseling Terre-Neuve sont con\u00e7us pour simplifier votre vie, pas l&rsquo;alourdir. Que vous g\u00e9riez une d\u00e9pression, luttiez contre l&rsquo;anxi\u00e9t\u00e9, affrontiez du stress, travailliez \u00e0 la gu\u00e9rison d&rsquo;un traumatisme ou traitiez des troubles alimentaires, nous sommes l\u00e0 pour vous accompagner, tant physiquement qu\u2019\u00e9motionnellement.<\/span><\/p>\n<p><span style=\"font-weight: 400;\">Gr\u00e2ce \u00e0 la th\u00e9rapie virtuelle, vous pouvez travailler \u00e0 votre gestion du stress, renforcer vos comp\u00e9tences d\u2019adaptation et am\u00e9liorer votre sant\u00e9 mentale globale, sans avoir \u00e0 quitter votre domicile.<\/span><\/p>\n<\/div><\/div><\/div><div class=\"fusion-layout-column fusion_builder_column fusion-builder-column-3 fusion_builder_column_1_1 1_1 fusion-flex-column\" style=\"--awb-bg-size:cover;--awb-width-large:100%;--awb-margin-top-large:0px;--awb-spacing-right-large:1.92%;--awb-margin-bottom-large:20px;--awb-spacing-left-large:1.92%;--awb-width-medium:100%;--awb-order-medium:0;--awb-spacing-right-medium:1.92%;--awb-spacing-left-medium:1.92%;--awb-width-small:100%;--awb-order-small:0;--awb-spacing-right-small:1.92%;--awb-spacing-left-small:1.92%;\"><div class=\"fusion-column-wrapper fusion-column-has-shadow fusion-flex-justify-content-flex-start fusion-content-layout-column\"><div class=\"fusion-title title fusion-title-3 fusion-sep-none fusion-title-text fusion-title-size-three\" style=\"--awb-text-color:var(--awb-color7);--awb-margin-top-small:10px;--awb-margin-right-small:0px;--awb-margin-bottom-small:10px;--awb-margin-left-small:0px;--awb-sep-color:var(--awb-color8);\"><h3 class=\"fusion-title-heading title-heading-left\" style=\"font-family:&quot;Oswald&quot;;font-style:normal;font-weight:400;margin:0;\">S\u00c9CURIT\u00c9 ET CONFIDENTIALIT\u00c9 : NOTRE PRIORIT\u00c9<\/h3><\/div><div class=\"fusion-separator fusion-full-width-sep\" style=\"align-self: center;margin-left: auto;margin-right: auto;margin-top:30px;width:100%;\"><\/div><div class=\"fusion-text fusion-text-3\"><p><span style=\"font-weight: 400;\">Lorsque vous nous confiez votre parcours en sant\u00e9 mentale, la protection de votre vie priv\u00e9e fait partie de notre engagement. Nos s\u00e9ances vid\u00e9o virtuelles sont r\u00e9alis\u00e9es via des plateformes conformes aux normes de confidentialit\u00e9 de la PHIPA et de la LPRPDE, assurant que vos informations restent strictement confidentielles.<\/span><\/p>\n<p><span style=\"font-weight: 400;\">Vous pouvez vous concentrer pleinement sur votre gu\u00e9rison, en sachant que vos s\u00e9ances sont s\u00e9curis\u00e9es, priv\u00e9es et adapt\u00e9es \u00e0 votre confort.<\/span><\/p>\n<\/div><\/div><\/div><div class=\"fusion-layout-column fusion_builder_column fusion-builder-column-4 fusion_builder_column_1_1 1_1 fusion-flex-column\" style=\"--awb-bg-size:cover;--awb-width-large:100%;--awb-margin-top-large:0px;--awb-spacing-right-large:1.92%;--awb-margin-bottom-large:20px;--awb-spacing-left-large:1.92%;--awb-width-medium:100%;--awb-order-medium:0;--awb-spacing-right-medium:1.92%;--awb-spacing-left-medium:1.92%;--awb-width-small:100%;--awb-order-small:0;--awb-spacing-right-small:1.92%;--awb-spacing-left-small:1.92%;\"><div class=\"fusion-column-wrapper fusion-column-has-shadow fusion-flex-justify-content-flex-start fusion-content-layout-column\"><div class=\"fusion-title title fusion-title-4 fusion-sep-none fusion-title-text fusion-title-size-three\" style=\"--awb-text-color:var(--awb-color7);--awb-margin-top-small:10px;--awb-margin-right-small:0px;--awb-margin-bottom-small:10px;--awb-margin-left-small:0px;--awb-sep-color:var(--awb-color8);\"><h3 class=\"fusion-title-heading title-heading-left\" style=\"font-family:&quot;Oswald&quot;;font-style:normal;font-weight:400;margin:0;\">SOUTENIR LES NOUVEAUX CLIENTS PARTOUT \u00c0 TERRE-NEUVE<\/h3><\/div><div class=\"fusion-separator fusion-full-width-sep\" style=\"align-self: center;margin-left: auto;margin-right: auto;margin-top:30px;width:100%;\"><\/div><div class=\"fusion-text fusion-text-4\"><p><span style=\"font-weight: 400;\">Chez Ottawa Therapy Group, notre mission est simple : offrir des soins de qualit\u00e9 accessibles \u00e0 tous.<\/span><\/p>\n<p><span style=\"font-weight: 400;\">En proposant des s\u00e9ances en ligne s\u00e9curis\u00e9es, nous \u00e9largissons l&rsquo;acc\u00e8s \u00e0 nos th\u00e9rapeutes experts et rendons la th\u00e9rapie significative et fond\u00e9e sur des preuves disponible partout \u00e0 Terre-Neuve-et-Labrador. Que vous cherchiez de l&rsquo;aide pour des transitions de vie, des sympt\u00f4mes de troubles de sant\u00e9 mentale, des dynamiques familiales complexes ou votre propre cheminement personnel, notre \u00e9quipe est l\u00e0 pour vous soutenir.<\/span><\/p>\n<p><span style=\"font-weight: 400;\">Nous accueillons de nouveaux clients de toute la province. En plus du counseling individuel, nous offrons \u00e9galement des <\/span><a href=\"https:\/\/www.ottawatherapygroup.ca\/fr\/services-fr\/conseil-de-couple\/\"><span style=\"font-weight: 400;\">services de counseling de couple<\/span><\/a><span style=\"font-weight: 400;\">, du <\/span><a href=\"https:\/\/www.ottawatherapygroup.ca\/fr\/services-fr\/orientation-professionnelle\/\"><span style=\"font-weight: 400;\">counseling de carri\u00e8re<\/span><\/a><span style=\"font-weight: 400;\">, ainsi que des services sp\u00e9cialis\u00e9s pour les familles et les enfants.<\/span><\/p>\n<p><span style=\"font-weight: 400;\">Notre \u00e9quipe de <\/span><a href=\"https:\/\/www.ottawatherapygroup.ca\/fr\/therapeutes\/\"><span style=\"font-weight: 400;\">th\u00e9rapeutes<\/span><\/a><span style=\"font-weight: 400;\"> attentionn\u00e9s peut vous aider \u00e0 traverser une vari\u00e9t\u00e9 de d\u00e9fis \u00e9motionnels et pratiques avec professionnalisme, empathie et un souci de solutions concr\u00e8tes.<\/span><\/p>\n<p><span style=\"font-weight: 400;\">Si vous recherchez un service de counseling NL ou un psychoth\u00e9rapeute NL qui comprend le rythme unique et les r\u00e9alit\u00e9s de la vie \u00e0 Terre-Neuve, vous \u00eates au bon endroit.<\/span><\/p>\n<p><span style=\"font-weight: 400;\">Contactez-nous d\u00e8s aujourd\u2019hui pour d\u00e9couvrir comment nos services de counseling peuvent soutenir votre gu\u00e9rison, votre r\u00e9silience et votre croissance.<\/span><\/p>\n<\/div><\/div><\/div><div class=\"fusion-layout-column fusion_builder_column fusion-builder-column-5 fusion_builder_column_1_1 1_1 fusion-flex-column\" style=\"--awb-bg-size:cover;--awb-width-large:100%;--awb-margin-top-large:0px;--awb-spacing-right-large:1.92%;--awb-margin-bottom-large:20px;--awb-spacing-left-large:1.92%;--awb-width-medium:100%;--awb-order-medium:0;--awb-spacing-right-medium:1.92%;--awb-spacing-left-medium:1.92%;--awb-width-small:100%;--awb-order-small:0;--awb-spacing-right-small:1.92%;--awb-spacing-left-small:1.92%;\"><div class=\"fusion-column-wrapper fusion-column-has-shadow fusion-flex-justify-content-flex-start fusion-content-layout-column\"><div class=\"fusion-separator fusion-full-width-sep\" style=\"align-self: center;margin-left: auto;margin-right: auto;margin-top:30px;width:100%;\"><\/div><\/div><\/div><\/div><\/div><\/p>\n","protected":false},"excerpt":{"rendered":"","protected":false},"author":1,"featured_media":0,"parent":2019,"menu_order":0,"comment_status":"closed","ping_status":"closed","template":"100-width.php","meta":{"footnotes":""},"class_list":["post-2021","page","type-page","status-publish","hentry"],"yoast_head":"<!-- This site is optimized with the Yoast SEO plugin v27.4 - https:\/\/yoast.com\/product\/yoast-seo-wordpress\/ -->\n<title>Counseling Terre-Neuve - Services de th\u00e9rapie virtuelle NL | Ottawa Therapy Group<\/title>\n<meta name=\"description\" content=\"Vous cherchez des services de counseling \u00e0 Terre-Neuve ? Nous offrons des th\u00e9rapies en ligne s\u00e9curis\u00e9es et accessibles pour r\u00e9pondre \u00e0 vos besoins en sant\u00e9 mentale.\" \/>\n<meta name=\"robots\" content=\"index, follow, max-snippet:-1, max-image-preview:large, max-video-preview:-1\" \/>\n<link rel=\"canonical\" href=\"https:\/\/www.ottawatherapygroup.ca\/fr\/lieux\/counselling-services-services-de-counseling-terre-neuve\/\" \/>\n<meta property=\"og:locale\" content=\"fr_CA\" \/>\n<meta property=\"og:type\" content=\"article\" \/>\n<meta property=\"og:title\" content=\"Counseling Terre-Neuve - Services de th\u00e9rapie virtuelle NL | Ottawa Therapy Group\" \/>\n<meta property=\"og:description\" content=\"Vous cherchez des services de counseling \u00e0 Terre-Neuve ? Nous offrons des th\u00e9rapies en ligne s\u00e9curis\u00e9es et accessibles pour r\u00e9pondre \u00e0 vos besoins en sant\u00e9 mentale.\" \/>\n<meta property=\"og:url\" content=\"https:\/\/www.ottawatherapygroup.ca\/fr\/lieux\/counselling-services-services-de-counseling-terre-neuve\/\" \/>\n<meta property=\"og:site_name\" content=\"Excellence in Psychotherapy - Ottawa Therapy Group\" \/>\n<meta property=\"article:modified_time\" content=\"2025-11-24T20:15:20+00:00\" \/>\n<meta name=\"twitter:card\" content=\"summary_large_image\" \/>\n<meta name=\"twitter:label1\" content=\"Estimation du temps de lecture\" \/>\n\t<meta name=\"twitter:data1\" content=\"4 minutes\" \/>\n<script type=\"application\/ld+json\" class=\"yoast-schema-graph\">{\"@context\":\"https:\\\/\\\/schema.org\",\"@graph\":[{\"@type\":\"WebPage\",\"@id\":\"https:\\\/\\\/www.ottawatherapygroup.ca\\\/fr\\\/lieux\\\/counselling-services-services-de-counseling-terre-neuve\\\/\",\"url\":\"https:\\\/\\\/www.ottawatherapygroup.ca\\\/fr\\\/lieux\\\/counselling-services-services-de-counseling-terre-neuve\\\/\",\"name\":\"Counseling Terre-Neuve - Services de th\u00e9rapie virtuelle NL | Ottawa Therapy Group\",\"isPartOf\":{\"@id\":\"https:\\\/\\\/www.ottawatherapygroup.ca\\\/fr\\\/#website\"},\"datePublished\":\"2025-05-01T15:06:28+00:00\",\"dateModified\":\"2025-11-24T20:15:20+00:00\",\"description\":\"Vous cherchez des services de counseling \u00e0 Terre-Neuve ? Nous offrons des th\u00e9rapies en ligne s\u00e9curis\u00e9es et accessibles pour r\u00e9pondre \u00e0 vos besoins en sant\u00e9 mentale.\",\"breadcrumb\":{\"@id\":\"https:\\\/\\\/www.ottawatherapygroup.ca\\\/fr\\\/lieux\\\/counselling-services-services-de-counseling-terre-neuve\\\/#breadcrumb\"},\"inLanguage\":\"fr-CA\",\"potentialAction\":[{\"@type\":\"ReadAction\",\"target\":[\"https:\\\/\\\/www.ottawatherapygroup.ca\\\/fr\\\/lieux\\\/counselling-services-services-de-counseling-terre-neuve\\\/\"]}]},{\"@type\":\"BreadcrumbList\",\"@id\":\"https:\\\/\\\/www.ottawatherapygroup.ca\\\/fr\\\/lieux\\\/counselling-services-services-de-counseling-terre-neuve\\\/#breadcrumb\",\"itemListElement\":[{\"@type\":\"ListItem\",\"position\":1,\"name\":\"Home\",\"item\":\"https:\\\/\\\/www.ottawatherapygroup.ca\\\/fr\\\/\"},{\"@type\":\"ListItem\",\"position\":2,\"name\":\"Lieux\",\"item\":\"https:\\\/\\\/www.ottawatherapygroup.ca\\\/fr\\\/lieux\\\/\"},{\"@type\":\"ListItem\",\"position\":3,\"name\":\"COUNSELING TERRE-NEUVE : DES SERVICES DE TH\u00c9RAPIE EN LIGNE\"}]},{\"@type\":\"WebSite\",\"@id\":\"https:\\\/\\\/www.ottawatherapygroup.ca\\\/fr\\\/#website\",\"url\":\"https:\\\/\\\/www.ottawatherapygroup.ca\\\/fr\\\/\",\"name\":\"Excellence in Psychotherapy - Ottawa Therapy Group\",\"description\":\"\",\"potentialAction\":[{\"@type\":\"SearchAction\",\"target\":{\"@type\":\"EntryPoint\",\"urlTemplate\":\"https:\\\/\\\/www.ottawatherapygroup.ca\\\/fr\\\/?s={search_term_string}\"},\"query-input\":{\"@type\":\"PropertyValueSpecification\",\"valueRequired\":true,\"valueName\":\"search_term_string\"}}],\"inLanguage\":\"fr-CA\"}]}<\/script>\n<!-- \/ Yoast SEO plugin. -->","yoast_head_json":{"title":"Counseling Terre-Neuve - Services de th\u00e9rapie virtuelle NL | Ottawa Therapy Group","description":"Vous cherchez des services de counseling \u00e0 Terre-Neuve ? Nous offrons des th\u00e9rapies en ligne s\u00e9curis\u00e9es et accessibles pour r\u00e9pondre \u00e0 vos besoins en sant\u00e9 mentale.","robots":{"index":"index","follow":"follow","max-snippet":"max-snippet:-1","max-image-preview":"max-image-preview:large","max-video-preview":"max-video-preview:-1"},"canonical":"https:\/\/www.ottawatherapygroup.ca\/fr\/lieux\/counselling-services-services-de-counseling-terre-neuve\/","og_locale":"fr_CA","og_type":"article","og_title":"Counseling Terre-Neuve - Services de th\u00e9rapie virtuelle NL | Ottawa Therapy Group","og_description":"Vous cherchez des services de counseling \u00e0 Terre-Neuve ? Nous offrons des th\u00e9rapies en ligne s\u00e9curis\u00e9es et accessibles pour r\u00e9pondre \u00e0 vos besoins en sant\u00e9 mentale.","og_url":"https:\/\/www.ottawatherapygroup.ca\/fr\/lieux\/counselling-services-services-de-counseling-terre-neuve\/","og_site_name":"Excellence in Psychotherapy - Ottawa Therapy Group","article_modified_time":"2025-11-24T20:15:20+00:00","twitter_card":"summary_large_image","twitter_misc":{"Estimation du temps de lecture":"4 minutes"},"schema":{"@context":"https:\/\/schema.org","@graph":[{"@type":"WebPage","@id":"https:\/\/www.ottawatherapygroup.ca\/fr\/lieux\/counselling-services-services-de-counseling-terre-neuve\/","url":"https:\/\/www.ottawatherapygroup.ca\/fr\/lieux\/counselling-services-services-de-counseling-terre-neuve\/","name":"Counseling Terre-Neuve - Services de th\u00e9rapie virtuelle NL | Ottawa Therapy Group","isPartOf":{"@id":"https:\/\/www.ottawatherapygroup.ca\/fr\/#website"},"datePublished":"2025-05-01T15:06:28+00:00","dateModified":"2025-11-24T20:15:20+00:00","description":"Vous cherchez des services de counseling \u00e0 Terre-Neuve ? Nous offrons des th\u00e9rapies en ligne s\u00e9curis\u00e9es et accessibles pour r\u00e9pondre \u00e0 vos besoins en sant\u00e9 mentale.","breadcrumb":{"@id":"https:\/\/www.ottawatherapygroup.ca\/fr\/lieux\/counselling-services-services-de-counseling-terre-neuve\/#breadcrumb"},"inLanguage":"fr-CA","potentialAction":[{"@type":"ReadAction","target":["https:\/\/www.ottawatherapygroup.ca\/fr\/lieux\/counselling-services-services-de-counseling-terre-neuve\/"]}]},{"@type":"BreadcrumbList","@id":"https:\/\/www.ottawatherapygroup.ca\/fr\/lieux\/counselling-services-services-de-counseling-terre-neuve\/#breadcrumb","itemListElement":[{"@type":"ListItem","position":1,"name":"Home","item":"https:\/\/www.ottawatherapygroup.ca\/fr\/"},{"@type":"ListItem","position":2,"name":"Lieux","item":"https:\/\/www.ottawatherapygroup.ca\/fr\/lieux\/"},{"@type":"ListItem","position":3,"name":"COUNSELING TERRE-NEUVE : DES SERVICES DE TH\u00c9RAPIE EN LIGNE"}]},{"@type":"WebSite","@id":"https:\/\/www.ottawatherapygroup.ca\/fr\/#website","url":"https:\/\/www.ottawatherapygroup.ca\/fr\/","name":"Excellence in Psychotherapy - Ottawa Therapy Group","description":"","potentialAction":[{"@type":"SearchAction","target":{"@type":"EntryPoint","urlTemplate":"https:\/\/www.ottawatherapygroup.ca\/fr\/?s={search_term_string}"},"query-input":{"@type":"PropertyValueSpecification","valueRequired":true,"valueName":"search_term_string"}}],"inLanguage":"fr-CA"}]}},"_links":{"self":[{"href":"https:\/\/www.ottawatherapygroup.ca\/fr\/wp-json\/wp\/v2\/pages\/2021","targetHints":{"allow":["GET"]}}],"collection":[{"href":"https:\/\/www.ottawatherapygroup.ca\/fr\/wp-json\/wp\/v2\/pages"}],"about":[{"href":"https:\/\/www.ottawatherapygroup.ca\/fr\/wp-json\/wp\/v2\/types\/page"}],"author":[{"embeddable":true,"href":"https:\/\/www.ottawatherapygroup.ca\/fr\/wp-json\/wp\/v2\/users\/1"}],"replies":[{"embeddable":true,"href":"https:\/\/www.ottawatherapygroup.ca\/fr\/wp-json\/wp\/v2\/comments?post=2021"}],"version-history":[{"count":0,"href":"https:\/\/www.ottawatherapygroup.ca\/fr\/wp-json\/wp\/v2\/pages\/2021\/revisions"}],"up":[{"embeddable":true,"href":"https:\/\/www.ottawatherapygroup.ca\/fr\/wp-json\/wp\/v2\/pages\/2019"}],"wp:attachment":[{"href":"https:\/\/www.ottawatherapygroup.ca\/fr\/wp-json\/wp\/v2\/media?parent=2021"}],"curies":[{"name":"wp","href":"https:\/\/api.w.org\/{rel}","templated":true}]}}