{"id":2074,"date":"2024-08-15T16:21:24","date_gmt":"2024-08-15T20:21:24","guid":{"rendered":"https:\/\/www.ottawatherapygroup.ca\/services-fr\/couples-counselling\/"},"modified":"2025-09-30T12:46:11","modified_gmt":"2025-09-30T16:46:11","slug":"conseil-de-couple","status":"publish","type":"page","link":"https:\/\/www.ottawatherapygroup.ca\/fr\/services-fr\/conseil-de-couple\/","title":{"rendered":"TH\u00c9RAPIE DE COUPLE \u2013 OTTAWA, ONTARIO"},"content":{"rendered":"<p><div class=\"fusion-fullwidth fullwidth-box fusion-builder-row-1 fusion-flex-container has-pattern-background has-mask-background nonhundred-percent-fullwidth non-hundred-percent-height-scrolling\" style=\"--awb-border-radius-top-left:0px;--awb-border-radius-top-right:0px;--awb-border-radius-bottom-right:0px;--awb-border-radius-bottom-left:0px;--awb-padding-top:70px;--awb-padding-bottom:70px;--awb-flex-wrap:wrap;\" ><div class=\"fusion-builder-row fusion-row fusion-flex-align-items-center fusion-flex-justify-content-center fusion-flex-content-wrap\" style=\"max-width:1248px;margin-left: calc(-4% \/ 2 );margin-right: calc(-4% \/ 2 );\"><div class=\"fusion-layout-column fusion_builder_column fusion-builder-column-0 fusion_builder_column_1_2 1_2 fusion-flex-column\" style=\"--awb-bg-size:cover;--awb-width-large:50%;--awb-margin-top-large:0px;--awb-spacing-right-large:3.84%;--awb-margin-bottom-large:20px;--awb-spacing-left-large:3.84%;--awb-width-medium:50%;--awb-order-medium:0;--awb-spacing-right-medium:3.84%;--awb-spacing-left-medium:3.84%;--awb-width-small:100%;--awb-order-small:0;--awb-spacing-right-small:1.92%;--awb-spacing-left-small:1.92%;\" data-scroll-devices=\"small-visibility,medium-visibility,large-visibility\"><div class=\"fusion-column-wrapper fusion-column-has-shadow fusion-flex-justify-content-flex-start fusion-content-layout-column\"><div class=\"fusion-title title fusion-title-1 fusion-sep-none fusion-title-text fusion-title-size-two\" style=\"--awb-text-color:var(--awb-color5);--awb-margin-top-small:10px;--awb-margin-right-small:0px;--awb-margin-bottom-small:10px;--awb-margin-left-small:0px;--awb-sep-color:var(--awb-color8);\"><h2 class=\"fusion-title-heading title-heading-left\" style=\"font-family:&quot;Oswald&quot;;font-style:normal;font-weight:400;margin:0;\">TH\u00c9RAPIE DE COUPLE \u2013 RETROUVEZ VOTRE CONNEXION, ENSEMBLE<\/h2><\/div><div class=\"fusion-text fusion-text-1\" style=\"--awb-content-alignment:left;\"><div class=\"uk-panel uk-margin\">\n<p><span style=\"font-weight: 400;\">Les relations saines sont une source de joie et de r\u00e9confort, mais m\u00eame les couples les plus solides traversent parfois des p\u00e9riodes difficiles. Au Groupe de th\u00e9rapie d&rsquo;Ottawa, nos <\/span><a href=\"https:\/\/www.ottawatherapygroup.ca\/fr\/therapeutes\/\"><span style=\"font-weight: 400;\">th\u00e9rapeutes<\/span><\/a><span style=\"font-weight: 400;\"> comprennent cette r\u00e9alit\u00e9 et sont l\u00e0 pour vous accompagner, que vous ayez des conflits non r\u00e9solus, des d\u00e9fis du quotidien \u00e0 surmonter, ou que vous souhaitiez simplement renforcer votre relation. Nous cr\u00e9ons un espace o\u00f9 chaque partenaire peut s\u2019exprimer librement et se sentir \u00e9cout\u00e9, favorisant ainsi une communication efficace, une reconnexion et une avanc\u00e9e commune.<\/span><\/p>\n<\/div>\n<\/div><\/div><\/div><div class=\"fusion-layout-column fusion_builder_column fusion-builder-column-1 fusion_builder_column_1_2 1_2 fusion-flex-column fusion-column-inner-bg-wrapper fusion-column-liftup-border\" style=\"--awb-inner-bg-size:cover;--awb-width-large:50%;--awb-margin-top-large:0px;--awb-spacing-right-large:3.84%;--awb-margin-bottom-large:20px;--awb-spacing-left-large:3.84%;--awb-width-medium:50%;--awb-order-medium:0;--awb-spacing-right-medium:3.84%;--awb-spacing-left-medium:3.84%;--awb-width-small:100%;--awb-order-small:0;--awb-spacing-right-small:1.92%;--awb-spacing-left-small:1.92%;\" data-scroll-devices=\"small-visibility,medium-visibility,large-visibility\"><span class=\"fusion-column-inner-bg hover-type-liftup\"><span class=\"fusion-column-anchor\"><span class=\"fusion-column-inner-bg-image\"><\/span><\/span><\/span><div class=\"fusion-column-wrapper fusion-flex-justify-content-flex-start fusion-content-layout-column\"><div class=\"fusion-image-element \" style=\"--awb-caption-title-font-family:var(--h2_typography-font-family);--awb-caption-title-font-weight:var(--h2_typography-font-weight);--awb-caption-title-font-style:var(--h2_typography-font-style);--awb-caption-title-size:var(--h2_typography-font-size);--awb-caption-title-transform:var(--h2_typography-text-transform);--awb-caption-title-line-height:var(--h2_typography-line-height);--awb-caption-title-letter-spacing:var(--h2_typography-letter-spacing);\"><span class=\" fusion-imageframe imageframe-none imageframe-1 hover-type-none\"><img decoding=\"async\" width=\"665\" height=\"1000\" alt=\"couple seated together on couch, each holding ring fingers\" title=\"Couples-1\" src=\"https:\/\/www.ottawatherapygroup.ca\/wp-content\/uploads\/2025\/09\/Couples-1.jpg\" class=\"img-responsive wp-image-2400\" srcset=\"https:\/\/www.ottawatherapygroup.ca\/wp-content\/uploads\/2025\/09\/Couples-1-200x301.jpg 200w, https:\/\/www.ottawatherapygroup.ca\/wp-content\/uploads\/2025\/09\/Couples-1-400x602.jpg 400w, https:\/\/www.ottawatherapygroup.ca\/wp-content\/uploads\/2025\/09\/Couples-1-600x902.jpg 600w, https:\/\/www.ottawatherapygroup.ca\/wp-content\/uploads\/2025\/09\/Couples-1.jpg 665w\" sizes=\"(max-width: 640px) 100vw, 600px\" \/><\/span><\/div><\/div><\/div><\/div><\/div><div class=\"fusion-fullwidth fullwidth-box fusion-builder-row-2 fusion-flex-container has-pattern-background has-mask-background nonhundred-percent-fullwidth non-hundred-percent-height-scrolling\" style=\"--awb-border-radius-top-left:0px;--awb-border-radius-top-right:0px;--awb-border-radius-bottom-right:0px;--awb-border-radius-bottom-left:0px;--awb-padding-top:60px;--awb-padding-bottom:60px;--awb-background-color:var(--awb-color2);--awb-flex-wrap:wrap;\" ><div class=\"fusion-builder-row fusion-row fusion-flex-align-items-flex-start fusion-flex-content-wrap\" style=\"max-width:1248px;margin-left: calc(-4% \/ 2 );margin-right: calc(-4% \/ 2 );\"><div class=\"fusion-layout-column fusion_builder_column fusion-builder-column-2 fusion_builder_column_1_1 1_1 fusion-flex-column\" style=\"--awb-bg-size:cover;--awb-width-large:100%;--awb-margin-top-large:0px;--awb-spacing-right-large:1.92%;--awb-margin-bottom-large:20px;--awb-spacing-left-large:1.92%;--awb-width-medium:100%;--awb-order-medium:0;--awb-spacing-right-medium:1.92%;--awb-spacing-left-medium:1.92%;--awb-width-small:100%;--awb-order-small:0;--awb-spacing-right-small:1.92%;--awb-spacing-left-small:1.92%;\"><div class=\"fusion-column-wrapper fusion-column-has-shadow fusion-flex-justify-content-flex-start fusion-content-layout-column\"><div class=\"fusion-title title fusion-title-2 fusion-sep-none fusion-title-text fusion-title-size-three\" style=\"--awb-text-color:var(--awb-color7);--awb-margin-top-small:10px;--awb-margin-right-small:0px;--awb-margin-bottom-small:10px;--awb-margin-left-small:0px;--awb-sep-color:var(--awb-color8);\"><h3 class=\"fusion-title-heading title-heading-left\" style=\"font-family:&quot;Oswald&quot;;font-style:normal;font-weight:400;margin:0;\">NOTRE APPROCHE EN TH\u00c9RAPIE DE COUPLE \u00c0 OTTAWA<\/h3><\/div><div class=\"fusion-separator fusion-full-width-sep\" style=\"align-self: center;margin-left: auto;margin-right: auto;margin-top:30px;width:100%;\"><\/div><div class=\"fusion-text fusion-text-2\"><p><span style=\"font-weight: 400;\">Notre approche en psychoth\u00e9rapie et en counselling est loin d\u2019\u00eatre universelle. Chaque relation a son propre rythme, ses d\u00e9fis et son histoire. C\u2019est pourquoi nos professionnels de la sant\u00e9 mentale s\u2019appuient sur diff\u00e9rentes techniques th\u00e9rapeutiques, notamment la th\u00e9rapie centr\u00e9e sur les \u00e9motions (EFT) et la th\u00e9rapie cognitivo-comportementale (TCC).<\/span><\/p>\n<p><span style=\"font-weight: 400;\">Que vous ayez d\u00e9cid\u00e9 d\u2019entreprendre une th\u00e9rapie de couple pour am\u00e9liorer votre communication, reconstruire la confiance ou apprendre \u00e0 mieux affronter ensemble les d\u00e9fis de la vie, nos th\u00e9rapeutes vous accompagnent pour trouver la meilleure voie \u00e0 suivre, en veillant \u00e0\u00a0<\/span><\/p>\n<p><span style=\"font-weight: 400;\">ce que vous vous sentiez tous deux compris et valoris\u00e9s.<\/span><\/p>\n<p><span style=\"font-weight: 400;\">La th\u00e9rapie de couple ne s\u2019adresse pas uniquement aux relations en crise. Elle est b\u00e9n\u00e9fique pour tous les couples souhaitant am\u00e9liorer la qualit\u00e9 de leur relation. Nos s\u00e9ances offrent un environnement s\u00e9curisant o\u00f9 chaque partenaire peut parler de ce qui compte vraiment, sans crainte d\u2019\u00eatre jug\u00e9. En explorant les causes profondes des difficult\u00e9s relationnelles ou de sant\u00e9 mentale\u2014qu\u2019il s\u2019agisse d\u2019\u00e9motions difficiles \u00e0 g\u00e9rer, de d\u00e9saccords parentaux, de probl\u00e8mes de communication ou du stress quotidien li\u00e9 \u00e0 l\u2019\u00e9quilibre travail-famille\u2014nous vous aidons \u00e0 b\u00e2tir des liens plus forts et plus sains. De l\u2019am\u00e9lioration de la communication \u00e0 l\u2019approfondissement de l\u2019intimit\u00e9, notre objectif est de vous aider \u00e0 cr\u00e9er la relation que vous souhaitez tous les deux.<\/span><\/p>\n<\/div><\/div><\/div><div class=\"fusion-layout-column fusion_builder_column fusion-builder-column-3 fusion_builder_column_1_1 1_1 fusion-flex-column\" style=\"--awb-bg-size:cover;--awb-width-large:100%;--awb-margin-top-large:0px;--awb-spacing-right-large:1.92%;--awb-margin-bottom-large:20px;--awb-spacing-left-large:1.92%;--awb-width-medium:100%;--awb-order-medium:0;--awb-spacing-right-medium:1.92%;--awb-spacing-left-medium:1.92%;--awb-width-small:100%;--awb-order-small:0;--awb-spacing-right-small:1.92%;--awb-spacing-left-small:1.92%;\"><div class=\"fusion-column-wrapper fusion-column-has-shadow fusion-flex-justify-content-flex-start fusion-content-layout-column\"><div class=\"fusion-title title fusion-title-3 fusion-sep-none fusion-title-text fusion-title-size-three\" style=\"--awb-text-color:var(--awb-color7);--awb-margin-top-small:10px;--awb-margin-right-small:0px;--awb-margin-bottom-small:10px;--awb-margin-left-small:0px;--awb-sep-color:var(--awb-color8);\"><h3 class=\"fusion-title-heading title-heading-left\" style=\"font-family:&quot;Oswald&quot;;font-style:normal;font-weight:400;margin:0;\">TH\u00c9RAPIE DE COUPLE \u2013 \u00c0 OTTAWA OU EN LIGNE<\/h3><\/div><div class=\"fusion-separator fusion-full-width-sep\" style=\"align-self: center;margin-left: auto;margin-right: auto;margin-top:30px;width:100%;\"><\/div><div class=\"fusion-text fusion-text-3\"><p><span style=\"font-weight: 400;\">Il est parfois difficile de trouver du temps \u00e0 consacrer \u00e0 un service de conseil de couple. C\u2019est pourquoi nous proposons des s\u00e9ances de th\u00e9rapie de couple en ligne. Au Groupe de th\u00e9rapie d&rsquo;Ottawa, nous offrons le m\u00eame accompagnement th\u00e9rapeutique de haute qualit\u00e9 en format virtuel.<\/span><\/p>\n<p><span style=\"font-weight: 400;\">La th\u00e9rapie de couple en ligne vous permet d\u2019int\u00e9grer facilement les s\u00e9ances dans votre emploi du temps, sans le stress des d\u00e9placements ou des contraintes logistiques. Que vous soyez \u00e0 Ottawa ou ailleurs, vous pouvez consulter nos th\u00e9rapeutes sp\u00e9cialis\u00e9s en couple via des s\u00e9ances vid\u00e9o s\u00e9curis\u00e9es et confidentielles. Ces rencontres vous offrent l\u2019espace n\u00e9cessaire pour surmonter vos difficult\u00e9s, am\u00e9liorer votre communication, mieux comprendre le point de vue de votre partenaire et renforcer votre relation, tout comme lors d\u2019une th\u00e9rapie en personne.<\/span><\/p>\n<\/div><\/div><\/div><div class=\"fusion-layout-column fusion_builder_column fusion-builder-column-4 fusion_builder_column_1_1 1_1 fusion-flex-column\" style=\"--awb-bg-size:cover;--awb-width-large:100%;--awb-margin-top-large:0px;--awb-spacing-right-large:1.92%;--awb-margin-bottom-large:20px;--awb-spacing-left-large:1.92%;--awb-width-medium:100%;--awb-order-medium:0;--awb-spacing-right-medium:1.92%;--awb-spacing-left-medium:1.92%;--awb-width-small:100%;--awb-order-small:0;--awb-spacing-right-small:1.92%;--awb-spacing-left-small:1.92%;\"><div class=\"fusion-column-wrapper fusion-column-has-shadow fusion-flex-justify-content-flex-start fusion-content-layout-column\"><div class=\"fusion-title title fusion-title-4 fusion-sep-none fusion-title-text fusion-title-size-three\" style=\"--awb-text-color:var(--awb-color7);--awb-margin-top-small:10px;--awb-margin-right-small:0px;--awb-margin-bottom-small:10px;--awb-margin-left-small:0px;--awb-sep-color:var(--awb-color8);\"><h3 class=\"fusion-title-heading title-heading-left\" style=\"font-family:&quot;Oswald&quot;;font-style:normal;font-weight:400;margin:0;\">EST-CE LE BON MOMENT POUR ENTREPRENDRE UNE TH\u00c9RAPIE DE COUPLE ?<\/h3><\/div><div class=\"fusion-separator fusion-full-width-sep\" style=\"align-self: center;margin-left: auto;margin-right: auto;margin-top:30px;width:100%;\"><\/div><div class=\"fusion-text fusion-text-4\"><p><span style=\"font-weight: 400;\">Vous avez du mal \u00e0 communiquer sans disputes ? La confiance a \u00e9t\u00e9 \u00e9branl\u00e9e ? Vous vous sentez moins connect\u00e9s qu\u2019avant ? Quelle que soit votre situation, la th\u00e9rapie de couple peut vous aider. M\u00eame lorsque tout semble bien aller, le <\/span><a href=\"https:\/\/www.ottawatherapygroup.ca\/fr\/services-fr\/counseling-psychotherapie\/\"><span style=\"font-weight: 400;\">counselling et psychoth\u00e9rapie<\/span><\/a><span style=\"font-weight: 400;\"> permet d\u2019acqu\u00e9rir des outils et des perspectives pour maintenir une relation \u00e9panouie. Il s\u2019agit avant tout de mieux se comprendre et de d\u00e9couvrir de nouvelles fa\u00e7ons de se soutenir mutuellement face aux d\u00e9fis de la vie.<\/span><\/p>\n<p><span style=\"font-weight: 400;\">Faire le choix de travailler sur sa relation est une grande d\u00e9cision, mais elle peut mener \u00e0 des changements positifs durables. Que vous d\u00e9butiez votre vie ensemble ou que vous soyez en couple depuis plusieurs d\u00e9cennies, un th\u00e9rapeute de couple \u00e0 Ottawa est l\u00e0 pour vous accompagner. Contactez-nous d\u00e8s aujourd\u2019hui pour planifier votre rendez-vous et commen\u00e7ons ensemble \u00e0 b\u00e2tir l\u2019avenir que vous souhaitez.<\/span><\/p>\n<p>&nbsp;<\/p>\n<\/div><\/div><\/div><div class=\"fusion-layout-column fusion_builder_column fusion-builder-column-5 fusion_builder_column_1_1 1_1 fusion-flex-column\" style=\"--awb-bg-size:cover;--awb-width-large:100%;--awb-margin-top-large:0px;--awb-spacing-right-large:1.92%;--awb-margin-bottom-large:20px;--awb-spacing-left-large:1.92%;--awb-width-medium:100%;--awb-order-medium:0;--awb-spacing-right-medium:1.92%;--awb-spacing-left-medium:1.92%;--awb-width-small:100%;--awb-order-small:0;--awb-spacing-right-small:1.92%;--awb-spacing-left-small:1.92%;\"><div class=\"fusion-column-wrapper fusion-column-has-shadow fusion-flex-justify-content-flex-start fusion-content-layout-column\"><div class=\"fusion-separator fusion-full-width-sep\" style=\"align-self: center;margin-left: auto;margin-right: auto;margin-top:30px;width:100%;\"><\/div><\/div><\/div><\/div><\/div><\/p>\n","protected":false},"excerpt":{"rendered":"","protected":false},"author":1,"featured_media":0,"parent":270,"menu_order":0,"comment_status":"closed","ping_status":"closed","template":"100-width.php","meta":{"footnotes":""},"class_list":["post-2074","page","type-page","status-publish","hentry"],"yoast_head":"<!-- This site is optimized with the Yoast SEO plugin v27.4 - https:\/\/yoast.com\/product\/yoast-seo-wordpress\/ -->\n<title>Th\u00e9rapie de couple \u00e0 Ottawa | Le Groupe de th\u00e9rapie d&#039;Ottawa<\/title>\n<meta name=\"description\" content=\"Renforcez votre relation avec la th\u00e9rapie de couple \u00e0 Ottawa. Explorez nos options en personne et en ligne pour b\u00e2tir un lien plus fort et plus sain.\" \/>\n<meta name=\"robots\" content=\"index, follow, max-snippet:-1, max-image-preview:large, max-video-preview:-1\" \/>\n<link rel=\"canonical\" href=\"https:\/\/www.ottawatherapygroup.ca\/fr\/services-fr\/conseil-de-couple\/\" \/>\n<meta property=\"og:locale\" content=\"fr_CA\" \/>\n<meta property=\"og:type\" content=\"article\" \/>\n<meta property=\"og:title\" content=\"Th\u00e9rapie de couple \u00e0 Ottawa | Le Groupe de th\u00e9rapie d&#039;Ottawa\" \/>\n<meta property=\"og:description\" content=\"Renforcez votre relation avec la th\u00e9rapie de couple \u00e0 Ottawa. Explorez nos options en personne et en ligne pour b\u00e2tir un lien plus fort et plus sain.\" \/>\n<meta property=\"og:url\" content=\"https:\/\/www.ottawatherapygroup.ca\/fr\/services-fr\/conseil-de-couple\/\" \/>\n<meta property=\"og:site_name\" content=\"Excellence in Psychotherapy - Ottawa Therapy Group\" \/>\n<meta property=\"article:modified_time\" content=\"2025-09-30T16:46:11+00:00\" \/>\n<meta name=\"twitter:card\" content=\"summary_large_image\" \/>\n<meta name=\"twitter:label1\" content=\"Estimation du temps de lecture\" \/>\n\t<meta name=\"twitter:data1\" content=\"3 minutes\" \/>\n<script type=\"application\/ld+json\" class=\"yoast-schema-graph\">{\"@context\":\"https:\\\/\\\/schema.org\",\"@graph\":[{\"@type\":\"WebPage\",\"@id\":\"https:\\\/\\\/www.ottawatherapygroup.ca\\\/fr\\\/services-fr\\\/conseil-de-couple\\\/\",\"url\":\"https:\\\/\\\/www.ottawatherapygroup.ca\\\/fr\\\/services-fr\\\/conseil-de-couple\\\/\",\"name\":\"Th\u00e9rapie de couple \u00e0 Ottawa | Le Groupe de th\u00e9rapie d'Ottawa\",\"isPartOf\":{\"@id\":\"https:\\\/\\\/www.ottawatherapygroup.ca\\\/fr\\\/#website\"},\"datePublished\":\"2024-08-15T20:21:24+00:00\",\"dateModified\":\"2025-09-30T16:46:11+00:00\",\"description\":\"Renforcez votre relation avec la th\u00e9rapie de couple \u00e0 Ottawa. Explorez nos options en personne et en ligne pour b\u00e2tir un lien plus fort et plus sain.\",\"breadcrumb\":{\"@id\":\"https:\\\/\\\/www.ottawatherapygroup.ca\\\/fr\\\/services-fr\\\/conseil-de-couple\\\/#breadcrumb\"},\"inLanguage\":\"fr-CA\",\"potentialAction\":[{\"@type\":\"ReadAction\",\"target\":[\"https:\\\/\\\/www.ottawatherapygroup.ca\\\/fr\\\/services-fr\\\/conseil-de-couple\\\/\"]}]},{\"@type\":\"BreadcrumbList\",\"@id\":\"https:\\\/\\\/www.ottawatherapygroup.ca\\\/fr\\\/services-fr\\\/conseil-de-couple\\\/#breadcrumb\",\"itemListElement\":[{\"@type\":\"ListItem\",\"position\":1,\"name\":\"Home\",\"item\":\"https:\\\/\\\/www.ottawatherapygroup.ca\\\/fr\\\/\"},{\"@type\":\"ListItem\",\"position\":2,\"name\":\"Services\",\"item\":\"https:\\\/\\\/www.ottawatherapygroup.ca\\\/fr\\\/services-fr\\\/\"},{\"@type\":\"ListItem\",\"position\":3,\"name\":\"TH\u00c9RAPIE DE COUPLE \u2013 OTTAWA, ONTARIO\"}]},{\"@type\":\"WebSite\",\"@id\":\"https:\\\/\\\/www.ottawatherapygroup.ca\\\/fr\\\/#website\",\"url\":\"https:\\\/\\\/www.ottawatherapygroup.ca\\\/fr\\\/\",\"name\":\"Excellence in Psychotherapy - Ottawa Therapy Group\",\"description\":\"\",\"potentialAction\":[{\"@type\":\"SearchAction\",\"target\":{\"@type\":\"EntryPoint\",\"urlTemplate\":\"https:\\\/\\\/www.ottawatherapygroup.ca\\\/fr\\\/?s={search_term_string}\"},\"query-input\":{\"@type\":\"PropertyValueSpecification\",\"valueRequired\":true,\"valueName\":\"search_term_string\"}}],\"inLanguage\":\"fr-CA\"}]}<\/script>\n<!-- \/ Yoast SEO plugin. -->","yoast_head_json":{"title":"Th\u00e9rapie de couple \u00e0 Ottawa | Le Groupe de th\u00e9rapie d'Ottawa","description":"Renforcez votre relation avec la th\u00e9rapie de couple \u00e0 Ottawa. Explorez nos options en personne et en ligne pour b\u00e2tir un lien plus fort et plus sain.","robots":{"index":"index","follow":"follow","max-snippet":"max-snippet:-1","max-image-preview":"max-image-preview:large","max-video-preview":"max-video-preview:-1"},"canonical":"https:\/\/www.ottawatherapygroup.ca\/fr\/services-fr\/conseil-de-couple\/","og_locale":"fr_CA","og_type":"article","og_title":"Th\u00e9rapie de couple \u00e0 Ottawa | Le Groupe de th\u00e9rapie d'Ottawa","og_description":"Renforcez votre relation avec la th\u00e9rapie de couple \u00e0 Ottawa. Explorez nos options en personne et en ligne pour b\u00e2tir un lien plus fort et plus sain.","og_url":"https:\/\/www.ottawatherapygroup.ca\/fr\/services-fr\/conseil-de-couple\/","og_site_name":"Excellence in Psychotherapy - Ottawa Therapy Group","article_modified_time":"2025-09-30T16:46:11+00:00","twitter_card":"summary_large_image","twitter_misc":{"Estimation du temps de lecture":"3 minutes"},"schema":{"@context":"https:\/\/schema.org","@graph":[{"@type":"WebPage","@id":"https:\/\/www.ottawatherapygroup.ca\/fr\/services-fr\/conseil-de-couple\/","url":"https:\/\/www.ottawatherapygroup.ca\/fr\/services-fr\/conseil-de-couple\/","name":"Th\u00e9rapie de couple \u00e0 Ottawa | Le Groupe de th\u00e9rapie d'Ottawa","isPartOf":{"@id":"https:\/\/www.ottawatherapygroup.ca\/fr\/#website"},"datePublished":"2024-08-15T20:21:24+00:00","dateModified":"2025-09-30T16:46:11+00:00","description":"Renforcez votre relation avec la th\u00e9rapie de couple \u00e0 Ottawa. Explorez nos options en personne et en ligne pour b\u00e2tir un lien plus fort et plus sain.","breadcrumb":{"@id":"https:\/\/www.ottawatherapygroup.ca\/fr\/services-fr\/conseil-de-couple\/#breadcrumb"},"inLanguage":"fr-CA","potentialAction":[{"@type":"ReadAction","target":["https:\/\/www.ottawatherapygroup.ca\/fr\/services-fr\/conseil-de-couple\/"]}]},{"@type":"BreadcrumbList","@id":"https:\/\/www.ottawatherapygroup.ca\/fr\/services-fr\/conseil-de-couple\/#breadcrumb","itemListElement":[{"@type":"ListItem","position":1,"name":"Home","item":"https:\/\/www.ottawatherapygroup.ca\/fr\/"},{"@type":"ListItem","position":2,"name":"Services","item":"https:\/\/www.ottawatherapygroup.ca\/fr\/services-fr\/"},{"@type":"ListItem","position":3,"name":"TH\u00c9RAPIE DE COUPLE \u2013 OTTAWA, ONTARIO"}]},{"@type":"WebSite","@id":"https:\/\/www.ottawatherapygroup.ca\/fr\/#website","url":"https:\/\/www.ottawatherapygroup.ca\/fr\/","name":"Excellence in Psychotherapy - Ottawa Therapy Group","description":"","potentialAction":[{"@type":"SearchAction","target":{"@type":"EntryPoint","urlTemplate":"https:\/\/www.ottawatherapygroup.ca\/fr\/?s={search_term_string}"},"query-input":{"@type":"PropertyValueSpecification","valueRequired":true,"valueName":"search_term_string"}}],"inLanguage":"fr-CA"}]}},"_links":{"self":[{"href":"https:\/\/www.ottawatherapygroup.ca\/fr\/wp-json\/wp\/v2\/pages\/2074","targetHints":{"allow":["GET"]}}],"collection":[{"href":"https:\/\/www.ottawatherapygroup.ca\/fr\/wp-json\/wp\/v2\/pages"}],"about":[{"href":"https:\/\/www.ottawatherapygroup.ca\/fr\/wp-json\/wp\/v2\/types\/page"}],"author":[{"embeddable":true,"href":"https:\/\/www.ottawatherapygroup.ca\/fr\/wp-json\/wp\/v2\/users\/1"}],"replies":[{"embeddable":true,"href":"https:\/\/www.ottawatherapygroup.ca\/fr\/wp-json\/wp\/v2\/comments?post=2074"}],"version-history":[{"count":0,"href":"https:\/\/www.ottawatherapygroup.ca\/fr\/wp-json\/wp\/v2\/pages\/2074\/revisions"}],"up":[{"embeddable":true,"href":"https:\/\/www.ottawatherapygroup.ca\/fr\/wp-json\/wp\/v2\/pages\/270"}],"wp:attachment":[{"href":"https:\/\/www.ottawatherapygroup.ca\/fr\/wp-json\/wp\/v2\/media?parent=2074"}],"curies":[{"name":"wp","href":"https:\/\/api.w.org\/{rel}","templated":true}]}}