{"id":2079,"date":"2024-09-24T14:15:27","date_gmt":"2024-09-24T18:15:27","guid":{"rendered":"https:\/\/www.ottawatherapygroup.ca\/services-fr\/marriage-counselling\/"},"modified":"2025-05-21T09:27:17","modified_gmt":"2025-05-21T13:27:17","slug":"conseils-matrimoniaux","status":"publish","type":"page","link":"https:\/\/www.ottawatherapygroup.ca\/fr\/services-fr\/conseils-matrimoniaux\/","title":{"rendered":"CONSEIL MATRIMONIAL \u2013 OTTAWA, ONTARIO"},"content":{"rendered":"<p><div class=\"fusion-fullwidth fullwidth-box fusion-builder-row-1 fusion-flex-container has-pattern-background has-mask-background nonhundred-percent-fullwidth non-hundred-percent-height-scrolling\" style=\"--awb-border-radius-top-left:0px;--awb-border-radius-top-right:0px;--awb-border-radius-bottom-right:0px;--awb-border-radius-bottom-left:0px;--awb-padding-top:70px;--awb-padding-bottom:70px;--awb-flex-wrap:wrap;\" ><div class=\"fusion-builder-row fusion-row fusion-flex-align-items-center fusion-flex-justify-content-center fusion-flex-content-wrap\" style=\"max-width:1248px;margin-left: calc(-4% \/ 2 );margin-right: calc(-4% \/ 2 );\"><div class=\"fusion-layout-column fusion_builder_column fusion-builder-column-0 fusion_builder_column_1_2 1_2 fusion-flex-column\" style=\"--awb-bg-size:cover;--awb-width-large:50%;--awb-margin-top-large:0px;--awb-spacing-right-large:3.84%;--awb-margin-bottom-large:20px;--awb-spacing-left-large:3.84%;--awb-width-medium:50%;--awb-order-medium:0;--awb-spacing-right-medium:3.84%;--awb-spacing-left-medium:3.84%;--awb-width-small:100%;--awb-order-small:0;--awb-spacing-right-small:1.92%;--awb-spacing-left-small:1.92%;\" data-scroll-devices=\"small-visibility,medium-visibility,large-visibility\"><div class=\"fusion-column-wrapper fusion-column-has-shadow fusion-flex-justify-content-flex-start fusion-content-layout-column\"><div class=\"fusion-title title fusion-title-1 fusion-sep-none fusion-title-text fusion-title-size-two\" style=\"--awb-text-color:var(--awb-color5);--awb-margin-top-small:10px;--awb-margin-right-small:0px;--awb-margin-bottom-small:10px;--awb-margin-left-small:0px;--awb-sep-color:var(--awb-color8);\"><h2 class=\"fusion-title-heading title-heading-left\" style=\"font-family:&quot;Oswald&quot;;font-style:normal;font-weight:400;margin:0;\">SERVICES DE CONSEILS MATRIMONIAUX \u00c0 OTTAWA<\/h2><\/div><div class=\"fusion-text fusion-text-1\" style=\"--awb-content-alignment:left;\"><div class=\"uk-panel uk-margin\">\n<p><span style=\"font-weight: 400;\">Le mariage peut \u00eatre une source de moments joyeux comme de d\u00e9fis. Au Groupe de th\u00e9rapie d\u2019Ottawa, <\/span><a href=\"https:\/\/www.ottawatherapygroup.ca\/fr\/therapeutes\/\"><span style=\"font-weight: 400;\">nos th\u00e9rapeutes<\/span><\/a><span style=\"font-weight: 400;\"> savent que chaque couple est diff\u00e9rent et nous sommes l\u00e0 pour vous \u00e9pauler quand les choses se compliquent. Que vous soyez ensemble depuis longtemps ou que vous commenciez \u00e0 peine votre vie \u00e0 deux, tout le monde peut traverser des p\u00e9riodes plus exigeantes.<\/span><\/p>\n<p><span style=\"font-weight: 400;\">Nos services de consultation matrimoniale sont con\u00e7us pour s\u2019adapter \u00e0 vos r\u00e9alit\u00e9s. Vous cherchez peut-\u00eatre \u00e0 am\u00e9liorer vos \u00e9changes, \u00e0 r\u00e9gler de vieux diff\u00e9rends ou simplement \u00e0 composer avec les responsabilit\u00e9s du quotidien. Nos conseillers en th\u00e9rapie de couple, forts de leur exp\u00e9rience, utilisent diff\u00e9rentes m\u00e9thodes, dont la th\u00e9rapie centr\u00e9e sur les \u00e9motions, pour vous aider \u00e0 retisser un lien solide.<\/span><\/p>\n<\/div>\n<\/div><\/div><\/div><div class=\"fusion-layout-column fusion_builder_column fusion-builder-column-1 fusion_builder_column_1_2 1_2 fusion-flex-column fusion-column-inner-bg-wrapper fusion-column-liftup-border\" style=\"--awb-inner-bg-size:cover;--awb-width-large:50%;--awb-margin-top-large:0px;--awb-spacing-right-large:3.84%;--awb-margin-bottom-large:20px;--awb-spacing-left-large:3.84%;--awb-width-medium:50%;--awb-order-medium:0;--awb-spacing-right-medium:3.84%;--awb-spacing-left-medium:3.84%;--awb-width-small:100%;--awb-order-small:0;--awb-spacing-right-small:1.92%;--awb-spacing-left-small:1.92%;\" data-scroll-devices=\"small-visibility,medium-visibility,large-visibility\"><span class=\"fusion-column-inner-bg hover-type-liftup\"><span class=\"fusion-column-anchor\"><span class=\"fusion-column-inner-bg-image\"><\/span><\/span><\/span><div class=\"fusion-column-wrapper fusion-flex-justify-content-flex-start fusion-content-layout-column\"><div class=\"fusion-image-element \" style=\"--awb-caption-title-font-family:var(--h2_typography-font-family);--awb-caption-title-font-weight:var(--h2_typography-font-weight);--awb-caption-title-font-style:var(--h2_typography-font-style);--awb-caption-title-size:var(--h2_typography-font-size);--awb-caption-title-transform:var(--h2_typography-text-transform);--awb-caption-title-line-height:var(--h2_typography-line-height);--awb-caption-title-letter-spacing:var(--h2_typography-letter-spacing);\"><span class=\" fusion-imageframe imageframe-none imageframe-1 hover-type-none\"><img decoding=\"async\" width=\"1125\" height=\"750\" alt=\"married couple on couch in conversation with therapist\" title=\"married couple on couch in conversation with therapist\" src=\"https:\/\/www.ottawatherapygroup.ca\/wp-content\/uploads\/2024\/09\/married-couple-on-couch-in-conversation-with-therapist.webp\" class=\"img-responsive wp-image-1603\" srcset=\"https:\/\/www.ottawatherapygroup.ca\/wp-content\/uploads\/2024\/09\/married-couple-on-couch-in-conversation-with-therapist-200x133.webp 200w, https:\/\/www.ottawatherapygroup.ca\/wp-content\/uploads\/2024\/09\/married-couple-on-couch-in-conversation-with-therapist-400x267.webp 400w, https:\/\/www.ottawatherapygroup.ca\/wp-content\/uploads\/2024\/09\/married-couple-on-couch-in-conversation-with-therapist-600x400.webp 600w, https:\/\/www.ottawatherapygroup.ca\/wp-content\/uploads\/2024\/09\/married-couple-on-couch-in-conversation-with-therapist-800x533.webp 800w, https:\/\/www.ottawatherapygroup.ca\/wp-content\/uploads\/2024\/09\/married-couple-on-couch-in-conversation-with-therapist.webp 1125w\" sizes=\"(max-width: 640px) 100vw, 600px\" \/><\/span><\/div><\/div><\/div><\/div><\/div><div class=\"fusion-fullwidth fullwidth-box fusion-builder-row-2 fusion-flex-container has-pattern-background has-mask-background nonhundred-percent-fullwidth non-hundred-percent-height-scrolling\" style=\"--awb-border-radius-top-left:0px;--awb-border-radius-top-right:0px;--awb-border-radius-bottom-right:0px;--awb-border-radius-bottom-left:0px;--awb-padding-top:60px;--awb-padding-bottom:60px;--awb-background-color:var(--awb-color2);--awb-flex-wrap:wrap;\" ><div class=\"fusion-builder-row fusion-row fusion-flex-align-items-flex-start fusion-flex-content-wrap\" style=\"max-width:1248px;margin-left: calc(-4% \/ 2 );margin-right: calc(-4% \/ 2 );\"><div class=\"fusion-layout-column fusion_builder_column fusion-builder-column-2 fusion_builder_column_1_1 1_1 fusion-flex-column\" style=\"--awb-bg-size:cover;--awb-width-large:100%;--awb-margin-top-large:0px;--awb-spacing-right-large:1.92%;--awb-margin-bottom-large:20px;--awb-spacing-left-large:1.92%;--awb-width-medium:100%;--awb-order-medium:0;--awb-spacing-right-medium:1.92%;--awb-spacing-left-medium:1.92%;--awb-width-small:100%;--awb-order-small:0;--awb-spacing-right-small:1.92%;--awb-spacing-left-small:1.92%;\"><div class=\"fusion-column-wrapper fusion-column-has-shadow fusion-flex-justify-content-flex-start fusion-content-layout-column\"><div class=\"fusion-title title fusion-title-2 fusion-sep-none fusion-title-text fusion-title-size-three\" style=\"--awb-text-color:var(--awb-color7);--awb-margin-top-small:10px;--awb-margin-right-small:0px;--awb-margin-bottom-small:10px;--awb-margin-left-small:0px;--awb-sep-color:var(--awb-color8);\"><h3 class=\"fusion-title-heading title-heading-left\" style=\"font-family:&quot;Oswald&quot;;font-style:normal;font-weight:400;margin:0;\">RECONSTRUIRE LA CONFIANCE ET LA COMMUNICATION<\/h3><\/div><div class=\"fusion-separator fusion-full-width-sep\" style=\"align-self: center;margin-left: auto;margin-right: auto;margin-top:30px;width:100%;\"><\/div><div class=\"fusion-text fusion-text-2\"><p><span style=\"font-weight: 400;\">La confiance est un pilier essentiel dans un couple, et lorsqu\u2019elle est \u00e9branl\u00e9e, la route vers la gu\u00e9rison peut sembler longue. Si vous et votre partenaire ressentez de la difficult\u00e9 \u00e0 communiquer ou que vos discussions tournent souvent en dispute, vous n\u2019\u00eates pas seuls.<\/span><\/p>\n<p><span style=\"font-weight: 400;\">Au Groupe de th\u00e9rapie d\u2019Ottawa, nous mettons l\u2019accent sur l\u2019am\u00e9lioration des comp\u00e9tences de communication et la compr\u00e9hension mutuelle. Dans un cadre s\u00e9curisant et chaleureux, vous pourrez aborder vos pr\u00e9occupations : blessures \u00e9motionnelles, col\u00e8re, d\u00e9pendances, et bien d\u2019autres enjeux.<\/span><span style=\"font-weight: 400;\"><br \/>\n<\/span><span style=\"font-weight: 400;\">Nous sommes \u00e9galement disponibles pour vous aider \u00e0 r\u00e9soudre les conflits familiaux ou autres facteurs de tension qui peuvent affecter votre vie de couple. Si vous pr\u00e9f\u00e9rez ne pas vous d\u00e9placer, nos services de th\u00e9rapie en ligne sont \u00e0 votre disposition pour vous soutenir, o\u00f9 que vous soyez.<\/span><\/p>\n<\/div><\/div><\/div><div class=\"fusion-layout-column fusion_builder_column fusion-builder-column-3 fusion_builder_column_1_1 1_1 fusion-flex-column\" style=\"--awb-bg-size:cover;--awb-width-large:100%;--awb-margin-top-large:0px;--awb-spacing-right-large:1.92%;--awb-margin-bottom-large:20px;--awb-spacing-left-large:1.92%;--awb-width-medium:100%;--awb-order-medium:0;--awb-spacing-right-medium:1.92%;--awb-spacing-left-medium:1.92%;--awb-width-small:100%;--awb-order-small:0;--awb-spacing-right-small:1.92%;--awb-spacing-left-small:1.92%;\"><div class=\"fusion-column-wrapper fusion-column-has-shadow fusion-flex-justify-content-flex-start fusion-content-layout-column\"><div class=\"fusion-title title fusion-title-3 fusion-sep-none fusion-title-text fusion-title-size-three\" style=\"--awb-text-color:var(--awb-color7);--awb-margin-top-small:10px;--awb-margin-right-small:0px;--awb-margin-bottom-small:10px;--awb-margin-left-small:0px;--awb-sep-color:var(--awb-color8);\"><h3 class=\"fusion-title-heading title-heading-left\" style=\"font-family:&quot;Oswald&quot;;font-style:normal;font-weight:400;margin:0;\">SURMONTER LES D\u00c9FIS DE LA VIE ENSEMBLE<\/h3><\/div><div class=\"fusion-separator fusion-full-width-sep\" style=\"align-self: center;margin-left: auto;margin-right: auto;margin-top:30px;width:100%;\"><\/div><div class=\"fusion-text fusion-text-3\"><p><span style=\"font-weight: 400;\">La vie \u00e0 deux ne se limite pas \u00e0 la relation elle-m\u00eame : il faut souvent jongler avec des conflits familiaux, des difficult\u00e9s financi\u00e8res et les al\u00e9as du quotidien. Peut-\u00eatre faites-vous face \u00e0 des d\u00e9fis de sant\u00e9 mentale ou \u00e9prouvez-vous des difficult\u00e9s \u00e0 maintenir l\u2019\u00e9quilibre entre travail et vie personnelle.<\/span><\/p>\n<p><span style=\"font-weight: 400;\">Outre les conseils matrimoniaux, le Groupe de th\u00e9rapie d\u2019Ottawa propose du counselling familial et des consultations individuelles pour mieux vous outiller face \u00e0 ces enjeux plus vastes. Nous souhaitons vous aider \u00e0 b\u00e2tir des relations positives en tenant compte de l\u2019influence de ces facteurs ext\u00e9rieurs sur votre couple.<\/span><\/p>\n<\/div><\/div><\/div><div class=\"fusion-layout-column fusion_builder_column fusion-builder-column-4 fusion_builder_column_1_1 1_1 fusion-flex-column\" style=\"--awb-bg-size:cover;--awb-width-large:100%;--awb-margin-top-large:0px;--awb-spacing-right-large:1.92%;--awb-margin-bottom-large:20px;--awb-spacing-left-large:1.92%;--awb-width-medium:100%;--awb-order-medium:0;--awb-spacing-right-medium:1.92%;--awb-spacing-left-medium:1.92%;--awb-width-small:100%;--awb-order-small:0;--awb-spacing-right-small:1.92%;--awb-spacing-left-small:1.92%;\"><div class=\"fusion-column-wrapper fusion-column-has-shadow fusion-flex-justify-content-flex-start fusion-content-layout-column\"><div class=\"fusion-title title fusion-title-4 fusion-sep-none fusion-title-text fusion-title-size-three\" style=\"--awb-text-color:var(--awb-color7);--awb-margin-top-small:10px;--awb-margin-right-small:0px;--awb-margin-bottom-small:10px;--awb-margin-left-small:0px;--awb-sep-color:var(--awb-color8);\"><h3 class=\"fusion-title-heading title-heading-left\" style=\"font-family:&quot;Oswald&quot;;font-style:normal;font-weight:400;margin:0;\">PRENEZ LE CHEMIN VERS UN COUPLE PLUS FORT<\/h3><\/div><div class=\"fusion-separator fusion-full-width-sep\" style=\"align-self: center;margin-left: auto;margin-right: auto;margin-top:30px;width:100%;\"><\/div><div class=\"fusion-text fusion-text-4\"><p><span style=\"font-weight: 400;\">Entreprendre des d\u00e9marches pour am\u00e9liorer votre relation peut para\u00eetre intimidant, mais vous n\u2019\u00eates pas seuls. Au Groupe de th\u00e9rapie d\u2019Ottawa, nous sommes \u00e0 votre \u00e9coute, que vous optiez pour une th\u00e9rapie de couple, individuelle ou familiale.<\/span><\/p>\n<p><span style=\"font-weight: 400;\">Avec nos horaires flexibles et la possibilit\u00e9 de consultations en ligne, il est plus simple d\u2019int\u00e9grer la th\u00e9rapie \u00e0 votre rythme de vie. Ne laissez pas une p\u00e9riode difficile s\u2019aggraver\u2014communiquez avec nous d\u00e8s maintenant. Nos tarifs transparents et abordables vous permettront de vous concentrer sur l\u2019essentiel : consolider une relation saine et heureuse.<\/span><\/p>\n<p><a href=\"https:\/\/www.ottawatherapygroup.ca\/fr\/contact\/\"><span style=\"font-weight: 400;\">Contactez-nous<\/span><\/a><span style=\"font-weight: 400;\"> d\u00e8s aujourd\u2019hui pour r\u00e9server votre premi\u00e8re s\u00e9ance de th\u00e9rapie conjugale et amorcer un nouveau chapitre vers une vie de couple plus \u00e9panouie.<\/span><\/p>\n<\/div><\/div><\/div><\/div><\/div><\/p>\n","protected":false},"excerpt":{"rendered":"","protected":false},"author":1,"featured_media":0,"parent":270,"menu_order":0,"comment_status":"closed","ping_status":"closed","template":"100-width.php","meta":{"footnotes":""},"class_list":["post-2079","page","type-page","status-publish","hentry"],"yoast_head":"<!-- This site is optimized with the Yoast SEO plugin v27.4 - https:\/\/yoast.com\/product\/yoast-seo-wordpress\/ -->\n<title>Conseil Matrimonial - OTG<\/title>\n<meta name=\"description\" content=\"Conseil matrimonial \u00e0 Ottawa \u2013 Un soutien personnalis\u00e9 pour aider les couples \u00e0 am\u00e9liorer la communication et surmonter les d\u00e9fis, en personne ou en ligne.\" \/>\n<meta name=\"robots\" content=\"index, follow, max-snippet:-1, max-image-preview:large, max-video-preview:-1\" \/>\n<link rel=\"canonical\" href=\"https:\/\/www.ottawatherapygroup.ca\/fr\/services-fr\/conseils-matrimoniaux\/\" \/>\n<meta property=\"og:locale\" content=\"fr_CA\" \/>\n<meta property=\"og:type\" content=\"article\" \/>\n<meta property=\"og:title\" content=\"Conseil Matrimonial - OTG\" \/>\n<meta property=\"og:description\" content=\"Conseil matrimonial \u00e0 Ottawa \u2013 Un soutien personnalis\u00e9 pour aider les couples \u00e0 am\u00e9liorer la communication et surmonter les d\u00e9fis, en personne ou en ligne.\" \/>\n<meta property=\"og:url\" content=\"https:\/\/www.ottawatherapygroup.ca\/fr\/services-fr\/conseils-matrimoniaux\/\" \/>\n<meta property=\"og:site_name\" content=\"Excellence in Psychotherapy - Ottawa Therapy Group\" \/>\n<meta property=\"article:modified_time\" content=\"2025-05-21T13:27:17+00:00\" \/>\n<meta name=\"twitter:card\" content=\"summary_large_image\" \/>\n<meta name=\"twitter:label1\" content=\"Estimation du temps de lecture\" \/>\n\t<meta name=\"twitter:data1\" content=\"3 minutes\" \/>\n<script type=\"application\/ld+json\" class=\"yoast-schema-graph\">{\"@context\":\"https:\\\/\\\/schema.org\",\"@graph\":[{\"@type\":\"WebPage\",\"@id\":\"https:\\\/\\\/www.ottawatherapygroup.ca\\\/fr\\\/services-fr\\\/conseils-matrimoniaux\\\/\",\"url\":\"https:\\\/\\\/www.ottawatherapygroup.ca\\\/fr\\\/services-fr\\\/conseils-matrimoniaux\\\/\",\"name\":\"Conseil Matrimonial - OTG\",\"isPartOf\":{\"@id\":\"https:\\\/\\\/www.ottawatherapygroup.ca\\\/fr\\\/#website\"},\"datePublished\":\"2024-09-24T18:15:27+00:00\",\"dateModified\":\"2025-05-21T13:27:17+00:00\",\"description\":\"Conseil matrimonial \u00e0 Ottawa \u2013 Un soutien personnalis\u00e9 pour aider les couples \u00e0 am\u00e9liorer la communication et surmonter les d\u00e9fis, en personne ou en ligne.\",\"breadcrumb\":{\"@id\":\"https:\\\/\\\/www.ottawatherapygroup.ca\\\/fr\\\/services-fr\\\/conseils-matrimoniaux\\\/#breadcrumb\"},\"inLanguage\":\"fr-CA\",\"potentialAction\":[{\"@type\":\"ReadAction\",\"target\":[\"https:\\\/\\\/www.ottawatherapygroup.ca\\\/fr\\\/services-fr\\\/conseils-matrimoniaux\\\/\"]}]},{\"@type\":\"BreadcrumbList\",\"@id\":\"https:\\\/\\\/www.ottawatherapygroup.ca\\\/fr\\\/services-fr\\\/conseils-matrimoniaux\\\/#breadcrumb\",\"itemListElement\":[{\"@type\":\"ListItem\",\"position\":1,\"name\":\"Home\",\"item\":\"https:\\\/\\\/www.ottawatherapygroup.ca\\\/fr\\\/\"},{\"@type\":\"ListItem\",\"position\":2,\"name\":\"Services\",\"item\":\"https:\\\/\\\/www.ottawatherapygroup.ca\\\/fr\\\/services-fr\\\/\"},{\"@type\":\"ListItem\",\"position\":3,\"name\":\"CONSEIL MATRIMONIAL \u2013 OTTAWA, ONTARIO\"}]},{\"@type\":\"WebSite\",\"@id\":\"https:\\\/\\\/www.ottawatherapygroup.ca\\\/fr\\\/#website\",\"url\":\"https:\\\/\\\/www.ottawatherapygroup.ca\\\/fr\\\/\",\"name\":\"Excellence in Psychotherapy - Ottawa Therapy Group\",\"description\":\"\",\"potentialAction\":[{\"@type\":\"SearchAction\",\"target\":{\"@type\":\"EntryPoint\",\"urlTemplate\":\"https:\\\/\\\/www.ottawatherapygroup.ca\\\/fr\\\/?s={search_term_string}\"},\"query-input\":{\"@type\":\"PropertyValueSpecification\",\"valueRequired\":true,\"valueName\":\"search_term_string\"}}],\"inLanguage\":\"fr-CA\"}]}<\/script>\n<!-- \/ Yoast SEO plugin. -->","yoast_head_json":{"title":"Conseil Matrimonial - OTG","description":"Conseil matrimonial \u00e0 Ottawa \u2013 Un soutien personnalis\u00e9 pour aider les couples \u00e0 am\u00e9liorer la communication et surmonter les d\u00e9fis, en personne ou en ligne.","robots":{"index":"index","follow":"follow","max-snippet":"max-snippet:-1","max-image-preview":"max-image-preview:large","max-video-preview":"max-video-preview:-1"},"canonical":"https:\/\/www.ottawatherapygroup.ca\/fr\/services-fr\/conseils-matrimoniaux\/","og_locale":"fr_CA","og_type":"article","og_title":"Conseil Matrimonial - OTG","og_description":"Conseil matrimonial \u00e0 Ottawa \u2013 Un soutien personnalis\u00e9 pour aider les couples \u00e0 am\u00e9liorer la communication et surmonter les d\u00e9fis, en personne ou en ligne.","og_url":"https:\/\/www.ottawatherapygroup.ca\/fr\/services-fr\/conseils-matrimoniaux\/","og_site_name":"Excellence in Psychotherapy - Ottawa Therapy Group","article_modified_time":"2025-05-21T13:27:17+00:00","twitter_card":"summary_large_image","twitter_misc":{"Estimation du temps de lecture":"3 minutes"},"schema":{"@context":"https:\/\/schema.org","@graph":[{"@type":"WebPage","@id":"https:\/\/www.ottawatherapygroup.ca\/fr\/services-fr\/conseils-matrimoniaux\/","url":"https:\/\/www.ottawatherapygroup.ca\/fr\/services-fr\/conseils-matrimoniaux\/","name":"Conseil Matrimonial - OTG","isPartOf":{"@id":"https:\/\/www.ottawatherapygroup.ca\/fr\/#website"},"datePublished":"2024-09-24T18:15:27+00:00","dateModified":"2025-05-21T13:27:17+00:00","description":"Conseil matrimonial \u00e0 Ottawa \u2013 Un soutien personnalis\u00e9 pour aider les couples \u00e0 am\u00e9liorer la communication et surmonter les d\u00e9fis, en personne ou en ligne.","breadcrumb":{"@id":"https:\/\/www.ottawatherapygroup.ca\/fr\/services-fr\/conseils-matrimoniaux\/#breadcrumb"},"inLanguage":"fr-CA","potentialAction":[{"@type":"ReadAction","target":["https:\/\/www.ottawatherapygroup.ca\/fr\/services-fr\/conseils-matrimoniaux\/"]}]},{"@type":"BreadcrumbList","@id":"https:\/\/www.ottawatherapygroup.ca\/fr\/services-fr\/conseils-matrimoniaux\/#breadcrumb","itemListElement":[{"@type":"ListItem","position":1,"name":"Home","item":"https:\/\/www.ottawatherapygroup.ca\/fr\/"},{"@type":"ListItem","position":2,"name":"Services","item":"https:\/\/www.ottawatherapygroup.ca\/fr\/services-fr\/"},{"@type":"ListItem","position":3,"name":"CONSEIL MATRIMONIAL \u2013 OTTAWA, ONTARIO"}]},{"@type":"WebSite","@id":"https:\/\/www.ottawatherapygroup.ca\/fr\/#website","url":"https:\/\/www.ottawatherapygroup.ca\/fr\/","name":"Excellence in Psychotherapy - Ottawa Therapy Group","description":"","potentialAction":[{"@type":"SearchAction","target":{"@type":"EntryPoint","urlTemplate":"https:\/\/www.ottawatherapygroup.ca\/fr\/?s={search_term_string}"},"query-input":{"@type":"PropertyValueSpecification","valueRequired":true,"valueName":"search_term_string"}}],"inLanguage":"fr-CA"}]}},"_links":{"self":[{"href":"https:\/\/www.ottawatherapygroup.ca\/fr\/wp-json\/wp\/v2\/pages\/2079","targetHints":{"allow":["GET"]}}],"collection":[{"href":"https:\/\/www.ottawatherapygroup.ca\/fr\/wp-json\/wp\/v2\/pages"}],"about":[{"href":"https:\/\/www.ottawatherapygroup.ca\/fr\/wp-json\/wp\/v2\/types\/page"}],"author":[{"embeddable":true,"href":"https:\/\/www.ottawatherapygroup.ca\/fr\/wp-json\/wp\/v2\/users\/1"}],"replies":[{"embeddable":true,"href":"https:\/\/www.ottawatherapygroup.ca\/fr\/wp-json\/wp\/v2\/comments?post=2079"}],"version-history":[{"count":0,"href":"https:\/\/www.ottawatherapygroup.ca\/fr\/wp-json\/wp\/v2\/pages\/2079\/revisions"}],"up":[{"embeddable":true,"href":"https:\/\/www.ottawatherapygroup.ca\/fr\/wp-json\/wp\/v2\/pages\/270"}],"wp:attachment":[{"href":"https:\/\/www.ottawatherapygroup.ca\/fr\/wp-json\/wp\/v2\/media?parent=2079"}],"curies":[{"name":"wp","href":"https:\/\/api.w.org\/{rel}","templated":true}]}}