{"id":2123,"date":"2025-06-04T15:45:15","date_gmt":"2025-06-04T19:45:15","guid":{"rendered":"https:\/\/www.ottawatherapygroup.ca\/lieux\/counselling-services-new-brunswick\/"},"modified":"2025-06-04T16:04:49","modified_gmt":"2025-06-04T20:04:49","slug":"services-de-counseling-nouveau-brunswick","status":"publish","type":"page","link":"https:\/\/www.ottawatherapygroup.ca\/fr\/lieux\/services-de-counseling-nouveau-brunswick\/","title":{"rendered":"SERVICES DE COUNSELING AU NOUVEAU-BRUNSWICK"},"content":{"rendered":"<p><div class=\"fusion-fullwidth fullwidth-box fusion-builder-row-1 fusion-flex-container has-pattern-background has-mask-background nonhundred-percent-fullwidth non-hundred-percent-height-scrolling\" style=\"--awb-border-radius-top-left:0px;--awb-border-radius-top-right:0px;--awb-border-radius-bottom-right:0px;--awb-border-radius-bottom-left:0px;--awb-padding-top:70px;--awb-padding-bottom:70px;--awb-flex-wrap:wrap;\" ><div class=\"fusion-builder-row fusion-row fusion-flex-align-items-center fusion-flex-justify-content-center fusion-flex-content-wrap\" style=\"max-width:1248px;margin-left: calc(-4% \/ 2 );margin-right: calc(-4% \/ 2 );\"><div class=\"fusion-layout-column fusion_builder_column fusion-builder-column-0 fusion_builder_column_1_2 1_2 fusion-flex-column\" style=\"--awb-bg-size:cover;--awb-width-large:50%;--awb-margin-top-large:0px;--awb-spacing-right-large:3.84%;--awb-margin-bottom-large:20px;--awb-spacing-left-large:3.84%;--awb-width-medium:50%;--awb-order-medium:0;--awb-spacing-right-medium:3.84%;--awb-spacing-left-medium:3.84%;--awb-width-small:100%;--awb-order-small:0;--awb-spacing-right-small:1.92%;--awb-spacing-left-small:1.92%;\" data-scroll-devices=\"small-visibility,medium-visibility,large-visibility\"><div class=\"fusion-column-wrapper fusion-column-has-shadow fusion-flex-justify-content-flex-start fusion-content-layout-column\"><div class=\"fusion-title title fusion-title-1 fusion-sep-none fusion-title-text fusion-title-size-two\" style=\"--awb-text-color:var(--awb-color5);--awb-margin-top-small:10px;--awb-margin-right-small:0px;--awb-margin-bottom-small:10px;--awb-margin-left-small:0px;--awb-sep-color:var(--awb-color8);\"><h2 class=\"fusion-title-heading title-heading-left\" style=\"font-family:&quot;Oswald&quot;;font-style:normal;font-weight:400;margin:0;\">UN ACC\u00c8S \u00c0 DES SOINS DE QUALIT\u00c9\u2014SANS LIMITES G\u00c9OGRAPHIQUES<\/h2><\/div><div class=\"fusion-text fusion-text-1\" style=\"--awb-content-alignment:left;\"><div class=\"uk-panel uk-margin\">\n<p><span style=\"font-weight: 400;\">Dans une province aussi vaste et vari\u00e9e que le Nouveau-Brunswick, l\u2019acc\u00e8s aux soins en sant\u00e9 mentale peut \u00eatre in\u00e9gal. Pour beaucoup, les longues distances, les listes d\u2019attente ou un emploi du temps charg\u00e9 rendent difficile l\u2019acc\u00e8s \u00e0 un centre de counseling traditionnel.<\/span><\/p>\n<p><span style=\"font-weight: 400;\">Le Groupe de th\u00e9rapie d\u2019Ottawa propose une alternative : des <\/span><a href=\"https:\/\/www.ottawatherapygroup.ca\/fr\/services-fr\/therapie-et-counseling-en-ligne\/\"><span style=\"font-weight: 400;\">services de counseling et de th\u00e9rapie en ligne<\/span><\/a><span style=\"font-weight: 400;\"> s\u00e9curis\u00e9s et professionnels, accessibles o\u00f9 que vous soyez. Que vous soyez \u00e0 Moncton, Fredericton, Saint John ou dans une petite communaut\u00e9 rurale, nos th\u00e9rapeutes agr\u00e9\u00e9s sont l\u00e0 pour vous accompagner gr\u00e2ce \u00e0 des approches structur\u00e9es, fond\u00e9es sur des donn\u00e9es probantes.<\/span><\/p>\n<\/div>\n<\/div><\/div><\/div><div class=\"fusion-layout-column fusion_builder_column fusion-builder-column-1 fusion_builder_column_1_2 1_2 fusion-flex-column fusion-column-inner-bg-wrapper fusion-column-liftup-border\" style=\"--awb-inner-bg-size:cover;--awb-width-large:50%;--awb-margin-top-large:0px;--awb-spacing-right-large:3.84%;--awb-margin-bottom-large:20px;--awb-spacing-left-large:3.84%;--awb-width-medium:50%;--awb-order-medium:0;--awb-spacing-right-medium:3.84%;--awb-spacing-left-medium:3.84%;--awb-width-small:100%;--awb-order-small:0;--awb-spacing-right-small:1.92%;--awb-spacing-left-small:1.92%;\" data-scroll-devices=\"small-visibility,medium-visibility,large-visibility\"><span class=\"fusion-column-inner-bg hover-type-liftup\"><span class=\"fusion-column-anchor\"><span class=\"fusion-column-inner-bg-image\"><\/span><\/span><\/span><div class=\"fusion-column-wrapper fusion-flex-justify-content-flex-start fusion-content-layout-column\"><div class=\"fusion-image-element \" style=\"--awb-caption-title-font-family:var(--h2_typography-font-family);--awb-caption-title-font-weight:var(--h2_typography-font-weight);--awb-caption-title-font-style:var(--h2_typography-font-style);--awb-caption-title-size:var(--h2_typography-font-size);--awb-caption-title-transform:var(--h2_typography-text-transform);--awb-caption-title-line-height:var(--h2_typography-line-height);--awb-caption-title-letter-spacing:var(--h2_typography-letter-spacing);\"><span class=\" fusion-imageframe imageframe-none imageframe-1 hover-type-none\"><img decoding=\"async\" width=\"900\" height=\"675\" alt=\"Th\u00e9rapie En Ligne\/Virtuelle\" title=\"2-ae969dce\" src=\"https:\/\/www.ottawatherapygroup.ca\/wp-content\/uploads\/2024\/05\/2-ae969dce.webp\" class=\"img-responsive wp-image-191\" srcset=\"https:\/\/www.ottawatherapygroup.ca\/wp-content\/uploads\/2024\/05\/2-ae969dce-200x150.webp 200w, https:\/\/www.ottawatherapygroup.ca\/wp-content\/uploads\/2024\/05\/2-ae969dce-400x300.webp 400w, https:\/\/www.ottawatherapygroup.ca\/wp-content\/uploads\/2024\/05\/2-ae969dce-600x450.webp 600w, https:\/\/www.ottawatherapygroup.ca\/wp-content\/uploads\/2024\/05\/2-ae969dce-800x600.webp 800w, https:\/\/www.ottawatherapygroup.ca\/wp-content\/uploads\/2024\/05\/2-ae969dce.webp 900w\" sizes=\"(max-width: 640px) 100vw, 600px\" \/><\/span><\/div><\/div><\/div><\/div><\/div><div class=\"fusion-fullwidth fullwidth-box fusion-builder-row-2 fusion-flex-container has-pattern-background has-mask-background nonhundred-percent-fullwidth non-hundred-percent-height-scrolling\" style=\"--awb-border-radius-top-left:0px;--awb-border-radius-top-right:0px;--awb-border-radius-bottom-right:0px;--awb-border-radius-bottom-left:0px;--awb-padding-top:60px;--awb-padding-bottom:60px;--awb-background-color:var(--awb-color2);--awb-flex-wrap:wrap;\" ><div class=\"fusion-builder-row fusion-row fusion-flex-align-items-flex-start fusion-flex-content-wrap\" style=\"max-width:1248px;margin-left: calc(-4% \/ 2 );margin-right: calc(-4% \/ 2 );\"><div class=\"fusion-layout-column fusion_builder_column fusion-builder-column-2 fusion_builder_column_1_1 1_1 fusion-flex-column\" style=\"--awb-bg-size:cover;--awb-width-large:100%;--awb-margin-top-large:0px;--awb-spacing-right-large:1.92%;--awb-margin-bottom-large:20px;--awb-spacing-left-large:1.92%;--awb-width-medium:100%;--awb-order-medium:0;--awb-spacing-right-medium:1.92%;--awb-spacing-left-medium:1.92%;--awb-width-small:100%;--awb-order-small:0;--awb-spacing-right-small:1.92%;--awb-spacing-left-small:1.92%;\"><div class=\"fusion-column-wrapper fusion-column-has-shadow fusion-flex-justify-content-flex-start fusion-content-layout-column\"><div class=\"fusion-title title fusion-title-2 fusion-sep-none fusion-title-text fusion-title-size-three\" style=\"--awb-text-color:var(--awb-color7);--awb-margin-top-small:10px;--awb-margin-right-small:0px;--awb-margin-bottom-small:10px;--awb-margin-left-small:0px;--awb-sep-color:var(--awb-color8);\"><h3 class=\"fusion-title-heading title-heading-left\" style=\"font-family:&quot;Oswald&quot;;font-style:normal;font-weight:400;margin:0;\">UNE TH\u00c9RAPIE ADAPT\u00c9E \u00c0 VOTRE R\u00c9ALIT\u00c9\u2014SANS COMPROMIS SUR LA QUALIT\u00c9<\/h3><\/div><div class=\"fusion-separator fusion-full-width-sep\" style=\"align-self: center;margin-left: auto;margin-right: auto;margin-top:30px;width:100%;\"><\/div><div class=\"fusion-text fusion-text-2\"><p><span style=\"font-weight: 400;\">La th\u00e9rapie en ligne n\u2019est pas une solution de rechange \u00e0 la th\u00e9rapie en personne. C\u2019est une modalit\u00e9 diff\u00e9rente\u2014qui offre de la flexibilit\u00e9 sans r\u00e9duire les normes cliniques.<\/span><\/p>\n<p><span style=\"font-weight: 400;\">Par le biais de s\u00e9ances vid\u00e9o, nos th\u00e9rapeutes accompagnent des personnes confront\u00e9es \u00e0 divers enjeux de sant\u00e9 mentale : trouble d\u2019anxi\u00e9t\u00e9 g\u00e9n\u00e9ralis\u00e9e, phobie sociale, trouble de stress post-traumatique (TSPT), d\u00e9pression, trouble obsessionnel-compulsif, stress, traumatisme, troubles alimentaires, entre autres. Nous intervenons autant sur des probl\u00e8mes de longue date que sur des situations r\u00e9centes ou contextuelles, en utilisant des m\u00e9thodes \u00e9prouv\u00e9es comme la<\/span><a href=\"https:\/\/www.ottawatherapygroup.ca\/fr\/la-therapie-cognitivo-comportementale\/\"><span style=\"font-weight: 400;\"> th\u00e9rapie cognitivo-comportementale (TCC)<\/span><\/a><span style=\"font-weight: 400;\">.<\/span><\/p>\n<p><span style=\"font-weight: 400;\">La th\u00e9rapie par la parole peut vous aider \u00e0 d\u00e9velopper des strat\u00e9gies d\u2019adaptation, \u00e0 traiter des exp\u00e9riences complexes et \u00e0 favoriser des changements durables. Si vous ne savez pas par o\u00f9 commencer, une premi\u00e8re conversation peut suffire.<\/span><\/p>\n<\/div><\/div><\/div><div class=\"fusion-layout-column fusion_builder_column fusion-builder-column-3 fusion_builder_column_1_1 1_1 fusion-flex-column\" style=\"--awb-bg-size:cover;--awb-width-large:100%;--awb-margin-top-large:0px;--awb-spacing-right-large:1.92%;--awb-margin-bottom-large:20px;--awb-spacing-left-large:1.92%;--awb-width-medium:100%;--awb-order-medium:0;--awb-spacing-right-medium:1.92%;--awb-spacing-left-medium:1.92%;--awb-width-small:100%;--awb-order-small:0;--awb-spacing-right-small:1.92%;--awb-spacing-left-small:1.92%;\"><div class=\"fusion-column-wrapper fusion-column-has-shadow fusion-flex-justify-content-flex-start fusion-content-layout-column\"><div class=\"fusion-title title fusion-title-3 fusion-sep-none fusion-title-text fusion-title-size-three\" style=\"--awb-text-color:var(--awb-color7);--awb-margin-top-small:10px;--awb-margin-right-small:0px;--awb-margin-bottom-small:10px;--awb-margin-left-small:0px;--awb-sep-color:var(--awb-color8);\"><h3 class=\"fusion-title-heading title-heading-left\" style=\"font-family:&quot;Oswald&quot;;font-style:normal;font-weight:400;margin:0;\">DES NORMES DE CONFIDENTIALIT\u00c9 \u00c9LEV\u00c9ES. DES LIMITES CLAIRES.<\/h3><\/div><div class=\"fusion-separator fusion-full-width-sep\" style=\"align-self: center;margin-left: auto;margin-right: auto;margin-top:30px;width:100%;\"><\/div><div class=\"fusion-text fusion-text-3\"><p><span style=\"font-weight: 400;\">Nous savons que la confiance et la confidentialit\u00e9 sont essentielles en th\u00e9rapie. C\u2019est pourquoi toutes nos s\u00e9ances sont tenues sur des plateformes vid\u00e9o chiffr\u00e9es, conformes aux normes PHIPA et LPRPDE\u2014les r\u00e9f\u00e9rences canadiennes en mati\u00e8re de protection des donn\u00e9es de sant\u00e9.<\/span><\/p>\n<p><span style=\"font-weight: 400;\">Du premier contact jusqu\u2019au suivi \u00e0 long terme, nous nous engageons \u00e0 prot\u00e9ger vos informations personnelles et \u00e0 garantir un espace th\u00e9rapeutique s\u00e9curitaire.<\/span><\/p>\n<\/div><\/div><\/div><div class=\"fusion-layout-column fusion_builder_column fusion-builder-column-4 fusion_builder_column_1_1 1_1 fusion-flex-column\" style=\"--awb-bg-size:cover;--awb-width-large:100%;--awb-margin-top-large:0px;--awb-spacing-right-large:1.92%;--awb-margin-bottom-large:20px;--awb-spacing-left-large:1.92%;--awb-width-medium:100%;--awb-order-medium:0;--awb-spacing-right-medium:1.92%;--awb-spacing-left-medium:1.92%;--awb-width-small:100%;--awb-order-small:0;--awb-spacing-right-small:1.92%;--awb-spacing-left-small:1.92%;\"><div class=\"fusion-column-wrapper fusion-column-has-shadow fusion-flex-justify-content-flex-start fusion-content-layout-column\"><div class=\"fusion-title title fusion-title-4 fusion-sep-none fusion-title-text fusion-title-size-three\" style=\"--awb-text-color:var(--awb-color7);--awb-margin-top-small:10px;--awb-margin-right-small:0px;--awb-margin-bottom-small:10px;--awb-margin-left-small:0px;--awb-sep-color:var(--awb-color8);\"><h3 class=\"fusion-title-heading title-heading-left\" style=\"font-family:&quot;Oswald&quot;;font-style:normal;font-weight:400;margin:0;\">DES SERVICES DE COUNSELING SP\u00c9CIALIS\u00c9S, OFFERTS PAR UNE \u00c9QUIPE COLLABORATIVE<\/h3><\/div><div class=\"fusion-separator fusion-full-width-sep\" style=\"align-self: center;margin-left: auto;margin-right: auto;margin-top:30px;width:100%;\"><\/div><div class=\"fusion-text fusion-text-4\"><p><span style=\"font-weight: 400;\">Nous accompagnons des clients partout au Nouveau-Brunswick, tant en th\u00e9rapie individuelle qu\u2019en<\/span><a href=\"https:\/\/www.ottawatherapygroup.ca\/fr\/services-fr\/conseil-de-couple\/\"><span style=\"font-weight: 400;\"> th\u00e9rapie de couple<\/span><\/a><span style=\"font-weight: 400;\">, avec des options adapt\u00e9es \u00e0 vos besoins. Notre \u00e9quipe de<\/span><a href=\"https:\/\/www.ottawatherapygroup.ca\/fr\/therapeutes\/\"><span style=\"font-weight: 400;\"> th\u00e9rapeutes<\/span><\/a><span style=\"font-weight: 400;\"> regroupe des professionnels aux sp\u00e9cialit\u00e9s vari\u00e9es, ce qui nous permet d\u2019associer chaque client au clinicien qui correspond le mieux \u00e0 ses objectifs.<\/span><\/p>\n<p><span style=\"font-weight: 400;\">Si vous recherchez un centre de counseling au Nouveau-Brunswick, un psychoth\u00e9rapeute inscrit ou un th\u00e9rapeute agr\u00e9\u00e9 en qui vous pouvez avoir confiance, nous vous invitons \u00e0 communiquer avec nous. Nos services en ligne visent \u00e0 rendre les soins plus accessibles, sans compromis sur la profondeur, la qualit\u00e9 ou le professionnalisme.<\/span><\/p>\n<p><span style=\"font-weight: 400;\">Que vous traversiez un nouveau diagnostic, des tensions relationnelles, une condition chronique ou une transition de vie importante, nous sommes l\u00e0 pour vous accompagner dans vos pr\u00e9occupations en sant\u00e9 mentale.<\/span><\/p>\n<\/div><\/div><\/div><div class=\"fusion-layout-column fusion_builder_column fusion-builder-column-5 fusion_builder_column_1_1 1_1 fusion-flex-column\" style=\"--awb-bg-size:cover;--awb-width-large:100%;--awb-margin-top-large:0px;--awb-spacing-right-large:1.92%;--awb-margin-bottom-large:20px;--awb-spacing-left-large:1.92%;--awb-width-medium:100%;--awb-order-medium:0;--awb-spacing-right-medium:1.92%;--awb-spacing-left-medium:1.92%;--awb-width-small:100%;--awb-order-small:0;--awb-spacing-right-small:1.92%;--awb-spacing-left-small:1.92%;\"><div class=\"fusion-column-wrapper fusion-column-has-shadow fusion-flex-justify-content-flex-start fusion-content-layout-column\"><div class=\"fusion-separator fusion-full-width-sep\" style=\"align-self: center;margin-left: auto;margin-right: auto;margin-top:30px;width:100%;\"><\/div><\/div><\/div><\/div><\/div><\/p>\n","protected":false},"excerpt":{"rendered":"","protected":false},"author":1,"featured_media":0,"parent":2019,"menu_order":0,"comment_status":"closed","ping_status":"closed","template":"100-width.php","meta":{"footnotes":""},"class_list":["post-2123","page","type-page","status-publish","hentry"],"yoast_head":"<!-- This site is optimized with the Yoast SEO plugin v27.4 - https:\/\/yoast.com\/product\/yoast-seo-wordpress\/ -->\n<title>Services de counseling et de th\u00e9rapie au Nouveau-Brunswick \u2013 Th\u00e9rapie en ligne | Groupe de th\u00e9rapie d\u2019Ottawa<\/title>\n<meta name=\"description\" content=\"Vous cherchez un th\u00e9rapeute agr\u00e9\u00e9 au Nouveau-Brunswick ? Le Groupe de th\u00e9rapie d\u2019Ottawa offre des services de th\u00e9rapie en ligne professionnels et s\u00e9curis\u00e9s.\" \/>\n<meta name=\"robots\" content=\"index, follow, max-snippet:-1, max-image-preview:large, max-video-preview:-1\" \/>\n<link rel=\"canonical\" href=\"https:\/\/www.ottawatherapygroup.ca\/fr\/lieux\/services-de-counseling-nouveau-brunswick\/\" \/>\n<meta property=\"og:locale\" content=\"fr_CA\" \/>\n<meta property=\"og:type\" content=\"article\" \/>\n<meta property=\"og:title\" content=\"Services de counseling et de th\u00e9rapie au Nouveau-Brunswick \u2013 Th\u00e9rapie en ligne | Groupe de th\u00e9rapie d\u2019Ottawa\" \/>\n<meta property=\"og:description\" content=\"Vous cherchez un th\u00e9rapeute agr\u00e9\u00e9 au Nouveau-Brunswick ? Le Groupe de th\u00e9rapie d\u2019Ottawa offre des services de th\u00e9rapie en ligne professionnels et s\u00e9curis\u00e9s.\" \/>\n<meta property=\"og:url\" content=\"https:\/\/www.ottawatherapygroup.ca\/fr\/lieux\/services-de-counseling-nouveau-brunswick\/\" \/>\n<meta property=\"og:site_name\" content=\"Excellence in Psychotherapy - Ottawa Therapy Group\" \/>\n<meta property=\"article:modified_time\" content=\"2025-06-04T20:04:49+00:00\" \/>\n<meta name=\"twitter:card\" content=\"summary_large_image\" \/>\n<meta name=\"twitter:label1\" content=\"Estimation du temps de lecture\" \/>\n\t<meta name=\"twitter:data1\" content=\"3 minutes\" \/>\n<script type=\"application\/ld+json\" class=\"yoast-schema-graph\">{\"@context\":\"https:\\\/\\\/schema.org\",\"@graph\":[{\"@type\":\"WebPage\",\"@id\":\"https:\\\/\\\/www.ottawatherapygroup.ca\\\/fr\\\/lieux\\\/services-de-counseling-nouveau-brunswick\\\/\",\"url\":\"https:\\\/\\\/www.ottawatherapygroup.ca\\\/fr\\\/lieux\\\/services-de-counseling-nouveau-brunswick\\\/\",\"name\":\"Services de counseling et de th\u00e9rapie au Nouveau-Brunswick \u2013 Th\u00e9rapie en ligne | Groupe de th\u00e9rapie d\u2019Ottawa\",\"isPartOf\":{\"@id\":\"https:\\\/\\\/www.ottawatherapygroup.ca\\\/fr\\\/#website\"},\"datePublished\":\"2025-06-04T19:45:15+00:00\",\"dateModified\":\"2025-06-04T20:04:49+00:00\",\"description\":\"Vous cherchez un th\u00e9rapeute agr\u00e9\u00e9 au Nouveau-Brunswick ? Le Groupe de th\u00e9rapie d\u2019Ottawa offre des services de th\u00e9rapie en ligne professionnels et s\u00e9curis\u00e9s.\",\"breadcrumb\":{\"@id\":\"https:\\\/\\\/www.ottawatherapygroup.ca\\\/fr\\\/lieux\\\/services-de-counseling-nouveau-brunswick\\\/#breadcrumb\"},\"inLanguage\":\"fr-CA\",\"potentialAction\":[{\"@type\":\"ReadAction\",\"target\":[\"https:\\\/\\\/www.ottawatherapygroup.ca\\\/fr\\\/lieux\\\/services-de-counseling-nouveau-brunswick\\\/\"]}]},{\"@type\":\"BreadcrumbList\",\"@id\":\"https:\\\/\\\/www.ottawatherapygroup.ca\\\/fr\\\/lieux\\\/services-de-counseling-nouveau-brunswick\\\/#breadcrumb\",\"itemListElement\":[{\"@type\":\"ListItem\",\"position\":1,\"name\":\"Home\",\"item\":\"https:\\\/\\\/www.ottawatherapygroup.ca\\\/fr\\\/\"},{\"@type\":\"ListItem\",\"position\":2,\"name\":\"Lieux\",\"item\":\"https:\\\/\\\/www.ottawatherapygroup.ca\\\/fr\\\/lieux\\\/\"},{\"@type\":\"ListItem\",\"position\":3,\"name\":\"SERVICES DE COUNSELING AU NOUVEAU-BRUNSWICK\"}]},{\"@type\":\"WebSite\",\"@id\":\"https:\\\/\\\/www.ottawatherapygroup.ca\\\/fr\\\/#website\",\"url\":\"https:\\\/\\\/www.ottawatherapygroup.ca\\\/fr\\\/\",\"name\":\"Excellence in Psychotherapy - Ottawa Therapy Group\",\"description\":\"\",\"potentialAction\":[{\"@type\":\"SearchAction\",\"target\":{\"@type\":\"EntryPoint\",\"urlTemplate\":\"https:\\\/\\\/www.ottawatherapygroup.ca\\\/fr\\\/?s={search_term_string}\"},\"query-input\":{\"@type\":\"PropertyValueSpecification\",\"valueRequired\":true,\"valueName\":\"search_term_string\"}}],\"inLanguage\":\"fr-CA\"}]}<\/script>\n<!-- \/ Yoast SEO plugin. -->","yoast_head_json":{"title":"Services de counseling et de th\u00e9rapie au Nouveau-Brunswick \u2013 Th\u00e9rapie en ligne | Groupe de th\u00e9rapie d\u2019Ottawa","description":"Vous cherchez un th\u00e9rapeute agr\u00e9\u00e9 au Nouveau-Brunswick ? Le Groupe de th\u00e9rapie d\u2019Ottawa offre des services de th\u00e9rapie en ligne professionnels et s\u00e9curis\u00e9s.","robots":{"index":"index","follow":"follow","max-snippet":"max-snippet:-1","max-image-preview":"max-image-preview:large","max-video-preview":"max-video-preview:-1"},"canonical":"https:\/\/www.ottawatherapygroup.ca\/fr\/lieux\/services-de-counseling-nouveau-brunswick\/","og_locale":"fr_CA","og_type":"article","og_title":"Services de counseling et de th\u00e9rapie au Nouveau-Brunswick \u2013 Th\u00e9rapie en ligne | Groupe de th\u00e9rapie d\u2019Ottawa","og_description":"Vous cherchez un th\u00e9rapeute agr\u00e9\u00e9 au Nouveau-Brunswick ? Le Groupe de th\u00e9rapie d\u2019Ottawa offre des services de th\u00e9rapie en ligne professionnels et s\u00e9curis\u00e9s.","og_url":"https:\/\/www.ottawatherapygroup.ca\/fr\/lieux\/services-de-counseling-nouveau-brunswick\/","og_site_name":"Excellence in Psychotherapy - Ottawa Therapy Group","article_modified_time":"2025-06-04T20:04:49+00:00","twitter_card":"summary_large_image","twitter_misc":{"Estimation du temps de lecture":"3 minutes"},"schema":{"@context":"https:\/\/schema.org","@graph":[{"@type":"WebPage","@id":"https:\/\/www.ottawatherapygroup.ca\/fr\/lieux\/services-de-counseling-nouveau-brunswick\/","url":"https:\/\/www.ottawatherapygroup.ca\/fr\/lieux\/services-de-counseling-nouveau-brunswick\/","name":"Services de counseling et de th\u00e9rapie au Nouveau-Brunswick \u2013 Th\u00e9rapie en ligne | Groupe de th\u00e9rapie d\u2019Ottawa","isPartOf":{"@id":"https:\/\/www.ottawatherapygroup.ca\/fr\/#website"},"datePublished":"2025-06-04T19:45:15+00:00","dateModified":"2025-06-04T20:04:49+00:00","description":"Vous cherchez un th\u00e9rapeute agr\u00e9\u00e9 au Nouveau-Brunswick ? Le Groupe de th\u00e9rapie d\u2019Ottawa offre des services de th\u00e9rapie en ligne professionnels et s\u00e9curis\u00e9s.","breadcrumb":{"@id":"https:\/\/www.ottawatherapygroup.ca\/fr\/lieux\/services-de-counseling-nouveau-brunswick\/#breadcrumb"},"inLanguage":"fr-CA","potentialAction":[{"@type":"ReadAction","target":["https:\/\/www.ottawatherapygroup.ca\/fr\/lieux\/services-de-counseling-nouveau-brunswick\/"]}]},{"@type":"BreadcrumbList","@id":"https:\/\/www.ottawatherapygroup.ca\/fr\/lieux\/services-de-counseling-nouveau-brunswick\/#breadcrumb","itemListElement":[{"@type":"ListItem","position":1,"name":"Home","item":"https:\/\/www.ottawatherapygroup.ca\/fr\/"},{"@type":"ListItem","position":2,"name":"Lieux","item":"https:\/\/www.ottawatherapygroup.ca\/fr\/lieux\/"},{"@type":"ListItem","position":3,"name":"SERVICES DE COUNSELING AU NOUVEAU-BRUNSWICK"}]},{"@type":"WebSite","@id":"https:\/\/www.ottawatherapygroup.ca\/fr\/#website","url":"https:\/\/www.ottawatherapygroup.ca\/fr\/","name":"Excellence in Psychotherapy - Ottawa Therapy Group","description":"","potentialAction":[{"@type":"SearchAction","target":{"@type":"EntryPoint","urlTemplate":"https:\/\/www.ottawatherapygroup.ca\/fr\/?s={search_term_string}"},"query-input":{"@type":"PropertyValueSpecification","valueRequired":true,"valueName":"search_term_string"}}],"inLanguage":"fr-CA"}]}},"_links":{"self":[{"href":"https:\/\/www.ottawatherapygroup.ca\/fr\/wp-json\/wp\/v2\/pages\/2123","targetHints":{"allow":["GET"]}}],"collection":[{"href":"https:\/\/www.ottawatherapygroup.ca\/fr\/wp-json\/wp\/v2\/pages"}],"about":[{"href":"https:\/\/www.ottawatherapygroup.ca\/fr\/wp-json\/wp\/v2\/types\/page"}],"author":[{"embeddable":true,"href":"https:\/\/www.ottawatherapygroup.ca\/fr\/wp-json\/wp\/v2\/users\/1"}],"replies":[{"embeddable":true,"href":"https:\/\/www.ottawatherapygroup.ca\/fr\/wp-json\/wp\/v2\/comments?post=2123"}],"version-history":[{"count":0,"href":"https:\/\/www.ottawatherapygroup.ca\/fr\/wp-json\/wp\/v2\/pages\/2123\/revisions"}],"up":[{"embeddable":true,"href":"https:\/\/www.ottawatherapygroup.ca\/fr\/wp-json\/wp\/v2\/pages\/2019"}],"wp:attachment":[{"href":"https:\/\/www.ottawatherapygroup.ca\/fr\/wp-json\/wp\/v2\/media?parent=2123"}],"curies":[{"name":"wp","href":"https:\/\/api.w.org\/{rel}","templated":true}]}}