{"id":2129,"date":"2025-06-04T16:16:14","date_gmt":"2025-06-04T20:16:14","guid":{"rendered":"https:\/\/www.ottawatherapygroup.ca\/lieux\/counselling-services-nova-scotia\/"},"modified":"2025-06-04T16:18:54","modified_gmt":"2025-06-04T20:18:54","slug":"services-de-counseling-nouvelle-ecosse","status":"publish","type":"page","link":"https:\/\/www.ottawatherapygroup.ca\/fr\/lieux\/services-de-counseling-nouvelle-ecosse\/","title":{"rendered":"SERVICES DE PSYCHOTH\u00c9RAPIE ET DE COUNSELING EN NOUVELLE-\u00c9COSSE"},"content":{"rendered":"<p><div class=\"fusion-fullwidth fullwidth-box fusion-builder-row-1 fusion-flex-container has-pattern-background has-mask-background nonhundred-percent-fullwidth non-hundred-percent-height-scrolling\" style=\"--awb-border-radius-top-left:0px;--awb-border-radius-top-right:0px;--awb-border-radius-bottom-right:0px;--awb-border-radius-bottom-left:0px;--awb-padding-top:70px;--awb-padding-bottom:70px;--awb-flex-wrap:wrap;\" ><div class=\"fusion-builder-row fusion-row fusion-flex-align-items-center fusion-flex-justify-content-center fusion-flex-content-wrap\" style=\"max-width:1248px;margin-left: calc(-4% \/ 2 );margin-right: calc(-4% \/ 2 );\"><div class=\"fusion-layout-column fusion_builder_column fusion-builder-column-0 fusion_builder_column_1_2 1_2 fusion-flex-column\" style=\"--awb-bg-size:cover;--awb-width-large:50%;--awb-margin-top-large:0px;--awb-spacing-right-large:3.84%;--awb-margin-bottom-large:20px;--awb-spacing-left-large:3.84%;--awb-width-medium:50%;--awb-order-medium:0;--awb-spacing-right-medium:3.84%;--awb-spacing-left-medium:3.84%;--awb-width-small:100%;--awb-order-small:0;--awb-spacing-right-small:1.92%;--awb-spacing-left-small:1.92%;\" data-scroll-devices=\"small-visibility,medium-visibility,large-visibility\"><div class=\"fusion-column-wrapper fusion-column-has-shadow fusion-flex-justify-content-flex-start fusion-content-layout-column\"><div class=\"fusion-title title fusion-title-1 fusion-sep-none fusion-title-text fusion-title-size-two\" style=\"--awb-text-color:var(--awb-color5);--awb-margin-top-small:10px;--awb-margin-right-small:0px;--awb-margin-bottom-small:10px;--awb-margin-left-small:0px;--awb-sep-color:var(--awb-color8);\"><h2 class=\"fusion-title-heading title-heading-left\" style=\"font-family:&quot;Oswald&quot;;font-style:normal;font-weight:400;margin:0;\">UN ACC\u00c8S SIMPLIFI\u00c9 AU COUNSELING, PEU IMPORTE O\u00d9 VOUS VOUS TROUVEZ EN NOUVELLE-\u00c9COSSE<\/h2><\/div><div class=\"fusion-text fusion-text-1\" style=\"--awb-content-alignment:left;\"><div class=\"uk-panel uk-margin\">\n<p><span style=\"font-weight: 400;\">Obtenir des services en sant\u00e9 mentale peut \u00eatre difficile en Nouvelle-\u00c9cosse, surtout dans les r\u00e9gions rurales ou \u00e9loign\u00e9es, o\u00f9 les th\u00e9rapeutes sont parfois peu nombreux. Le Groupe de th\u00e9rapie d\u2019Ottawa facilite l\u2019acc\u00e8s au soutien dont vous avez besoin gr\u00e2ce \u00e0 des services de<\/span><a href=\"https:\/\/www.ottawatherapygroup.ca\/fr\/services-fr\/therapie-et-counseling-en-ligne\/\"><span style=\"font-weight: 400;\"> counseling et th\u00e9rapie en ligne<\/span><\/a><span style=\"font-weight: 400;\"> souples, confidentiels et accessibles partout dans la province.<\/span><\/p>\n<p><span style=\"font-weight: 400;\">Que vous soyez \u00e0 Halifax, au Cap-Breton, \u00e0 Truro ou dans une petite communaut\u00e9, nos options de th\u00e9rapie en ligne vous mettent directement en contact avec des th\u00e9rapeutes agr\u00e9\u00e9s. Vous recevrez des soins dans un environnement s\u00e9curitaire et bienveillant, o\u00f9 votre confort et votre confidentialit\u00e9 sont prioritaires. Par le biais de s\u00e9ances vid\u00e9o s\u00e9curis\u00e9es, nous offrons aux N\u00e9o-\u00c9cossais un accompagnement fond\u00e9 sur des donn\u00e9es probantes pour l\u2019anxi\u00e9t\u00e9, la d\u00e9pression, les transitions de vie, le deuil, les traumatismes, les difficult\u00e9s relationnelles, et plus encore.<\/span><\/p>\n<p><span style=\"font-weight: 400;\">Si vous recherchez des th\u00e9rapeutes en counseling en Nouvelle-\u00c9cosse ou que vous explorez des options de psychoth\u00e9rapie en Nouvelle-\u00c9cosse, nos services virtuels vous donnent acc\u00e8s \u00e0 des soins professionnels sans avoir \u00e0 vous d\u00e9placer ni \u00e0 attendre une disponibilit\u00e9 locale.<\/span><\/p>\n<\/div>\n<\/div><\/div><\/div><div class=\"fusion-layout-column fusion_builder_column fusion-builder-column-1 fusion_builder_column_1_2 1_2 fusion-flex-column fusion-column-inner-bg-wrapper fusion-column-liftup-border\" style=\"--awb-inner-bg-size:cover;--awb-width-large:50%;--awb-margin-top-large:0px;--awb-spacing-right-large:3.84%;--awb-margin-bottom-large:20px;--awb-spacing-left-large:3.84%;--awb-width-medium:50%;--awb-order-medium:0;--awb-spacing-right-medium:3.84%;--awb-spacing-left-medium:3.84%;--awb-width-small:100%;--awb-order-small:0;--awb-spacing-right-small:1.92%;--awb-spacing-left-small:1.92%;\" data-scroll-devices=\"small-visibility,medium-visibility,large-visibility\"><span class=\"fusion-column-inner-bg hover-type-liftup\"><span class=\"fusion-column-anchor\"><span class=\"fusion-column-inner-bg-image\"><\/span><\/span><\/span><div class=\"fusion-column-wrapper fusion-flex-justify-content-flex-start fusion-content-layout-column\"><div class=\"fusion-image-element \" style=\"--awb-caption-title-font-family:var(--h2_typography-font-family);--awb-caption-title-font-weight:var(--h2_typography-font-weight);--awb-caption-title-font-style:var(--h2_typography-font-style);--awb-caption-title-size:var(--h2_typography-font-size);--awb-caption-title-transform:var(--h2_typography-text-transform);--awb-caption-title-line-height:var(--h2_typography-line-height);--awb-caption-title-letter-spacing:var(--h2_typography-letter-spacing);\"><span class=\" fusion-imageframe imageframe-none imageframe-1 hover-type-none\"><img decoding=\"async\" width=\"900\" height=\"675\" alt=\"Th\u00e9rapie En Ligne\/Virtuelle\" title=\"2-ae969dce\" src=\"https:\/\/www.ottawatherapygroup.ca\/wp-content\/uploads\/2024\/05\/2-ae969dce.webp\" class=\"img-responsive wp-image-191\" srcset=\"https:\/\/www.ottawatherapygroup.ca\/wp-content\/uploads\/2024\/05\/2-ae969dce-200x150.webp 200w, https:\/\/www.ottawatherapygroup.ca\/wp-content\/uploads\/2024\/05\/2-ae969dce-400x300.webp 400w, https:\/\/www.ottawatherapygroup.ca\/wp-content\/uploads\/2024\/05\/2-ae969dce-600x450.webp 600w, https:\/\/www.ottawatherapygroup.ca\/wp-content\/uploads\/2024\/05\/2-ae969dce-800x600.webp 800w, https:\/\/www.ottawatherapygroup.ca\/wp-content\/uploads\/2024\/05\/2-ae969dce.webp 900w\" sizes=\"(max-width: 640px) 100vw, 600px\" \/><\/span><\/div><\/div><\/div><\/div><\/div><div class=\"fusion-fullwidth fullwidth-box fusion-builder-row-2 fusion-flex-container has-pattern-background has-mask-background nonhundred-percent-fullwidth non-hundred-percent-height-scrolling\" style=\"--awb-border-radius-top-left:0px;--awb-border-radius-top-right:0px;--awb-border-radius-bottom-right:0px;--awb-border-radius-bottom-left:0px;--awb-padding-top:60px;--awb-padding-bottom:60px;--awb-background-color:var(--awb-color2);--awb-flex-wrap:wrap;\" ><div class=\"fusion-builder-row fusion-row fusion-flex-align-items-flex-start fusion-flex-content-wrap\" style=\"max-width:1248px;margin-left: calc(-4% \/ 2 );margin-right: calc(-4% \/ 2 );\"><div class=\"fusion-layout-column fusion_builder_column fusion-builder-column-2 fusion_builder_column_1_1 1_1 fusion-flex-column\" style=\"--awb-bg-size:cover;--awb-width-large:100%;--awb-margin-top-large:0px;--awb-spacing-right-large:1.92%;--awb-margin-bottom-large:20px;--awb-spacing-left-large:1.92%;--awb-width-medium:100%;--awb-order-medium:0;--awb-spacing-right-medium:1.92%;--awb-spacing-left-medium:1.92%;--awb-width-small:100%;--awb-order-small:0;--awb-spacing-right-small:1.92%;--awb-spacing-left-small:1.92%;\"><div class=\"fusion-column-wrapper fusion-column-has-shadow fusion-flex-justify-content-flex-start fusion-content-layout-column\"><div class=\"fusion-title title fusion-title-2 fusion-sep-none fusion-title-text fusion-title-size-three\" style=\"--awb-text-color:var(--awb-color7);--awb-margin-top-small:10px;--awb-margin-right-small:0px;--awb-margin-bottom-small:10px;--awb-margin-left-small:0px;--awb-sep-color:var(--awb-color8);\"><h3 class=\"fusion-title-heading title-heading-left\" style=\"font-family:&quot;Oswald&quot;;font-style:normal;font-weight:400;margin:0;\">UNE TH\u00c9RAPIE QUI S\u2019ADAPTE \u00c0 VOTRE R\u00c9ALIT\u00c9<\/h3><\/div><div class=\"fusion-separator fusion-full-width-sep\" style=\"align-self: center;margin-left: auto;margin-right: auto;margin-top:30px;width:100%;\"><\/div><div class=\"fusion-text fusion-text-2\"><p><span style=\"font-weight: 400;\">La th\u00e9rapie en ligne ne se limite pas \u00e0 la commodit\u00e9. C\u2019est une fa\u00e7on concr\u00e8te d\u2019acc\u00e9der \u00e0 des services de sant\u00e9 mentale de qualit\u00e9, sans compromis sur les normes cliniques. Nos th\u00e9rapeutes agr\u00e9\u00e9s accompagnent les clients face \u00e0 une grande vari\u00e9t\u00e9 de pr\u00e9occupations, allant de la d\u00e9tresse \u00e9motionnelle aux stress du quotidien. Nous utilisons des approches reconnues, comme la<\/span><a href=\"https:\/\/www.ottawatherapygroup.ca\/fr\/la-therapie-cognitivo-comportementale\/\"><span style=\"font-weight: 400;\"> th\u00e9rapie cognitivo-comportementale (TCC)<\/span><\/a><span style=\"font-weight: 400;\">, pour vous aider \u00e0 d\u00e9velopper des strat\u00e9gies d\u2019adaptation, renforcer votre conscience de soi et progresser vers des changements durables.<\/span><\/p>\n<p><span style=\"font-weight: 400;\">Que vous g\u00e9riez un trouble de sant\u00e9 mentale ou traversiez une p\u00e9riode difficile, nous travaillons avec vous pour \u00e9tablir une relation th\u00e9rapeutique fond\u00e9e sur la confiance, l\u2019empathie et vos objectifs personnels. La th\u00e9rapie peut \u00eatre un espace pour faire une pause, r\u00e9fl\u00e9chir et grandir\u2014et gr\u00e2ce \u00e0 l\u2019acc\u00e8s en ligne, il est plus facile de prendre soin de votre bien-\u00eatre.<\/span><\/p>\n<\/div><\/div><\/div><div class=\"fusion-layout-column fusion_builder_column fusion-builder-column-3 fusion_builder_column_1_1 1_1 fusion-flex-column\" style=\"--awb-bg-size:cover;--awb-width-large:100%;--awb-margin-top-large:0px;--awb-spacing-right-large:1.92%;--awb-margin-bottom-large:20px;--awb-spacing-left-large:1.92%;--awb-width-medium:100%;--awb-order-medium:0;--awb-spacing-right-medium:1.92%;--awb-spacing-left-medium:1.92%;--awb-width-small:100%;--awb-order-small:0;--awb-spacing-right-small:1.92%;--awb-spacing-left-small:1.92%;\"><div class=\"fusion-column-wrapper fusion-column-has-shadow fusion-flex-justify-content-flex-start fusion-content-layout-column\"><div class=\"fusion-title title fusion-title-3 fusion-sep-none fusion-title-text fusion-title-size-three\" style=\"--awb-text-color:var(--awb-color7);--awb-margin-top-small:10px;--awb-margin-right-small:0px;--awb-margin-bottom-small:10px;--awb-margin-left-small:0px;--awb-sep-color:var(--awb-color8);\"><h3 class=\"fusion-title-heading title-heading-left\" style=\"font-family:&quot;Oswald&quot;;font-style:normal;font-weight:400;margin:0;\">CONFIDENTIALIT\u00c9 ET PROFESSIONNALISME : NOS ENGAGEMENTS<\/h3><\/div><div class=\"fusion-separator fusion-full-width-sep\" style=\"align-self: center;margin-left: auto;margin-right: auto;margin-top:30px;width:100%;\"><\/div><div class=\"fusion-text fusion-text-3\"><p><span style=\"font-weight: 400;\">Nous savons que la s\u00e9curit\u00e9 et la confidentialit\u00e9 sont essentielles en contexte th\u00e9rapeutique. C\u2019est pourquoi toutes nos s\u00e9ances en ligne se d\u00e9roulent sur des plateformes vid\u00e9o chiffr\u00e9es, conformes aux normes canadiennes en mati\u00e8re de confidentialit\u00e9 (PHIPA et LPRPDE).<\/span><\/p>\n<p><span style=\"font-weight: 400;\">D\u00e8s votre premi\u00e8re s\u00e9ance, vous pouvez compter sur un environnement respectueux, s\u00e9curitaire et bienveillant, o\u00f9 vos exp\u00e9riences sont prises au s\u00e9rieux et vos renseignements personnels prot\u00e9g\u00e9s.<\/span><\/p>\n<\/div><\/div><\/div><div class=\"fusion-layout-column fusion_builder_column fusion-builder-column-4 fusion_builder_column_1_1 1_1 fusion-flex-column\" style=\"--awb-bg-size:cover;--awb-width-large:100%;--awb-margin-top-large:0px;--awb-spacing-right-large:1.92%;--awb-margin-bottom-large:20px;--awb-spacing-left-large:1.92%;--awb-width-medium:100%;--awb-order-medium:0;--awb-spacing-right-medium:1.92%;--awb-spacing-left-medium:1.92%;--awb-width-small:100%;--awb-order-small:0;--awb-spacing-right-small:1.92%;--awb-spacing-left-small:1.92%;\"><div class=\"fusion-column-wrapper fusion-column-has-shadow fusion-flex-justify-content-flex-start fusion-content-layout-column\"><div class=\"fusion-title title fusion-title-4 fusion-sep-none fusion-title-text fusion-title-size-three\" style=\"--awb-text-color:var(--awb-color7);--awb-margin-top-small:10px;--awb-margin-right-small:0px;--awb-margin-bottom-small:10px;--awb-margin-left-small:0px;--awb-sep-color:var(--awb-color8);\"><h3 class=\"fusion-title-heading title-heading-left\" style=\"font-family:&quot;Oswald&quot;;font-style:normal;font-weight:400;margin:0;\">ACCOMPAGNER LES N\u00c9O-\u00c9COSSAIS D\u2019UN OC\u00c9AN \u00c0 L\u2019AUTRE<\/h3><\/div><div class=\"fusion-separator fusion-full-width-sep\" style=\"align-self: center;margin-left: auto;margin-right: auto;margin-top:30px;width:100%;\"><\/div><div class=\"fusion-text fusion-text-4\"><p><span style=\"font-weight: 400;\">Le Groupe de th\u00e9rapie d\u2019Ottawa accueille des clients de toutes les r\u00e9gions de la Nouvelle-\u00c9cosse. En plus du counseling individuel, nous offrons des services de th\u00e9rapie pour les couples, les familles et les enfants. Que vous cherchiez du soutien pour surmonter un traumatisme, vivre un deuil, am\u00e9liorer vos relations, g\u00e9rer le stress ou vous \u00e9panouir personnellement, notre \u00e9quipe est l\u00e0 pour vous.<\/span><\/p>\n<p><span style=\"font-weight: 400;\">Nos th\u00e9rapeutes exp\u00e9riment\u00e9s poss\u00e8dent des sp\u00e9cialisations vari\u00e9es, ce qui facilite l\u2019ad\u00e9quation avec le professionnel qui correspond \u00e0 vos besoins.<\/span><\/p>\n<\/div><\/div><\/div><div class=\"fusion-layout-column fusion_builder_column fusion-builder-column-5 fusion_builder_column_1_1 1_1 fusion-flex-column\" style=\"--awb-bg-size:cover;--awb-width-large:100%;--awb-margin-top-large:0px;--awb-spacing-right-large:1.92%;--awb-margin-bottom-large:20px;--awb-spacing-left-large:1.92%;--awb-width-medium:100%;--awb-order-medium:0;--awb-spacing-right-medium:1.92%;--awb-spacing-left-medium:1.92%;--awb-width-small:100%;--awb-order-small:0;--awb-spacing-right-small:1.92%;--awb-spacing-left-small:1.92%;\"><div class=\"fusion-column-wrapper fusion-column-has-shadow fusion-flex-justify-content-flex-start fusion-content-layout-column\"><div class=\"fusion-separator fusion-full-width-sep\" style=\"align-self: center;margin-left: auto;margin-right: auto;margin-top:30px;width:100%;\"><\/div><\/div><\/div><\/div><\/div><\/p>\n","protected":false},"excerpt":{"rendered":"","protected":false},"author":1,"featured_media":0,"parent":2019,"menu_order":0,"comment_status":"closed","ping_status":"closed","template":"100-width.php","meta":{"footnotes":""},"class_list":["post-2129","page","type-page","status-publish","hentry"],"yoast_head":"<!-- This site is optimized with the Yoast SEO plugin v27.4 - https:\/\/yoast.com\/product\/yoast-seo-wordpress\/ -->\n<title>Services de counseling et de psychoth\u00e9rapie en Nouvelle-\u00c9cosse \u2013 Th\u00e9rapie en ligne | Groupe de th\u00e9rapie d\u2019Ottawa<\/title>\n<meta name=\"description\" content=\"Vous cherchez un service de counseling en Nouvelle-\u00c9cosse ? Le Groupe de th\u00e9rapie d\u2019Ottawa offre une psychoth\u00e9rapie en ligne, accessible o\u00f9 que vous soyez.\" \/>\n<meta name=\"robots\" content=\"index, follow, max-snippet:-1, max-image-preview:large, max-video-preview:-1\" \/>\n<link rel=\"canonical\" href=\"https:\/\/www.ottawatherapygroup.ca\/fr\/lieux\/services-de-counseling-nouvelle-ecosse\/\" \/>\n<meta property=\"og:locale\" content=\"fr_CA\" \/>\n<meta property=\"og:type\" content=\"article\" \/>\n<meta property=\"og:title\" content=\"Services de counseling et de psychoth\u00e9rapie en Nouvelle-\u00c9cosse \u2013 Th\u00e9rapie en ligne | Groupe de th\u00e9rapie d\u2019Ottawa\" \/>\n<meta property=\"og:description\" content=\"Vous cherchez un service de counseling en Nouvelle-\u00c9cosse ? Le Groupe de th\u00e9rapie d\u2019Ottawa offre une psychoth\u00e9rapie en ligne, accessible o\u00f9 que vous soyez.\" \/>\n<meta property=\"og:url\" content=\"https:\/\/www.ottawatherapygroup.ca\/fr\/lieux\/services-de-counseling-nouvelle-ecosse\/\" \/>\n<meta property=\"og:site_name\" content=\"Excellence in Psychotherapy - Ottawa Therapy Group\" \/>\n<meta property=\"article:modified_time\" content=\"2025-06-04T20:18:54+00:00\" \/>\n<meta name=\"twitter:card\" content=\"summary_large_image\" \/>\n<meta name=\"twitter:label1\" content=\"Estimation du temps de lecture\" \/>\n\t<meta name=\"twitter:data1\" content=\"2 minutes\" \/>\n<script type=\"application\/ld+json\" class=\"yoast-schema-graph\">{\"@context\":\"https:\\\/\\\/schema.org\",\"@graph\":[{\"@type\":\"WebPage\",\"@id\":\"https:\\\/\\\/www.ottawatherapygroup.ca\\\/fr\\\/lieux\\\/services-de-counseling-nouvelle-ecosse\\\/\",\"url\":\"https:\\\/\\\/www.ottawatherapygroup.ca\\\/fr\\\/lieux\\\/services-de-counseling-nouvelle-ecosse\\\/\",\"name\":\"Services de counseling et de psychoth\u00e9rapie en Nouvelle-\u00c9cosse \u2013 Th\u00e9rapie en ligne | Groupe de th\u00e9rapie d\u2019Ottawa\",\"isPartOf\":{\"@id\":\"https:\\\/\\\/www.ottawatherapygroup.ca\\\/fr\\\/#website\"},\"datePublished\":\"2025-06-04T20:16:14+00:00\",\"dateModified\":\"2025-06-04T20:18:54+00:00\",\"description\":\"Vous cherchez un service de counseling en Nouvelle-\u00c9cosse ? Le Groupe de th\u00e9rapie d\u2019Ottawa offre une psychoth\u00e9rapie en ligne, accessible o\u00f9 que vous soyez.\",\"breadcrumb\":{\"@id\":\"https:\\\/\\\/www.ottawatherapygroup.ca\\\/fr\\\/lieux\\\/services-de-counseling-nouvelle-ecosse\\\/#breadcrumb\"},\"inLanguage\":\"fr-CA\",\"potentialAction\":[{\"@type\":\"ReadAction\",\"target\":[\"https:\\\/\\\/www.ottawatherapygroup.ca\\\/fr\\\/lieux\\\/services-de-counseling-nouvelle-ecosse\\\/\"]}]},{\"@type\":\"BreadcrumbList\",\"@id\":\"https:\\\/\\\/www.ottawatherapygroup.ca\\\/fr\\\/lieux\\\/services-de-counseling-nouvelle-ecosse\\\/#breadcrumb\",\"itemListElement\":[{\"@type\":\"ListItem\",\"position\":1,\"name\":\"Home\",\"item\":\"https:\\\/\\\/www.ottawatherapygroup.ca\\\/fr\\\/\"},{\"@type\":\"ListItem\",\"position\":2,\"name\":\"Lieux\",\"item\":\"https:\\\/\\\/www.ottawatherapygroup.ca\\\/fr\\\/lieux\\\/\"},{\"@type\":\"ListItem\",\"position\":3,\"name\":\"SERVICES DE PSYCHOTH\u00c9RAPIE ET DE COUNSELING EN NOUVELLE-\u00c9COSSE\"}]},{\"@type\":\"WebSite\",\"@id\":\"https:\\\/\\\/www.ottawatherapygroup.ca\\\/fr\\\/#website\",\"url\":\"https:\\\/\\\/www.ottawatherapygroup.ca\\\/fr\\\/\",\"name\":\"Excellence in Psychotherapy - Ottawa Therapy Group\",\"description\":\"\",\"potentialAction\":[{\"@type\":\"SearchAction\",\"target\":{\"@type\":\"EntryPoint\",\"urlTemplate\":\"https:\\\/\\\/www.ottawatherapygroup.ca\\\/fr\\\/?s={search_term_string}\"},\"query-input\":{\"@type\":\"PropertyValueSpecification\",\"valueRequired\":true,\"valueName\":\"search_term_string\"}}],\"inLanguage\":\"fr-CA\"}]}<\/script>\n<!-- \/ Yoast SEO plugin. -->","yoast_head_json":{"title":"Services de counseling et de psychoth\u00e9rapie en Nouvelle-\u00c9cosse \u2013 Th\u00e9rapie en ligne | Groupe de th\u00e9rapie d\u2019Ottawa","description":"Vous cherchez un service de counseling en Nouvelle-\u00c9cosse ? Le Groupe de th\u00e9rapie d\u2019Ottawa offre une psychoth\u00e9rapie en ligne, accessible o\u00f9 que vous soyez.","robots":{"index":"index","follow":"follow","max-snippet":"max-snippet:-1","max-image-preview":"max-image-preview:large","max-video-preview":"max-video-preview:-1"},"canonical":"https:\/\/www.ottawatherapygroup.ca\/fr\/lieux\/services-de-counseling-nouvelle-ecosse\/","og_locale":"fr_CA","og_type":"article","og_title":"Services de counseling et de psychoth\u00e9rapie en Nouvelle-\u00c9cosse \u2013 Th\u00e9rapie en ligne | Groupe de th\u00e9rapie d\u2019Ottawa","og_description":"Vous cherchez un service de counseling en Nouvelle-\u00c9cosse ? Le Groupe de th\u00e9rapie d\u2019Ottawa offre une psychoth\u00e9rapie en ligne, accessible o\u00f9 que vous soyez.","og_url":"https:\/\/www.ottawatherapygroup.ca\/fr\/lieux\/services-de-counseling-nouvelle-ecosse\/","og_site_name":"Excellence in Psychotherapy - Ottawa Therapy Group","article_modified_time":"2025-06-04T20:18:54+00:00","twitter_card":"summary_large_image","twitter_misc":{"Estimation du temps de lecture":"2 minutes"},"schema":{"@context":"https:\/\/schema.org","@graph":[{"@type":"WebPage","@id":"https:\/\/www.ottawatherapygroup.ca\/fr\/lieux\/services-de-counseling-nouvelle-ecosse\/","url":"https:\/\/www.ottawatherapygroup.ca\/fr\/lieux\/services-de-counseling-nouvelle-ecosse\/","name":"Services de counseling et de psychoth\u00e9rapie en Nouvelle-\u00c9cosse \u2013 Th\u00e9rapie en ligne | Groupe de th\u00e9rapie d\u2019Ottawa","isPartOf":{"@id":"https:\/\/www.ottawatherapygroup.ca\/fr\/#website"},"datePublished":"2025-06-04T20:16:14+00:00","dateModified":"2025-06-04T20:18:54+00:00","description":"Vous cherchez un service de counseling en Nouvelle-\u00c9cosse ? Le Groupe de th\u00e9rapie d\u2019Ottawa offre une psychoth\u00e9rapie en ligne, accessible o\u00f9 que vous soyez.","breadcrumb":{"@id":"https:\/\/www.ottawatherapygroup.ca\/fr\/lieux\/services-de-counseling-nouvelle-ecosse\/#breadcrumb"},"inLanguage":"fr-CA","potentialAction":[{"@type":"ReadAction","target":["https:\/\/www.ottawatherapygroup.ca\/fr\/lieux\/services-de-counseling-nouvelle-ecosse\/"]}]},{"@type":"BreadcrumbList","@id":"https:\/\/www.ottawatherapygroup.ca\/fr\/lieux\/services-de-counseling-nouvelle-ecosse\/#breadcrumb","itemListElement":[{"@type":"ListItem","position":1,"name":"Home","item":"https:\/\/www.ottawatherapygroup.ca\/fr\/"},{"@type":"ListItem","position":2,"name":"Lieux","item":"https:\/\/www.ottawatherapygroup.ca\/fr\/lieux\/"},{"@type":"ListItem","position":3,"name":"SERVICES DE PSYCHOTH\u00c9RAPIE ET DE COUNSELING EN NOUVELLE-\u00c9COSSE"}]},{"@type":"WebSite","@id":"https:\/\/www.ottawatherapygroup.ca\/fr\/#website","url":"https:\/\/www.ottawatherapygroup.ca\/fr\/","name":"Excellence in Psychotherapy - Ottawa Therapy Group","description":"","potentialAction":[{"@type":"SearchAction","target":{"@type":"EntryPoint","urlTemplate":"https:\/\/www.ottawatherapygroup.ca\/fr\/?s={search_term_string}"},"query-input":{"@type":"PropertyValueSpecification","valueRequired":true,"valueName":"search_term_string"}}],"inLanguage":"fr-CA"}]}},"_links":{"self":[{"href":"https:\/\/www.ottawatherapygroup.ca\/fr\/wp-json\/wp\/v2\/pages\/2129","targetHints":{"allow":["GET"]}}],"collection":[{"href":"https:\/\/www.ottawatherapygroup.ca\/fr\/wp-json\/wp\/v2\/pages"}],"about":[{"href":"https:\/\/www.ottawatherapygroup.ca\/fr\/wp-json\/wp\/v2\/types\/page"}],"author":[{"embeddable":true,"href":"https:\/\/www.ottawatherapygroup.ca\/fr\/wp-json\/wp\/v2\/users\/1"}],"replies":[{"embeddable":true,"href":"https:\/\/www.ottawatherapygroup.ca\/fr\/wp-json\/wp\/v2\/comments?post=2129"}],"version-history":[{"count":0,"href":"https:\/\/www.ottawatherapygroup.ca\/fr\/wp-json\/wp\/v2\/pages\/2129\/revisions"}],"up":[{"embeddable":true,"href":"https:\/\/www.ottawatherapygroup.ca\/fr\/wp-json\/wp\/v2\/pages\/2019"}],"wp:attachment":[{"href":"https:\/\/www.ottawatherapygroup.ca\/fr\/wp-json\/wp\/v2\/media?parent=2129"}],"curies":[{"name":"wp","href":"https:\/\/api.w.org\/{rel}","templated":true}]}}