{"id":2180,"date":"2025-05-16T14:31:20","date_gmt":"2025-05-16T18:31:20","guid":{"rendered":"https:\/\/www.ottawatherapygroup.ca\/services-fr\/family-counselling\/"},"modified":"2025-11-24T15:20:56","modified_gmt":"2025-11-24T20:20:56","slug":"conseil-familial","status":"publish","type":"page","link":"https:\/\/www.ottawatherapygroup.ca\/fr\/services-fr\/conseil-familial\/","title":{"rendered":"CONSEIL FAMILIAL &#8211; OTTAWA, ON"},"content":{"rendered":"<p><div class=\"fusion-fullwidth fullwidth-box fusion-builder-row-1 fusion-flex-container has-pattern-background has-mask-background nonhundred-percent-fullwidth non-hundred-percent-height-scrolling\" style=\"--awb-border-radius-top-left:0px;--awb-border-radius-top-right:0px;--awb-border-radius-bottom-right:0px;--awb-border-radius-bottom-left:0px;--awb-padding-top:70px;--awb-padding-bottom:70px;--awb-flex-wrap:wrap;\" ><div class=\"fusion-builder-row fusion-row fusion-flex-align-items-center fusion-flex-justify-content-center fusion-flex-content-wrap\" style=\"max-width:1248px;margin-left: calc(-4% \/ 2 );margin-right: calc(-4% \/ 2 );\"><div class=\"fusion-layout-column fusion_builder_column fusion-builder-column-0 fusion_builder_column_1_2 1_2 fusion-flex-column\" style=\"--awb-bg-size:cover;--awb-width-large:50%;--awb-margin-top-large:0px;--awb-spacing-right-large:3.84%;--awb-margin-bottom-large:20px;--awb-spacing-left-large:3.84%;--awb-width-medium:50%;--awb-order-medium:0;--awb-spacing-right-medium:3.84%;--awb-spacing-left-medium:3.84%;--awb-width-small:100%;--awb-order-small:0;--awb-spacing-right-small:1.92%;--awb-spacing-left-small:1.92%;\" data-scroll-devices=\"small-visibility,medium-visibility,large-visibility\"><div class=\"fusion-column-wrapper fusion-column-has-shadow fusion-flex-justify-content-flex-start fusion-content-layout-column\"><div class=\"fusion-title title fusion-title-1 fusion-sep-none fusion-title-text fusion-title-size-two\" style=\"--awb-text-color:var(--awb-color5);--awb-margin-top-small:10px;--awb-margin-right-small:0px;--awb-margin-bottom-small:10px;--awb-margin-left-small:0px;--awb-sep-color:var(--awb-color8);\"><h2 class=\"fusion-title-heading title-heading-left\" style=\"font-family:&quot;Oswald&quot;;font-style:normal;font-weight:400;margin:0;\">SERVICES DE CONSEIL FAMILIAL D&rsquo;OTTAWA<\/h2><\/div><div class=\"fusion-text fusion-text-1\" style=\"--awb-content-alignment:left;\"><div class=\"uk-panel uk-margin\">\n<p>&nbsp;<\/p>\n<p><span style=\"font-weight: 400;\">Soyons honn\u00eates : la vie de famille n&rsquo;est pas toujours facile. Quels que soient les liens qui vous unissent, les malentendus et les d\u00e9saccords sont fr\u00e9quents. C&rsquo;est normal. Au Groupe de Th\u00e9rapie d&rsquo;Ottawa, nous comprenons les d\u00e9fis uniques auxquels les familles sont confront\u00e9es. Nos services de conseil familial sont con\u00e7us pour vous aider lorsque les choses ne vont pas comme pr\u00e9vu, que ce soit en raison d&rsquo;un probl\u00e8me important ou simplement de la tension quotidienne qui s&rsquo;accumule au fil du temps. Nous sommes l\u00e0 pour offrir des services de soutien qui aident les familles \u00e0 renouer et \u00e0 reconstruire des relations plus saines.<\/span><\/p>\n<p><span style=\"font-weight: 400;\">Nous pensons que chaque famille, quels que soient les d\u00e9fis qu&rsquo;elle doit relever, m\u00e9rite une chance de mieux se comprendre et de r\u00e9soudre les probl\u00e8mes qui rendent les choses plus difficiles qu&rsquo;elles ne devraient pas l&rsquo;\u00eatre. Qu&rsquo;il s&rsquo;agisse de probl\u00e8mes de communication, de deuil ou d&rsquo;autres probl\u00e8mes, nos <\/span><a href=\"\/fr\/therapeutes\/\"><span style=\"font-weight: 400;\">th\u00e9rapeutes<\/span><\/a><span style=\"font-weight: 400;\"> adapteront l&rsquo;approche aux besoins sp\u00e9cifiques de votre famille.<\/span><\/p>\n<\/div>\n<\/div><\/div><\/div><div class=\"fusion-layout-column fusion_builder_column fusion-builder-column-1 fusion_builder_column_1_2 1_2 fusion-flex-column fusion-column-inner-bg-wrapper fusion-column-liftup-border\" style=\"--awb-inner-bg-size:cover;--awb-width-large:50%;--awb-margin-top-large:0px;--awb-spacing-right-large:3.84%;--awb-margin-bottom-large:20px;--awb-spacing-left-large:3.84%;--awb-width-medium:50%;--awb-order-medium:0;--awb-spacing-right-medium:3.84%;--awb-spacing-left-medium:3.84%;--awb-width-small:100%;--awb-order-small:0;--awb-spacing-right-small:1.92%;--awb-spacing-left-small:1.92%;\" data-scroll-devices=\"small-visibility,medium-visibility,large-visibility\"><span class=\"fusion-column-inner-bg hover-type-liftup\"><span class=\"fusion-column-anchor\"><span class=\"fusion-column-inner-bg-image\"><\/span><\/span><\/span><div class=\"fusion-column-wrapper fusion-flex-justify-content-flex-start fusion-content-layout-column\"><div class=\"fusion-image-element \" style=\"--awb-caption-title-font-family:var(--h2_typography-font-family);--awb-caption-title-font-weight:var(--h2_typography-font-weight);--awb-caption-title-font-style:var(--h2_typography-font-style);--awb-caption-title-size:var(--h2_typography-font-size);--awb-caption-title-transform:var(--h2_typography-text-transform);--awb-caption-title-line-height:var(--h2_typography-line-height);--awb-caption-title-letter-spacing:var(--h2_typography-letter-spacing);\"><span class=\" fusion-imageframe imageframe-none imageframe-1 hover-type-none\"><img decoding=\"async\" width=\"1125\" height=\"750\" alt=\"un homme, une femme et leur fille assis en face de leur th\u00e9rapeute\" title=\"man-woman-and-their-daughter-seated-across-from-their-therapist\" src=\"https:\/\/www.ottawatherapygroup.ca\/wp-content\/uploads\/2025\/05\/man-woman-and-their-daughter-seated-across-from-their-therapist.webp\" class=\"img-responsive wp-image-2058\" srcset=\"https:\/\/www.ottawatherapygroup.ca\/wp-content\/uploads\/2025\/05\/man-woman-and-their-daughter-seated-across-from-their-therapist-200x133.webp 200w, https:\/\/www.ottawatherapygroup.ca\/wp-content\/uploads\/2025\/05\/man-woman-and-their-daughter-seated-across-from-their-therapist-400x267.webp 400w, https:\/\/www.ottawatherapygroup.ca\/wp-content\/uploads\/2025\/05\/man-woman-and-their-daughter-seated-across-from-their-therapist-600x400.webp 600w, https:\/\/www.ottawatherapygroup.ca\/wp-content\/uploads\/2025\/05\/man-woman-and-their-daughter-seated-across-from-their-therapist-800x533.webp 800w, https:\/\/www.ottawatherapygroup.ca\/wp-content\/uploads\/2025\/05\/man-woman-and-their-daughter-seated-across-from-their-therapist.webp 1125w\" sizes=\"(max-width: 640px) 100vw, 600px\" \/><\/span><\/div><\/div><\/div><\/div><\/div><div class=\"fusion-fullwidth fullwidth-box fusion-builder-row-2 fusion-flex-container has-pattern-background has-mask-background nonhundred-percent-fullwidth non-hundred-percent-height-scrolling\" style=\"--awb-border-radius-top-left:0px;--awb-border-radius-top-right:0px;--awb-border-radius-bottom-right:0px;--awb-border-radius-bottom-left:0px;--awb-padding-top:60px;--awb-padding-bottom:60px;--awb-background-color:var(--awb-color2);--awb-flex-wrap:wrap;\" ><div class=\"fusion-builder-row fusion-row fusion-flex-align-items-flex-start fusion-flex-content-wrap\" style=\"max-width:1248px;margin-left: calc(-4% \/ 2 );margin-right: calc(-4% \/ 2 );\"><div class=\"fusion-layout-column fusion_builder_column fusion-builder-column-2 fusion_builder_column_1_1 1_1 fusion-flex-column\" style=\"--awb-bg-size:cover;--awb-width-large:100%;--awb-margin-top-large:0px;--awb-spacing-right-large:1.92%;--awb-margin-bottom-large:20px;--awb-spacing-left-large:1.92%;--awb-width-medium:100%;--awb-order-medium:0;--awb-spacing-right-medium:1.92%;--awb-spacing-left-medium:1.92%;--awb-width-small:100%;--awb-order-small:0;--awb-spacing-right-small:1.92%;--awb-spacing-left-small:1.92%;\"><div class=\"fusion-column-wrapper fusion-column-has-shadow fusion-flex-justify-content-flex-start fusion-content-layout-column\"><div class=\"fusion-title title fusion-title-2 fusion-sep-none fusion-title-text fusion-title-size-three\" style=\"--awb-text-color:var(--awb-color7);--awb-margin-top-small:10px;--awb-margin-right-small:0px;--awb-margin-bottom-small:10px;--awb-margin-left-small:0px;--awb-sep-color:var(--awb-color8);\"><h3 class=\"fusion-title-heading title-heading-left\" style=\"font-family:&quot;Oswald&quot;;font-style:normal;font-weight:400;margin:0;\">POURQUOI LE CONSEIL FAMILIAL ?<\/h3><\/div><div class=\"fusion-separator fusion-full-width-sep\" style=\"align-self: center;margin-left: auto;margin-right: auto;margin-top:30px;width:100%;\"><\/div><div class=\"fusion-text fusion-text-2\"><p><span style=\"font-weight: 400;\">Les familles sont compliqu\u00e9es. Il n&rsquo;y a pas toujours un seul probl\u00e8me &#8211; il peut s&rsquo;agir d&rsquo;une combinaison de choses. Parfois, il s&rsquo;agit de petits probl\u00e8mes qui s&rsquo;aggravent avec le temps, ou d&rsquo;un \u00e9v\u00e9nement majeur de la vie qui bouleverse les choses. Quoi qu&rsquo;il en soit, la th\u00e9rapie familiale vous aide \u00e0 d\u00e9m\u00ealer ces n\u0153uds et \u00e0 trouver des moyens d&rsquo;aller de l&rsquo;avant.<\/span><\/p>\n<ul>\n<li style=\"font-weight: 400;\" aria-level=\"1\"><span style=\"font-weight: 400;\">Disputes persistantes ou probl\u00e8mes de communication<\/span><\/li>\n<li style=\"font-weight: 400;\" aria-level=\"1\"><span style=\"font-weight: 400;\">Conflits parentaux ou approches diff\u00e9rentes avec les enfants et les jeunes<\/span><\/li>\n<li style=\"font-weight: 400;\" aria-level=\"1\"><span style=\"font-weight: 400;\">Adaptation \u00e0 un \u00e9v\u00e9nement important de la vie comme un divorce, un d\u00e9m\u00e9nagement ou une perte<\/span><\/li>\n<li style=\"font-weight: 400;\" aria-level=\"1\"><span style=\"font-weight: 400;\">Probl\u00e8mes de sant\u00e9 mentale, comme la d\u00e9pression ou l&rsquo;anxi\u00e9t\u00e9, touchant un ou plusieurs membres de la famille<\/span><\/li>\n<li style=\"font-weight: 400;\" aria-level=\"1\"><span style=\"font-weight: 400;\">Dynamique unique des familles recompos\u00e9es<\/span><\/li>\n<\/ul>\n<p><span style=\"font-weight: 400;\">Si l&rsquo;un de ces probl\u00e8mes vous semble familier, m\u00eame \u00e0 petite \u00e9chelle, la th\u00e9rapie familiale pourrait vous aider. Il ne s&rsquo;agit pas de r\u00e9parer qui que ce soit, mais de mieux se comprendre, de trouver de nouvelles fa\u00e7ons d&rsquo;\u00e9tablir des liens et de surmonter ensemble les difficult\u00e9s.<\/span><\/p>\n<\/div><\/div><\/div><div class=\"fusion-layout-column fusion_builder_column fusion-builder-column-3 fusion_builder_column_1_1 1_1 fusion-flex-column\" style=\"--awb-bg-size:cover;--awb-width-large:100%;--awb-margin-top-large:0px;--awb-spacing-right-large:1.92%;--awb-margin-bottom-large:20px;--awb-spacing-left-large:1.92%;--awb-width-medium:100%;--awb-order-medium:0;--awb-spacing-right-medium:1.92%;--awb-spacing-left-medium:1.92%;--awb-width-small:100%;--awb-order-small:0;--awb-spacing-right-small:1.92%;--awb-spacing-left-small:1.92%;\"><div class=\"fusion-column-wrapper fusion-column-has-shadow fusion-flex-justify-content-flex-start fusion-content-layout-column\"><div class=\"fusion-title title fusion-title-3 fusion-sep-none fusion-title-text fusion-title-size-three\" style=\"--awb-text-color:var(--awb-color7);--awb-margin-top-small:10px;--awb-margin-right-small:0px;--awb-margin-bottom-small:10px;--awb-margin-left-small:0px;--awb-sep-color:var(--awb-color8);\"><h3 class=\"fusion-title-heading title-heading-left\" style=\"font-family:&quot;Oswald&quot;;font-style:normal;font-weight:400;margin:0;\">LES AVANTAGES DU CONSEIL POUR LES FAMILLES<\/h3><\/div><div class=\"fusion-separator fusion-full-width-sep\" style=\"align-self: center;margin-left: auto;margin-right: auto;margin-top:30px;width:100%;\"><\/div><div class=\"fusion-text fusion-text-3\"><p><span style=\"font-weight: 400;\">Lorsque les familles font appel \u00e0 des services de conseil, les avantages qu&rsquo;elles en retirent peuvent \u00eatre surprenants. Oui, vous apprendrez \u00e0 communiquer plus efficacement, mais cela va souvent beaucoup plus loin. La th\u00e9rapie familiale permet de mettre au jour des sch\u00e9mas et des dynamiques qui ont pu affecter les relations d&rsquo;une mani\u00e8re dont personne ne s&rsquo;est rendu compte. En mettant ces probl\u00e8mes en lumi\u00e8re, la th\u00e9rapie cr\u00e9e des possibilit\u00e9s de compr\u00e9hension r\u00e9elle et de changement positif au sein de la famille.<\/span><\/p>\n<p><span style=\"font-weight: 400;\">Au-del\u00e0 de l&rsquo;am\u00e9lioration de la communication, la th\u00e9rapie familiale aide \u00e0 r\u00e9soudre les conflits de mani\u00e8re plus productive, en r\u00e9duisant les frictions constantes et en ouvrant un espace de connexion. Les familles d\u00e9veloppent souvent de nouvelles strat\u00e9gies d&rsquo;adaptation, particuli\u00e8rement utiles pour g\u00e9rer le stress, le deuil ou les transitions majeures de la vie. Le processus favorise \u00e9galement le renforcement des liens affectifs, ce qui permet aux membres de la famille de se sentir plus proches et plus soutenus. Bien que la th\u00e9rapie familiale n&rsquo;offre pas de solutions rapides, elle cr\u00e9e un espace pour l&rsquo;honn\u00eatet\u00e9, la croissance et la gu\u00e9rison, m\u00eame dans les moments difficiles.<\/span><\/p>\n<\/div><\/div><\/div><div class=\"fusion-layout-column fusion_builder_column fusion-builder-column-4 fusion_builder_column_1_1 1_1 fusion-flex-column\" style=\"--awb-bg-size:cover;--awb-width-large:100%;--awb-margin-top-large:0px;--awb-spacing-right-large:1.92%;--awb-margin-bottom-large:20px;--awb-spacing-left-large:1.92%;--awb-width-medium:100%;--awb-order-medium:0;--awb-spacing-right-medium:1.92%;--awb-spacing-left-medium:1.92%;--awb-width-small:100%;--awb-order-small:0;--awb-spacing-right-small:1.92%;--awb-spacing-left-small:1.92%;\"><div class=\"fusion-column-wrapper fusion-column-has-shadow fusion-flex-justify-content-flex-start fusion-content-layout-column\"><div class=\"fusion-title title fusion-title-4 fusion-sep-none fusion-title-text fusion-title-size-three\" style=\"--awb-text-color:var(--awb-color7);--awb-margin-top-small:10px;--awb-margin-right-small:0px;--awb-margin-bottom-small:10px;--awb-margin-left-small:0px;--awb-sep-color:var(--awb-color8);\"><h3 class=\"fusion-title-heading title-heading-left\" style=\"font-family:&quot;Oswald&quot;;font-style:normal;font-weight:400;margin:0;\">CONSEIL FAMILIAL AU GROUPE DE TH\u00c9RAPIE D&rsquo;OTTAWA<\/h3><\/div><div class=\"fusion-separator fusion-full-width-sep\" style=\"align-self: center;margin-left: auto;margin-right: auto;margin-top:30px;width:100%;\"><\/div><div class=\"fusion-text fusion-text-4\"><p><span style=\"font-weight: 400;\">Au Groupe de Th\u00e9rapie d&rsquo;Ottawa, nous offrons des services familiaux qui vous rejoignent l\u00e0 o\u00f9 vous \u00eates &#8211; sur le plan \u00e9motionnel et pratique. Que vous veniez pour du conseil individuel ou du conseil de groupe en famille, nous adaptons notre approche \u00e0 votre situation unique. Certaines familles pr\u00e9f\u00e8rent les s\u00e9ances en personne \u00e0 notre bureau d&rsquo;Ottawa, tandis que d&rsquo;autres trouvent nos services de conseil familial en ligne plus pratiques, surtout compte tenu des horaires charg\u00e9s de chacun.<\/span><\/p>\n<p><span style=\"font-weight: 400;\">Nos th\u00e9rapeutes sont exp\u00e9riment\u00e9s dans l&rsquo;utilisation d&rsquo;approches telles que la th\u00e9rapie centr\u00e9e sur les \u00e9motions et nous avons travaill\u00e9 avec des enfants, des adultes et des jeunes pour traiter tous les probl\u00e8mes, de la d\u00e9pression et du deuil aux effets de l&rsquo;abus sexuel ou aux probl\u00e8mes de sant\u00e9 physique. Nous n&rsquo;adoptons pas une approche unique, car chaque famille \u00e0 sa propre dynamique.<\/span><\/p>\n<p><span style=\"font-weight: 400;\">Que votre famille soit confront\u00e9e \u00e0 des conflits imm\u00e9diats ou qu&rsquo;elle recherche un soutien \u00e0 long terme pour am\u00e9liorer la dynamique g\u00e9n\u00e9rale, nous sommes l\u00e0 pour vous aider. Nos clients nous disent souvent qu&rsquo;ils repartent avec plus d&rsquo;espoir, m\u00eame si les choses leur paraissaient insurmontable au d\u00e9part. En fin de compte, ce que nous voulons, c&rsquo;est que votre famille se sente plus connect\u00e9e, plus r\u00e9silient et pr\u00eate \u00e0 relever ensemble les d\u00e9fis de la vie.<\/span><\/p>\n<\/div><\/div><\/div><\/div><\/div><\/p>\n","protected":false},"excerpt":{"rendered":"","protected":false},"author":1,"featured_media":0,"parent":270,"menu_order":0,"comment_status":"closed","ping_status":"closed","template":"100-width.php","meta":{"footnotes":""},"class_list":["post-2180","page","type-page","status-publish","hentry"],"yoast_head":"<!-- This site is optimized with the Yoast SEO plugin v27.4 - https:\/\/yoast.com\/product\/yoast-seo-wordpress\/ -->\n<title>Conseil familial - Groupe de Th\u00e9rapie d&#039;Ottawa<\/title>\n<meta name=\"description\" content=\"Services experts de conseil familial \u00e0 Ottawa pour aider les familles \u00e0 se reconnecter, \u00e0 am\u00e9liorer leur communication et \u00e0 traverser ensemble les d\u00e9fis.\" \/>\n<meta name=\"robots\" content=\"index, follow, max-snippet:-1, max-image-preview:large, max-video-preview:-1\" \/>\n<link rel=\"canonical\" href=\"https:\/\/www.ottawatherapygroup.ca\/fr\/services-fr\/conseil-familial\/\" \/>\n<meta property=\"og:locale\" content=\"fr_CA\" \/>\n<meta property=\"og:type\" content=\"article\" \/>\n<meta property=\"og:title\" content=\"Conseil familial - Groupe de Th\u00e9rapie d&#039;Ottawa\" \/>\n<meta property=\"og:description\" content=\"Services experts de conseil familial \u00e0 Ottawa pour aider les familles \u00e0 se reconnecter, \u00e0 am\u00e9liorer leur communication et \u00e0 traverser ensemble les d\u00e9fis.\" \/>\n<meta property=\"og:url\" content=\"https:\/\/www.ottawatherapygroup.ca\/fr\/services-fr\/conseil-familial\/\" \/>\n<meta property=\"og:site_name\" content=\"Excellence in Psychotherapy - Ottawa Therapy Group\" \/>\n<meta property=\"article:modified_time\" content=\"2025-11-24T20:20:56+00:00\" \/>\n<meta name=\"twitter:card\" content=\"summary_large_image\" \/>\n<meta name=\"twitter:label1\" content=\"Estimation du temps de lecture\" \/>\n\t<meta name=\"twitter:data1\" content=\"4 minutes\" \/>\n<script type=\"application\/ld+json\" class=\"yoast-schema-graph\">{\"@context\":\"https:\\\/\\\/schema.org\",\"@graph\":[{\"@type\":\"WebPage\",\"@id\":\"https:\\\/\\\/www.ottawatherapygroup.ca\\\/fr\\\/services-fr\\\/conseil-familial\\\/\",\"url\":\"https:\\\/\\\/www.ottawatherapygroup.ca\\\/fr\\\/services-fr\\\/conseil-familial\\\/\",\"name\":\"Conseil familial - Groupe de Th\u00e9rapie d'Ottawa\",\"isPartOf\":{\"@id\":\"https:\\\/\\\/www.ottawatherapygroup.ca\\\/fr\\\/#website\"},\"datePublished\":\"2025-05-16T18:31:20+00:00\",\"dateModified\":\"2025-11-24T20:20:56+00:00\",\"description\":\"Services experts de conseil familial \u00e0 Ottawa pour aider les familles \u00e0 se reconnecter, \u00e0 am\u00e9liorer leur communication et \u00e0 traverser ensemble les d\u00e9fis.\",\"breadcrumb\":{\"@id\":\"https:\\\/\\\/www.ottawatherapygroup.ca\\\/fr\\\/services-fr\\\/conseil-familial\\\/#breadcrumb\"},\"inLanguage\":\"fr-CA\",\"potentialAction\":[{\"@type\":\"ReadAction\",\"target\":[\"https:\\\/\\\/www.ottawatherapygroup.ca\\\/fr\\\/services-fr\\\/conseil-familial\\\/\"]}]},{\"@type\":\"BreadcrumbList\",\"@id\":\"https:\\\/\\\/www.ottawatherapygroup.ca\\\/fr\\\/services-fr\\\/conseil-familial\\\/#breadcrumb\",\"itemListElement\":[{\"@type\":\"ListItem\",\"position\":1,\"name\":\"Home\",\"item\":\"https:\\\/\\\/www.ottawatherapygroup.ca\\\/fr\\\/\"},{\"@type\":\"ListItem\",\"position\":2,\"name\":\"Services\",\"item\":\"https:\\\/\\\/www.ottawatherapygroup.ca\\\/fr\\\/services-fr\\\/\"},{\"@type\":\"ListItem\",\"position\":3,\"name\":\"CONSEIL FAMILIAL &#8211; OTTAWA, ON\"}]},{\"@type\":\"WebSite\",\"@id\":\"https:\\\/\\\/www.ottawatherapygroup.ca\\\/fr\\\/#website\",\"url\":\"https:\\\/\\\/www.ottawatherapygroup.ca\\\/fr\\\/\",\"name\":\"Excellence in Psychotherapy - Ottawa Therapy Group\",\"description\":\"\",\"potentialAction\":[{\"@type\":\"SearchAction\",\"target\":{\"@type\":\"EntryPoint\",\"urlTemplate\":\"https:\\\/\\\/www.ottawatherapygroup.ca\\\/fr\\\/?s={search_term_string}\"},\"query-input\":{\"@type\":\"PropertyValueSpecification\",\"valueRequired\":true,\"valueName\":\"search_term_string\"}}],\"inLanguage\":\"fr-CA\"}]}<\/script>\n<!-- \/ Yoast SEO plugin. -->","yoast_head_json":{"title":"Conseil familial - Groupe de Th\u00e9rapie d'Ottawa","description":"Services experts de conseil familial \u00e0 Ottawa pour aider les familles \u00e0 se reconnecter, \u00e0 am\u00e9liorer leur communication et \u00e0 traverser ensemble les d\u00e9fis.","robots":{"index":"index","follow":"follow","max-snippet":"max-snippet:-1","max-image-preview":"max-image-preview:large","max-video-preview":"max-video-preview:-1"},"canonical":"https:\/\/www.ottawatherapygroup.ca\/fr\/services-fr\/conseil-familial\/","og_locale":"fr_CA","og_type":"article","og_title":"Conseil familial - Groupe de Th\u00e9rapie d'Ottawa","og_description":"Services experts de conseil familial \u00e0 Ottawa pour aider les familles \u00e0 se reconnecter, \u00e0 am\u00e9liorer leur communication et \u00e0 traverser ensemble les d\u00e9fis.","og_url":"https:\/\/www.ottawatherapygroup.ca\/fr\/services-fr\/conseil-familial\/","og_site_name":"Excellence in Psychotherapy - Ottawa Therapy Group","article_modified_time":"2025-11-24T20:20:56+00:00","twitter_card":"summary_large_image","twitter_misc":{"Estimation du temps de lecture":"4 minutes"},"schema":{"@context":"https:\/\/schema.org","@graph":[{"@type":"WebPage","@id":"https:\/\/www.ottawatherapygroup.ca\/fr\/services-fr\/conseil-familial\/","url":"https:\/\/www.ottawatherapygroup.ca\/fr\/services-fr\/conseil-familial\/","name":"Conseil familial - Groupe de Th\u00e9rapie d'Ottawa","isPartOf":{"@id":"https:\/\/www.ottawatherapygroup.ca\/fr\/#website"},"datePublished":"2025-05-16T18:31:20+00:00","dateModified":"2025-11-24T20:20:56+00:00","description":"Services experts de conseil familial \u00e0 Ottawa pour aider les familles \u00e0 se reconnecter, \u00e0 am\u00e9liorer leur communication et \u00e0 traverser ensemble les d\u00e9fis.","breadcrumb":{"@id":"https:\/\/www.ottawatherapygroup.ca\/fr\/services-fr\/conseil-familial\/#breadcrumb"},"inLanguage":"fr-CA","potentialAction":[{"@type":"ReadAction","target":["https:\/\/www.ottawatherapygroup.ca\/fr\/services-fr\/conseil-familial\/"]}]},{"@type":"BreadcrumbList","@id":"https:\/\/www.ottawatherapygroup.ca\/fr\/services-fr\/conseil-familial\/#breadcrumb","itemListElement":[{"@type":"ListItem","position":1,"name":"Home","item":"https:\/\/www.ottawatherapygroup.ca\/fr\/"},{"@type":"ListItem","position":2,"name":"Services","item":"https:\/\/www.ottawatherapygroup.ca\/fr\/services-fr\/"},{"@type":"ListItem","position":3,"name":"CONSEIL FAMILIAL &#8211; OTTAWA, ON"}]},{"@type":"WebSite","@id":"https:\/\/www.ottawatherapygroup.ca\/fr\/#website","url":"https:\/\/www.ottawatherapygroup.ca\/fr\/","name":"Excellence in Psychotherapy - Ottawa Therapy Group","description":"","potentialAction":[{"@type":"SearchAction","target":{"@type":"EntryPoint","urlTemplate":"https:\/\/www.ottawatherapygroup.ca\/fr\/?s={search_term_string}"},"query-input":{"@type":"PropertyValueSpecification","valueRequired":true,"valueName":"search_term_string"}}],"inLanguage":"fr-CA"}]}},"_links":{"self":[{"href":"https:\/\/www.ottawatherapygroup.ca\/fr\/wp-json\/wp\/v2\/pages\/2180","targetHints":{"allow":["GET"]}}],"collection":[{"href":"https:\/\/www.ottawatherapygroup.ca\/fr\/wp-json\/wp\/v2\/pages"}],"about":[{"href":"https:\/\/www.ottawatherapygroup.ca\/fr\/wp-json\/wp\/v2\/types\/page"}],"author":[{"embeddable":true,"href":"https:\/\/www.ottawatherapygroup.ca\/fr\/wp-json\/wp\/v2\/users\/1"}],"replies":[{"embeddable":true,"href":"https:\/\/www.ottawatherapygroup.ca\/fr\/wp-json\/wp\/v2\/comments?post=2180"}],"version-history":[{"count":0,"href":"https:\/\/www.ottawatherapygroup.ca\/fr\/wp-json\/wp\/v2\/pages\/2180\/revisions"}],"up":[{"embeddable":true,"href":"https:\/\/www.ottawatherapygroup.ca\/fr\/wp-json\/wp\/v2\/pages\/270"}],"wp:attachment":[{"href":"https:\/\/www.ottawatherapygroup.ca\/fr\/wp-json\/wp\/v2\/media?parent=2180"}],"curies":[{"name":"wp","href":"https:\/\/api.w.org\/{rel}","templated":true}]}}