{"id":2208,"date":"2024-09-30T11:42:40","date_gmt":"2024-09-30T15:42:40","guid":{"rendered":"https:\/\/www.ottawatherapygroup.ca\/services-fr\/career-counselling\/"},"modified":"2025-07-04T10:43:32","modified_gmt":"2025-07-04T14:43:32","slug":"orientation-professionnelle","status":"publish","type":"page","link":"https:\/\/www.ottawatherapygroup.ca\/fr\/services-fr\/orientation-professionnelle\/","title":{"rendered":"ORIENTATION PROFESSIONNELLE &#8211; OTTAWA, ON"},"content":{"rendered":"<p><div class=\"fusion-fullwidth fullwidth-box fusion-builder-row-1 fusion-flex-container has-pattern-background has-mask-background nonhundred-percent-fullwidth non-hundred-percent-height-scrolling\" style=\"--awb-border-radius-top-left:0px;--awb-border-radius-top-right:0px;--awb-border-radius-bottom-right:0px;--awb-border-radius-bottom-left:0px;--awb-padding-top:70px;--awb-padding-bottom:70px;--awb-flex-wrap:wrap;\" ><div class=\"fusion-builder-row fusion-row fusion-flex-align-items-center fusion-flex-justify-content-center fusion-flex-content-wrap\" style=\"max-width:1248px;margin-left: calc(-4% \/ 2 );margin-right: calc(-4% \/ 2 );\"><div class=\"fusion-layout-column fusion_builder_column fusion-builder-column-0 fusion_builder_column_1_2 1_2 fusion-flex-column\" style=\"--awb-bg-size:cover;--awb-width-large:50%;--awb-margin-top-large:0px;--awb-spacing-right-large:3.84%;--awb-margin-bottom-large:20px;--awb-spacing-left-large:3.84%;--awb-width-medium:50%;--awb-order-medium:0;--awb-spacing-right-medium:3.84%;--awb-spacing-left-medium:3.84%;--awb-width-small:100%;--awb-order-small:0;--awb-spacing-right-small:1.92%;--awb-spacing-left-small:1.92%;\" data-scroll-devices=\"small-visibility,medium-visibility,large-visibility\"><div class=\"fusion-column-wrapper fusion-column-has-shadow fusion-flex-justify-content-flex-start fusion-content-layout-column\"><div class=\"fusion-title title fusion-title-1 fusion-sep-none fusion-title-text fusion-title-size-two\" style=\"--awb-text-color:var(--awb-color7);--awb-margin-top-small:10px;--awb-margin-right-small:0px;--awb-margin-bottom-small:10px;--awb-margin-left-small:0px;--awb-sep-color:var(--awb-color8);--awb-font-size:21px;\"><h2 class=\"fusion-title-heading title-heading-left\" style=\"font-family:&quot;Oswald&quot;;font-style:normal;font-weight:400;margin:0;font-size:1em;\">SERVICES D&rsquo;ORIENTATION PROFESSIONNELLE \u00c0 OTTAWA<\/h2><\/div><div class=\"fusion-text fusion-text-1\" style=\"--awb-content-alignment:left;\"><p><span style=\"font-weight: 400;\">Choisir la bonne carri\u00e8re est un parcours qui peut fa\u00e7onner votre identit\u00e9, influencer votre bien-\u00eatre et affecter votre \u00e9quilibre entre vie professionnelle et personnelle. Chez le Groupe de Th\u00e9rapie d&rsquo;Ottawa, nos services d&rsquo;orientation professionnelle sont con\u00e7us pour soutenir votre cheminement unique, que vous fassiez vos d\u00e9buts sur le march\u00e9 du travail, viviez une transition de carri\u00e8re ou vous sentiez simplement dans une impasse.<\/span><\/p>\n<p><span style=\"font-weight: 400;\">Vos objectifs professionnels comptent pour nous. Nos th\u00e9rapeutes sont l\u00e0 pour vous aider \u00e0 identifier une orientation professionnelle qui respecte vos ambitions personnelles tout en soutenant votre sant\u00e9 mentale. Gr\u00e2ce \u00e0 un accompagnement personnalis\u00e9, nous vous offrons des outils pour relever les d\u00e9fis, d\u00e9velopper vos comp\u00e9tences en leadership et prendre des d\u00e9cisions \u00e9clair\u00e9es avec assurance. Peu importe o\u00f9 vous en \u00eates dans votre cheminement professionnel, nos conseillers en orientation sont pr\u00eats \u00e0 vous accompagner \u00e0 chaque \u00e9tape.<\/span><\/p>\n<\/div><\/div><\/div><div class=\"fusion-layout-column fusion_builder_column fusion-builder-column-1 fusion_builder_column_1_2 1_2 fusion-flex-column fusion-column-inner-bg-wrapper fusion-column-liftup-border\" style=\"--awb-inner-bg-size:cover;--awb-width-large:50%;--awb-margin-top-large:0px;--awb-spacing-right-large:3.84%;--awb-margin-bottom-large:20px;--awb-spacing-left-large:3.84%;--awb-width-medium:50%;--awb-order-medium:0;--awb-spacing-right-medium:3.84%;--awb-spacing-left-medium:3.84%;--awb-width-small:100%;--awb-order-small:0;--awb-spacing-right-small:1.92%;--awb-spacing-left-small:1.92%;\" data-scroll-devices=\"small-visibility,medium-visibility,large-visibility\"><span class=\"fusion-column-inner-bg hover-type-liftup\"><span class=\"fusion-column-anchor\"><span class=\"fusion-column-inner-bg-image\"><\/span><\/span><\/span><div class=\"fusion-column-wrapper fusion-flex-justify-content-flex-start fusion-content-layout-column\"><div class=\"fusion-image-element \" style=\"--awb-aspect-ratio: 100 \/ 95;--awb-caption-title-font-family:var(--h2_typography-font-family);--awb-caption-title-font-weight:var(--h2_typography-font-weight);--awb-caption-title-font-style:var(--h2_typography-font-style);--awb-caption-title-size:var(--h2_typography-font-size);--awb-caption-title-transform:var(--h2_typography-text-transform);--awb-caption-title-line-height:var(--h2_typography-line-height);--awb-caption-title-letter-spacing:var(--h2_typography-letter-spacing);\"><span class=\" fusion-imageframe imageframe-none imageframe-1 hover-type-none has-aspect-ratio\"><img decoding=\"async\" width=\"1175\" height=\"750\" alt=\"person wearing blue jacket, seated next to tan briefcase, working on laptop\" title=\"person wearing blue jacket, seated next to tan briefcase, working on laptop\" src=\"https:\/\/www.ottawatherapygroup.ca\/wp-content\/uploads\/2024\/09\/person-wearing-blue-jacket-seated-next-to-tan-briefcase-working-on-laptop.webp\" class=\"img-responsive wp-image-1640 img-with-aspect-ratio\" data-parent-fit=\"cover\" data-parent-container=\".fusion-image-element\" srcset=\"https:\/\/www.ottawatherapygroup.ca\/wp-content\/uploads\/2024\/09\/person-wearing-blue-jacket-seated-next-to-tan-briefcase-working-on-laptop-200x128.webp 200w, https:\/\/www.ottawatherapygroup.ca\/wp-content\/uploads\/2024\/09\/person-wearing-blue-jacket-seated-next-to-tan-briefcase-working-on-laptop-400x255.webp 400w, https:\/\/www.ottawatherapygroup.ca\/wp-content\/uploads\/2024\/09\/person-wearing-blue-jacket-seated-next-to-tan-briefcase-working-on-laptop-600x383.webp 600w, https:\/\/www.ottawatherapygroup.ca\/wp-content\/uploads\/2024\/09\/person-wearing-blue-jacket-seated-next-to-tan-briefcase-working-on-laptop-800x511.webp 800w, https:\/\/www.ottawatherapygroup.ca\/wp-content\/uploads\/2024\/09\/person-wearing-blue-jacket-seated-next-to-tan-briefcase-working-on-laptop.webp 1175w\" sizes=\"(max-width: 640px) 100vw, 600px\" \/><\/span><\/div><\/div><\/div><\/div><\/div><div class=\"fusion-fullwidth fullwidth-box fusion-builder-row-2 fusion-flex-container has-pattern-background has-mask-background nonhundred-percent-fullwidth non-hundred-percent-height-scrolling\" style=\"--awb-border-radius-top-left:0px;--awb-border-radius-top-right:0px;--awb-border-radius-bottom-right:0px;--awb-border-radius-bottom-left:0px;--awb-padding-top:60px;--awb-padding-bottom:60px;--awb-background-color:var(--awb-color2);--awb-flex-wrap:wrap;\" ><div class=\"fusion-builder-row fusion-row fusion-flex-align-items-flex-start fusion-flex-content-wrap\" style=\"max-width:1248px;margin-left: calc(-4% \/ 2 );margin-right: calc(-4% \/ 2 );\"><div class=\"fusion-layout-column fusion_builder_column fusion-builder-column-2 fusion_builder_column_1_1 1_1 fusion-flex-column\" style=\"--awb-bg-size:cover;--awb-width-large:100%;--awb-margin-top-large:0px;--awb-spacing-right-large:1.92%;--awb-margin-bottom-large:20px;--awb-spacing-left-large:1.92%;--awb-width-medium:100%;--awb-order-medium:0;--awb-spacing-right-medium:1.92%;--awb-spacing-left-medium:1.92%;--awb-width-small:100%;--awb-order-small:0;--awb-spacing-right-small:1.92%;--awb-spacing-left-small:1.92%;\"><div class=\"fusion-column-wrapper fusion-column-has-shadow fusion-flex-justify-content-flex-start fusion-content-layout-column\"><div class=\"fusion-title title fusion-title-2 fusion-sep-none fusion-title-text fusion-title-size-two\" style=\"--awb-text-color:var(--awb-color7);--awb-margin-top-small:10px;--awb-margin-right-small:0px;--awb-margin-bottom-small:10px;--awb-margin-left-small:0px;--awb-sep-color:var(--awb-color8);--awb-font-size:21px;\"><h2 class=\"fusion-title-heading title-heading-left\" style=\"font-family:&quot;Oswald&quot;;font-style:normal;font-weight:400;margin:0;font-size:1em;\">ORIENTATION PROFESSIONNELLE : ALIGNER VOS OBJECTIFS PERSONNELS ET PROFESSIONNELS<\/h2><\/div><div class=\"fusion-text fusion-text-2\"><p><span style=\"font-weight: 400;\">L&rsquo;orientation professionnelle ne se limite pas \u00e0 la pr\u00e9paration d&rsquo;une recherche d&#8217;emploi. Il s&rsquo;agit de trouver de la clart\u00e9 et du sens dans votre d\u00e9veloppement de carri\u00e8re. Un des objectives cl\u00e9s est de vous aider \u00e0 faire le lien entre vos aspirations personnelles et professionnelles.<\/span><\/p>\n<p><span style=\"font-weight: 400;\">Nous vous aidons \u00e0 mieux comprendre vos forces, \u00e0 d\u00e9finir vos objectifs professionnels et \u00e0 \u00e9laborer un plan d&rsquo;action \u00e9tape par \u00e9tape. Cela peut inclure d&rsquo;entra\u00eenement en entrevue, l&rsquo;\u00e9largissement de votre r\u00e9seau ou la gestion du stress pendant une recherche d&#8217;emploi ou une transition. L&rsquo;exploration de carri\u00e8re peut sembler \u00e9crasante, mais avec un bon accompagnement, elle devient un processus structur\u00e9 et accessible. Notre but est de vous fournir la confiance et les outils n\u00e9cessaires pour faire des choix qui vous m\u00e8neront vers une carri\u00e8re qui vous correspond r\u00e9ellement.<\/span><\/p>\n<\/div><\/div><\/div><\/div><\/div><div class=\"fusion-fullwidth fullwidth-box fusion-builder-row-3 fusion-flex-container has-pattern-background has-mask-background nonhundred-percent-fullwidth non-hundred-percent-height-scrolling\" style=\"--awb-border-radius-top-left:0px;--awb-border-radius-top-right:0px;--awb-border-radius-bottom-right:0px;--awb-border-radius-bottom-left:0px;--awb-padding-top:60px;--awb-padding-bottom:60px;--awb-background-color:var(--awb-color1);--awb-flex-wrap:wrap;\" ><div class=\"fusion-builder-row fusion-row fusion-flex-align-items-flex-start fusion-flex-content-wrap\" style=\"max-width:1248px;margin-left: calc(-4% \/ 2 );margin-right: calc(-4% \/ 2 );\"><div class=\"fusion-layout-column fusion_builder_column fusion-builder-column-3 fusion_builder_column_1_1 1_1 fusion-flex-column\" style=\"--awb-bg-size:cover;--awb-width-large:100%;--awb-margin-top-large:0px;--awb-spacing-right-large:1.92%;--awb-margin-bottom-large:20px;--awb-spacing-left-large:1.92%;--awb-width-medium:100%;--awb-order-medium:0;--awb-spacing-right-medium:1.92%;--awb-spacing-left-medium:1.92%;--awb-width-small:100%;--awb-order-small:0;--awb-spacing-right-small:1.92%;--awb-spacing-left-small:1.92%;\"><div class=\"fusion-column-wrapper fusion-column-has-shadow fusion-flex-justify-content-flex-start fusion-content-layout-column\"><div class=\"fusion-title title fusion-title-3 fusion-sep-none fusion-title-text fusion-title-size-two\" style=\"--awb-text-color:var(--awb-color7);--awb-margin-top-small:10px;--awb-margin-right-small:0px;--awb-margin-bottom-small:10px;--awb-margin-left-small:0px;--awb-sep-color:var(--awb-color8);--awb-font-size:21px;\"><h2 class=\"fusion-title-heading title-heading-left\" style=\"font-family:&quot;Oswald&quot;;font-style:normal;font-weight:400;margin:0;font-size:1em;\">QUI PEUT B\u00c9N\u00c9FICIER DE L&rsquo;ORIENTATION PROFESSIONNELLE?<\/h2><\/div><div class=\"fusion-text fusion-text-3\"><p><span style=\"font-weight: 400;\">L&rsquo;orientation professionnelle ne s&rsquo;adresse pas seulement aux personnes en d\u00e9but de carri\u00e8re. Elle est utile \u00e0 toute personne qui se trouve \u00e0 un carrefour ou qui \u00e9prouve des difficult\u00e9s \u00e0 se connecter \u00e0 sa vie professionnelle. Les nouveaux dipl\u00f4m\u00e9s, par exemple, peuvent avoir besoin d&rsquo;entra\u00eenement pour faire leur place dans un march\u00e9 du travail comp\u00e9titif, tandis que les professionnels exp\u00e9riment\u00e9s peuvent chercher du soutien lors d&rsquo;une transition ou pour d\u00e9velopper leur leadership.<\/span><\/p>\n<p><span style=\"font-weight: 400;\">Ce service est \u00e9galement tr\u00e8s b\u00e9n\u00e9fique pour les personnes qui vivent de l&rsquo;\u00e9puisement professionnel ou un sentiment d&rsquo;insatisfaction dans leur r\u00f4le actuel. Ceux et celles qui retournent sur le march\u00e9 du travail apr\u00e8s une pause prolong\u00e9e peuvent aussi b\u00e9n\u00e9ficier d&rsquo;un accompagnement structur\u00e9 pour reprendre confiance et se r\u00e9int\u00e9grer avec aisance. Que vous remettiez votre parcours en question, ne sachiez pas comment atteindre votre objectif de carri\u00e8re ou ayez simplement besoin d&rsquo;un nouveau cap, un conseiller en orientation peut vous aider \u00e0 explorer vos options avec clart\u00e9 et structure.<\/span><\/p>\n<\/div><\/div><\/div><\/div><\/div><div class=\"fusion-fullwidth fullwidth-box fusion-builder-row-4 fusion-flex-container has-pattern-background has-mask-background nonhundred-percent-fullwidth non-hundred-percent-height-scrolling\" style=\"--awb-border-radius-top-left:0px;--awb-border-radius-top-right:0px;--awb-border-radius-bottom-right:0px;--awb-border-radius-bottom-left:0px;--awb-padding-top:60px;--awb-padding-bottom:60px;--awb-background-color:var(--awb-color2);--awb-flex-wrap:wrap;\" ><div class=\"fusion-builder-row fusion-row fusion-flex-align-items-flex-start fusion-flex-content-wrap\" style=\"max-width:1248px;margin-left: calc(-4% \/ 2 );margin-right: calc(-4% \/ 2 );\"><div class=\"fusion-layout-column fusion_builder_column fusion-builder-column-4 fusion_builder_column_1_1 1_1 fusion-flex-column\" style=\"--awb-bg-size:cover;--awb-width-large:100%;--awb-margin-top-large:0px;--awb-spacing-right-large:1.92%;--awb-margin-bottom-large:20px;--awb-spacing-left-large:1.92%;--awb-width-medium:100%;--awb-order-medium:0;--awb-spacing-right-medium:1.92%;--awb-spacing-left-medium:1.92%;--awb-width-small:100%;--awb-order-small:0;--awb-spacing-right-small:1.92%;--awb-spacing-left-small:1.92%;\"><div class=\"fusion-column-wrapper fusion-column-has-shadow fusion-flex-justify-content-flex-start fusion-content-layout-column\"><div class=\"fusion-title title fusion-title-4 fusion-sep-none fusion-title-text fusion-title-size-two\" style=\"--awb-text-color:var(--awb-color7);--awb-margin-top-small:10px;--awb-margin-right-small:0px;--awb-margin-bottom-small:10px;--awb-margin-left-small:0px;--awb-sep-color:var(--awb-color8);--awb-font-size:30px;\"><h2 class=\"fusion-title-heading title-heading-left\" style=\"font-family:&quot;Oswald&quot;;font-style:normal;font-weight:400;margin:0;font-size:1em;\">UNE APPROCHE HOLISTIQUE : ALLIER \u00c9PANOUISSEMENT PROFESSIONNEL ET BIEN-\u00caTRE \u00c9MOTIONNEL<\/h2><\/div><div class=\"fusion-text fusion-text-4\"><p><span style=\"font-weight: 400;\">Nous savons que les choix professionnels ont un impact profond sur la vie personnelle. C&rsquo;est pourquoi nous vous offrons un espace s\u00e9curitaire et bienveillant pour explorer vos objectifs sans pression. Nos conseillers prennent le temps de vous \u00e9couter et vous proposez des strat\u00e9gies concr\u00e8tes en harmonie avec votre personnalit\u00e9 et vos aspirations.<\/span><\/p>\n<p><span style=\"font-weight: 400;\">Nos services combinent l&rsquo;orientation professionnelle avec une attention particuli\u00e8re aux aspects \u00e9motionnels des transitions de carri\u00e8re, afin que vos d\u00e9cisions soient align\u00e9es non seulement avec vos ambitions, mais aussi avec vos besoins personnels. Nos services sont offerts en personne ou en ligne, selon ce qui vous convient le mieux.<\/span><\/p>\n<p><span style=\"font-weight: 400;\">Nous comprenons que les d\u00e9fis li\u00e9s \u00e0 la carri\u00e8re puisse souvent \u00eatre li\u00e9s \u00e0 des pr\u00e9occupations plus larges en mati\u00e8re de sant\u00e9 mentale. Si vous souhaitez explorer d&rsquo;autres avenues pour soutenir votre croissance personnelle et professionnelle,<\/span><a href=\"https:\/\/www.ottawatherapygroup.ca\/fr\/\"><span style=\"font-weight: 400;\"> nos services de conseil et de psychoth\u00e9rapie<\/span><\/a><span style=\"font-weight: 400;\"> peuvent \u00eatre un compl\u00e9ment pr\u00e9cieux \u00e0 l&rsquo;orientation professionnelle. En abordant \u00e0 la fois vos objectifs de carri\u00e8re et votre bien-\u00eatre \u00e9motionnel, vous pouvez avancer avec clart\u00e9, confiance et sens.<\/span><\/p>\n<\/div><\/div><\/div><\/div><\/div><div class=\"fusion-fullwidth fullwidth-box fusion-builder-row-5 fusion-flex-container has-pattern-background has-mask-background fusion-parallax-none nonhundred-percent-fullwidth non-hundred-percent-height-scrolling fusion-no-medium-visibility fusion-no-large-visibility\" style=\"--awb-border-radius-top-left:0px;--awb-border-radius-top-right:0px;--awb-border-radius-bottom-right:0px;--awb-border-radius-bottom-left:0px;--awb-padding-top:40px;--awb-padding-bottom:40px;--awb-background-image:url(&quot;https:\/\/www.ottawatherapygroup.ca\/wp-content\/uploads\/2024\/05\/lotus-bottom-bed6bda4-1.webp&quot;);--awb-background-size:cover;--awb-flex-wrap:wrap;\" ><div class=\"fusion-builder-row fusion-row fusion-flex-align-items-flex-start fusion-flex-content-wrap\" style=\"max-width:1248px;margin-left: calc(-4% \/ 2 );margin-right: calc(-4% \/ 2 );\"><div class=\"fusion-layout-column fusion_builder_column fusion-builder-column-5 fusion_builder_column_1_1 1_1 fusion-flex-column\" style=\"--awb-bg-size:cover;--awb-width-large:100%;--awb-margin-top-large:0px;--awb-spacing-right-large:1.92%;--awb-margin-bottom-large:20px;--awb-spacing-left-large:1.92%;--awb-width-medium:100%;--awb-order-medium:0;--awb-spacing-right-medium:1.92%;--awb-spacing-left-medium:1.92%;--awb-width-small:100%;--awb-order-small:0;--awb-spacing-right-small:1.92%;--awb-spacing-left-small:1.92%;\"><div class=\"fusion-column-wrapper fusion-column-has-shadow fusion-flex-justify-content-flex-start fusion-content-layout-column\"><div class=\"fusion-title title fusion-title-5 fusion-sep-none fusion-title-center fusion-title-text fusion-title-size-three\" style=\"--awb-margin-top-small:10px;--awb-margin-right-small:0px;--awb-margin-bottom-small:10px;--awb-margin-left-small:0px;--awb-font-size:24px;\"><h3 class=\"fusion-title-heading title-heading-center\" style=\"font-family:&quot;Oswald&quot;;font-style:normal;font-weight:400;margin:0;font-size:1em;\">VOUS SOUHAITEZ EN SAVOIR PLUS?<\/h3><\/div><div style=\"text-align:center;\"><a class=\"fusion-button button-flat fusion-button-default-size button-default fusion-button-default button-1 fusion-button-default-span fusion-button-default-type\" target=\"_self\" href=\"\/fr\/contact\/\"><span class=\"fusion-button-text awb-button__text awb-button__text--default\">CONTACTEZ-NOUS<\/span><\/a><\/div><\/div><\/div><\/div><\/div><\/p>\n","protected":false},"excerpt":{"rendered":"","protected":false},"author":1,"featured_media":0,"parent":270,"menu_order":0,"comment_status":"closed","ping_status":"closed","template":"100-width.php","meta":{"footnotes":""},"class_list":["post-2208","page","type-page","status-publish","hentry"],"yoast_head":"<!-- This site is optimized with the Yoast SEO plugin v27.4 - https:\/\/yoast.com\/product\/yoast-seo-wordpress\/ -->\n<title>Orientation professionnelle - Groupe de Th\u00e9rapie d&#039;Ottawa<\/title>\n<meta name=\"description\" content=\"Obtenez des conseils personnalis\u00e9s, du soutien et d&#039;entra\u00eenement en leadership avec Groupe de Th\u00e9rapie d&#039;Ottawa, offerts en personne ou en ligne.\" \/>\n<meta name=\"robots\" content=\"index, follow, max-snippet:-1, max-image-preview:large, max-video-preview:-1\" \/>\n<link rel=\"canonical\" href=\"https:\/\/www.ottawatherapygroup.ca\/fr\/services-fr\/orientation-professionnelle\/\" \/>\n<meta property=\"og:locale\" content=\"fr_CA\" \/>\n<meta property=\"og:type\" content=\"article\" \/>\n<meta property=\"og:title\" content=\"Orientation professionnelle - Groupe de Th\u00e9rapie d&#039;Ottawa\" \/>\n<meta property=\"og:description\" content=\"Obtenez des conseils personnalis\u00e9s, du soutien et d&#039;entra\u00eenement en leadership avec Groupe de Th\u00e9rapie d&#039;Ottawa, offerts en personne ou en ligne.\" \/>\n<meta property=\"og:url\" content=\"https:\/\/www.ottawatherapygroup.ca\/fr\/services-fr\/orientation-professionnelle\/\" \/>\n<meta property=\"og:site_name\" content=\"Excellence in Psychotherapy - Ottawa Therapy Group\" \/>\n<meta property=\"article:modified_time\" content=\"2025-07-04T14:43:32+00:00\" \/>\n<meta name=\"twitter:card\" content=\"summary_large_image\" \/>\n<meta name=\"twitter:label1\" content=\"Estimation du temps de lecture\" \/>\n\t<meta name=\"twitter:data1\" content=\"3 minutes\" \/>\n<script type=\"application\/ld+json\" class=\"yoast-schema-graph\">{\"@context\":\"https:\\\/\\\/schema.org\",\"@graph\":[{\"@type\":\"WebPage\",\"@id\":\"https:\\\/\\\/www.ottawatherapygroup.ca\\\/fr\\\/services-fr\\\/orientation-professionnelle\\\/\",\"url\":\"https:\\\/\\\/www.ottawatherapygroup.ca\\\/fr\\\/services-fr\\\/orientation-professionnelle\\\/\",\"name\":\"Orientation professionnelle - Groupe de Th\u00e9rapie d'Ottawa\",\"isPartOf\":{\"@id\":\"https:\\\/\\\/www.ottawatherapygroup.ca\\\/fr\\\/#website\"},\"datePublished\":\"2024-09-30T15:42:40+00:00\",\"dateModified\":\"2025-07-04T14:43:32+00:00\",\"description\":\"Obtenez des conseils personnalis\u00e9s, du soutien et d'entra\u00eenement en leadership avec Groupe de Th\u00e9rapie d'Ottawa, offerts en personne ou en ligne.\",\"breadcrumb\":{\"@id\":\"https:\\\/\\\/www.ottawatherapygroup.ca\\\/fr\\\/services-fr\\\/orientation-professionnelle\\\/#breadcrumb\"},\"inLanguage\":\"fr-CA\",\"potentialAction\":[{\"@type\":\"ReadAction\",\"target\":[\"https:\\\/\\\/www.ottawatherapygroup.ca\\\/fr\\\/services-fr\\\/orientation-professionnelle\\\/\"]}]},{\"@type\":\"BreadcrumbList\",\"@id\":\"https:\\\/\\\/www.ottawatherapygroup.ca\\\/fr\\\/services-fr\\\/orientation-professionnelle\\\/#breadcrumb\",\"itemListElement\":[{\"@type\":\"ListItem\",\"position\":1,\"name\":\"Home\",\"item\":\"https:\\\/\\\/www.ottawatherapygroup.ca\\\/fr\\\/\"},{\"@type\":\"ListItem\",\"position\":2,\"name\":\"Services\",\"item\":\"https:\\\/\\\/www.ottawatherapygroup.ca\\\/fr\\\/services-fr\\\/\"},{\"@type\":\"ListItem\",\"position\":3,\"name\":\"ORIENTATION PROFESSIONNELLE &#8211; OTTAWA, ON\"}]},{\"@type\":\"WebSite\",\"@id\":\"https:\\\/\\\/www.ottawatherapygroup.ca\\\/fr\\\/#website\",\"url\":\"https:\\\/\\\/www.ottawatherapygroup.ca\\\/fr\\\/\",\"name\":\"Excellence in Psychotherapy - Ottawa Therapy Group\",\"description\":\"\",\"potentialAction\":[{\"@type\":\"SearchAction\",\"target\":{\"@type\":\"EntryPoint\",\"urlTemplate\":\"https:\\\/\\\/www.ottawatherapygroup.ca\\\/fr\\\/?s={search_term_string}\"},\"query-input\":{\"@type\":\"PropertyValueSpecification\",\"valueRequired\":true,\"valueName\":\"search_term_string\"}}],\"inLanguage\":\"fr-CA\"}]}<\/script>\n<!-- \/ Yoast SEO plugin. -->","yoast_head_json":{"title":"Orientation professionnelle - Groupe de Th\u00e9rapie d'Ottawa","description":"Obtenez des conseils personnalis\u00e9s, du soutien et d'entra\u00eenement en leadership avec Groupe de Th\u00e9rapie d'Ottawa, offerts en personne ou en ligne.","robots":{"index":"index","follow":"follow","max-snippet":"max-snippet:-1","max-image-preview":"max-image-preview:large","max-video-preview":"max-video-preview:-1"},"canonical":"https:\/\/www.ottawatherapygroup.ca\/fr\/services-fr\/orientation-professionnelle\/","og_locale":"fr_CA","og_type":"article","og_title":"Orientation professionnelle - Groupe de Th\u00e9rapie d'Ottawa","og_description":"Obtenez des conseils personnalis\u00e9s, du soutien et d'entra\u00eenement en leadership avec Groupe de Th\u00e9rapie d'Ottawa, offerts en personne ou en ligne.","og_url":"https:\/\/www.ottawatherapygroup.ca\/fr\/services-fr\/orientation-professionnelle\/","og_site_name":"Excellence in Psychotherapy - Ottawa Therapy Group","article_modified_time":"2025-07-04T14:43:32+00:00","twitter_card":"summary_large_image","twitter_misc":{"Estimation du temps de lecture":"3 minutes"},"schema":{"@context":"https:\/\/schema.org","@graph":[{"@type":"WebPage","@id":"https:\/\/www.ottawatherapygroup.ca\/fr\/services-fr\/orientation-professionnelle\/","url":"https:\/\/www.ottawatherapygroup.ca\/fr\/services-fr\/orientation-professionnelle\/","name":"Orientation professionnelle - Groupe de Th\u00e9rapie d'Ottawa","isPartOf":{"@id":"https:\/\/www.ottawatherapygroup.ca\/fr\/#website"},"datePublished":"2024-09-30T15:42:40+00:00","dateModified":"2025-07-04T14:43:32+00:00","description":"Obtenez des conseils personnalis\u00e9s, du soutien et d'entra\u00eenement en leadership avec Groupe de Th\u00e9rapie d'Ottawa, offerts en personne ou en ligne.","breadcrumb":{"@id":"https:\/\/www.ottawatherapygroup.ca\/fr\/services-fr\/orientation-professionnelle\/#breadcrumb"},"inLanguage":"fr-CA","potentialAction":[{"@type":"ReadAction","target":["https:\/\/www.ottawatherapygroup.ca\/fr\/services-fr\/orientation-professionnelle\/"]}]},{"@type":"BreadcrumbList","@id":"https:\/\/www.ottawatherapygroup.ca\/fr\/services-fr\/orientation-professionnelle\/#breadcrumb","itemListElement":[{"@type":"ListItem","position":1,"name":"Home","item":"https:\/\/www.ottawatherapygroup.ca\/fr\/"},{"@type":"ListItem","position":2,"name":"Services","item":"https:\/\/www.ottawatherapygroup.ca\/fr\/services-fr\/"},{"@type":"ListItem","position":3,"name":"ORIENTATION PROFESSIONNELLE &#8211; OTTAWA, ON"}]},{"@type":"WebSite","@id":"https:\/\/www.ottawatherapygroup.ca\/fr\/#website","url":"https:\/\/www.ottawatherapygroup.ca\/fr\/","name":"Excellence in Psychotherapy - Ottawa Therapy Group","description":"","potentialAction":[{"@type":"SearchAction","target":{"@type":"EntryPoint","urlTemplate":"https:\/\/www.ottawatherapygroup.ca\/fr\/?s={search_term_string}"},"query-input":{"@type":"PropertyValueSpecification","valueRequired":true,"valueName":"search_term_string"}}],"inLanguage":"fr-CA"}]}},"_links":{"self":[{"href":"https:\/\/www.ottawatherapygroup.ca\/fr\/wp-json\/wp\/v2\/pages\/2208","targetHints":{"allow":["GET"]}}],"collection":[{"href":"https:\/\/www.ottawatherapygroup.ca\/fr\/wp-json\/wp\/v2\/pages"}],"about":[{"href":"https:\/\/www.ottawatherapygroup.ca\/fr\/wp-json\/wp\/v2\/types\/page"}],"author":[{"embeddable":true,"href":"https:\/\/www.ottawatherapygroup.ca\/fr\/wp-json\/wp\/v2\/users\/1"}],"replies":[{"embeddable":true,"href":"https:\/\/www.ottawatherapygroup.ca\/fr\/wp-json\/wp\/v2\/comments?post=2208"}],"version-history":[{"count":0,"href":"https:\/\/www.ottawatherapygroup.ca\/fr\/wp-json\/wp\/v2\/pages\/2208\/revisions"}],"up":[{"embeddable":true,"href":"https:\/\/www.ottawatherapygroup.ca\/fr\/wp-json\/wp\/v2\/pages\/270"}],"wp:attachment":[{"href":"https:\/\/www.ottawatherapygroup.ca\/fr\/wp-json\/wp\/v2\/media?parent=2208"}],"curies":[{"name":"wp","href":"https:\/\/api.w.org\/{rel}","templated":true}]}}