{"id":2483,"date":"2025-10-21T10:55:00","date_gmt":"2025-10-21T14:55:00","guid":{"rendered":"https:\/\/www.ottawatherapygroup.ca\/services-fr\/veterans-psychologist\/"},"modified":"2025-10-21T11:13:06","modified_gmt":"2025-10-21T15:13:06","slug":"psychologue-des-veterans","status":"publish","type":"page","link":"https:\/\/www.ottawatherapygroup.ca\/fr\/services-fr\/psychologue-des-veterans\/","title":{"rendered":"\u00c9VALUATIONS PSYCHOLOGIQUES D\u2019ANCIENS COMBATTANTS CANADA (ACC)"},"content":{"rendered":"<p><div class=\"fusion-fullwidth fullwidth-box fusion-builder-row-1 fusion-flex-container has-pattern-background has-mask-background nonhundred-percent-fullwidth non-hundred-percent-height-scrolling\" style=\"--awb-border-radius-top-left:0px;--awb-border-radius-top-right:0px;--awb-border-radius-bottom-right:0px;--awb-border-radius-bottom-left:0px;--awb-padding-top:70px;--awb-padding-bottom:70px;--awb-flex-wrap:wrap;\" ><div class=\"fusion-builder-row fusion-row fusion-flex-align-items-center fusion-flex-justify-content-center fusion-flex-content-wrap\" style=\"max-width:1248px;margin-left: calc(-4% \/ 2 );margin-right: calc(-4% \/ 2 );\"><div class=\"fusion-layout-column fusion_builder_column fusion-builder-column-0 fusion_builder_column_1_2 1_2 fusion-flex-column\" style=\"--awb-bg-size:cover;--awb-width-large:50%;--awb-margin-top-large:0px;--awb-spacing-right-large:3.84%;--awb-margin-bottom-large:20px;--awb-spacing-left-large:3.84%;--awb-width-medium:50%;--awb-order-medium:0;--awb-spacing-right-medium:3.84%;--awb-spacing-left-medium:3.84%;--awb-width-small:100%;--awb-order-small:0;--awb-spacing-right-small:1.92%;--awb-spacing-left-small:1.92%;\" data-scroll-devices=\"small-visibility,medium-visibility,large-visibility\"><div class=\"fusion-column-wrapper fusion-column-has-shadow fusion-flex-justify-content-flex-start fusion-content-layout-column\"><div class=\"fusion-title title fusion-title-1 fusion-sep-none fusion-title-text fusion-title-size-two\" style=\"--awb-text-color:var(--awb-color5);--awb-margin-top-small:10px;--awb-margin-right-small:0px;--awb-margin-bottom-small:10px;--awb-margin-left-small:0px;--awb-sep-color:var(--awb-color8);\"><h2 class=\"fusion-title-heading title-heading-left\" style=\"font-family:&quot;Oswald&quot;;font-style:normal;font-weight:400;margin:0;\">SERVICE D\u2019ASSISTANCE D\u2019ACC \u00c0 OTTAWA, ONTARIO<\/h2><\/div><div class=\"fusion-text fusion-text-1\" style=\"--awb-content-alignment:left;\"><div class=\"uk-panel uk-margin\">\n<p><span style=\"font-weight: 400;\">Chez Groupe de th\u00e9rapie d&rsquo;Ottawa, nous sommes fiers de soutenir les anciens combattants dans l\u2019acc\u00e8s au soutien en sant\u00e9 mentale qu\u2019ils m\u00e9ritent. Nous offrons des \u00e9valuations psychologiques compl\u00e8tes d\u2019ACC pour les clients affili\u00e9s \u00e0 Anciens Combattants Canada (ACC), r\u00e9alis\u00e9es par un psychologue autoris\u00e9 ayant de l\u2019exp\u00e9rience aupr\u00e8s des membres des Forces arm\u00e9es et des anciens combattants canadiens. En tant que fournisseur de services agr\u00e9\u00e9, nous proposons <\/span><a href=\"https:\/\/www.ottawatherapygroup.ca\/fr\/services-fr\/therapie-et-counseling-en-ligne\/\"><span style=\"font-weight: 400;\">des s\u00e9ances de conseils ou de th\u00e9rapie en personne et en ligne<\/span><\/a><span style=\"font-weight: 400;\"> pour r\u00e9pondre \u00e0 un large \u00e9ventail de besoins.<\/span><\/p>\n<\/div>\n<\/div><\/div><\/div><div class=\"fusion-layout-column fusion_builder_column fusion-builder-column-1 fusion_builder_column_1_2 1_2 fusion-flex-column fusion-column-inner-bg-wrapper fusion-column-liftup-border\" style=\"--awb-inner-bg-size:cover;--awb-width-large:50%;--awb-margin-top-large:0px;--awb-spacing-right-large:3.84%;--awb-margin-bottom-large:20px;--awb-spacing-left-large:3.84%;--awb-width-medium:50%;--awb-order-medium:0;--awb-spacing-right-medium:3.84%;--awb-spacing-left-medium:3.84%;--awb-width-small:100%;--awb-order-small:0;--awb-spacing-right-small:1.92%;--awb-spacing-left-small:1.92%;\" data-scroll-devices=\"small-visibility,medium-visibility,large-visibility\"><span class=\"fusion-column-inner-bg hover-type-liftup\"><span class=\"fusion-column-anchor\"><span class=\"fusion-column-inner-bg-image\"><\/span><\/span><\/span><div class=\"fusion-column-wrapper fusion-flex-justify-content-flex-start fusion-content-layout-column\"><div class=\"fusion-image-element \" style=\"--awb-caption-title-font-family:var(--h2_typography-font-family);--awb-caption-title-font-weight:var(--h2_typography-font-weight);--awb-caption-title-font-style:var(--h2_typography-font-style);--awb-caption-title-size:var(--h2_typography-font-size);--awb-caption-title-transform:var(--h2_typography-text-transform);--awb-caption-title-line-height:var(--h2_typography-line-height);--awb-caption-title-letter-spacing:var(--h2_typography-letter-spacing);\"><span class=\" fusion-imageframe imageframe-none imageframe-1 hover-type-none\"><img decoding=\"async\" width=\"1280\" height=\"853\" alt=\"anonymous Canadian veteran wearing medals, poppy, and legion badge\" title=\"remembrance-day-in-canada\" src=\"https:\/\/www.ottawatherapygroup.ca\/wp-content\/uploads\/2025\/10\/remembrance-day-in-canada.jpg\" class=\"img-responsive wp-image-2478\" srcset=\"https:\/\/www.ottawatherapygroup.ca\/wp-content\/uploads\/2025\/10\/remembrance-day-in-canada-200x133.jpg 200w, https:\/\/www.ottawatherapygroup.ca\/wp-content\/uploads\/2025\/10\/remembrance-day-in-canada-400x267.jpg 400w, https:\/\/www.ottawatherapygroup.ca\/wp-content\/uploads\/2025\/10\/remembrance-day-in-canada-600x400.jpg 600w, https:\/\/www.ottawatherapygroup.ca\/wp-content\/uploads\/2025\/10\/remembrance-day-in-canada-800x533.jpg 800w, https:\/\/www.ottawatherapygroup.ca\/wp-content\/uploads\/2025\/10\/remembrance-day-in-canada-1200x800.jpg 1200w, https:\/\/www.ottawatherapygroup.ca\/wp-content\/uploads\/2025\/10\/remembrance-day-in-canada.jpg 1280w\" sizes=\"(max-width: 640px) 100vw, 600px\" \/><\/span><\/div><\/div><\/div><\/div><\/div><div class=\"fusion-fullwidth fullwidth-box fusion-builder-row-2 fusion-flex-container has-pattern-background has-mask-background nonhundred-percent-fullwidth non-hundred-percent-height-scrolling\" style=\"--awb-border-radius-top-left:0px;--awb-border-radius-top-right:0px;--awb-border-radius-bottom-right:0px;--awb-border-radius-bottom-left:0px;--awb-padding-top:60px;--awb-padding-bottom:60px;--awb-background-color:var(--awb-color2);--awb-flex-wrap:wrap;\" ><div class=\"fusion-builder-row fusion-row fusion-flex-align-items-flex-start fusion-flex-content-wrap\" style=\"max-width:1248px;margin-left: calc(-4% \/ 2 );margin-right: calc(-4% \/ 2 );\"><div class=\"fusion-layout-column fusion_builder_column fusion-builder-column-2 fusion_builder_column_1_1 1_1 fusion-flex-column\" style=\"--awb-bg-size:cover;--awb-width-large:100%;--awb-margin-top-large:0px;--awb-spacing-right-large:1.92%;--awb-margin-bottom-large:20px;--awb-spacing-left-large:1.92%;--awb-width-medium:100%;--awb-order-medium:0;--awb-spacing-right-medium:1.92%;--awb-spacing-left-medium:1.92%;--awb-width-small:100%;--awb-order-small:0;--awb-spacing-right-small:1.92%;--awb-spacing-left-small:1.92%;\"><div class=\"fusion-column-wrapper fusion-column-has-shadow fusion-flex-justify-content-flex-start fusion-content-layout-column\"><div class=\"fusion-title title fusion-title-2 fusion-sep-none fusion-title-text fusion-title-size-three\" style=\"--awb-text-color:var(--awb-color7);--awb-margin-top-small:10px;--awb-margin-right-small:0px;--awb-margin-bottom-small:10px;--awb-margin-left-small:0px;--awb-sep-color:var(--awb-color8);\"><h3 class=\"fusion-title-heading title-heading-left\" style=\"font-family:&quot;Oswald&quot;;font-style:normal;font-weight:400;margin:0;\">POURQUOI VOUS POURRIEZ AVOIR BESOIN D\u2019UNE \u00c9VALUATION PSYCHOLOGIQUE D\u2019ACC<\/h3><\/div><div class=\"fusion-separator fusion-full-width-sep\" style=\"align-self: center;margin-left: auto;margin-right: auto;margin-top:30px;width:100%;\"><\/div><div class=\"fusion-text fusion-text-2\"><p><span style=\"font-weight: 400;\">Une \u00e9valuation psychologique d\u2019ACC peut vous aider, vous et vos fournisseurs de soins, \u00e0 mieux comprendre vos besoins en sant\u00e9 mentale. Ce processus peut constituer une premi\u00e8re \u00e9tape importante pour acc\u00e9der \u00e0 des services de sant\u00e9 mentale adapt\u00e9s \u00e0 vos objectifs et pour vous soutenir dans la prise en charge de d\u00e9fis sp\u00e9cifiques li\u00e9s \u00e0 votre sant\u00e9 mentale. Une \u00e9valuation psychologique peut \u00e9galement aider \u00e0 d\u00e9terminer votre admissibilit\u00e9 \u00e0 certains avantages dans le cadre du service d\u2019assistance d\u2019ACC.<\/span><\/p>\n<p><span style=\"font-weight: 400;\">Ce processus peut \u00eatre une premi\u00e8re \u00e9tape importante pour :<\/span><\/p>\n<ul>\n<li style=\"font-weight: 400;\" aria-level=\"1\"><span style=\"font-weight: 400;\">Clarifier un diagnostic<\/span><\/li>\n<li style=\"font-weight: 400;\" aria-level=\"1\"><span style=\"font-weight: 400;\">Comprendre l\u2019impact des exp\u00e9riences li\u00e9es au service sur votre bien-\u00eatre<\/span><\/li>\n<li style=\"font-weight: 400;\" aria-level=\"1\"><span style=\"font-weight: 400;\">Orienter la planification du traitement<\/span><\/li>\n<li style=\"font-weight: 400;\" aria-level=\"1\"><span style=\"font-weight: 400;\">Appuyer les demandes de prestations et de services d\u2019ACC<\/span><\/li>\n<\/ul>\n<p><span style=\"font-weight: 400;\">Nous adoptons une approche collaborative \u00e0 chaque \u00e9tape du processus d\u2019\u00e9valuation, ax\u00e9e sur une communication claire et des recommandations personnalis\u00e9es. Nos psychologues sp\u00e9cialis\u00e9s aupr\u00e8s des anciens combattants prennent le temps d\u2019expliquer vos r\u00e9sultats et de r\u00e9pondre \u00e0 vos questions afin que vous vous sentiez soutenu, inform\u00e9 et impliqu\u00e9 dans vos soins.<\/span><\/p>\n<\/div><div class=\"fusion-title title fusion-title-3 fusion-sep-none fusion-title-text fusion-title-size-three\" style=\"--awb-text-color:var(--awb-color7);--awb-margin-top-small:10px;--awb-margin-right-small:0px;--awb-margin-bottom-small:10px;--awb-margin-left-small:0px;--awb-sep-color:var(--awb-color8);\"><h3 class=\"fusion-title-heading title-heading-left\" style=\"font-family:&quot;Oswald&quot;;font-style:normal;font-weight:400;margin:0;\">\u00c9VALUATION PSYCHOLOGIQUE POUR LES ANCIENS COMBATTANTS CHEZ GROUPE DE TH\u00c9RAPIE D&rsquo;OTTAWA<\/h3><\/div><div class=\"fusion-separator fusion-full-width-sep\" style=\"align-self: center;margin-left: auto;margin-right: auto;margin-top:30px;width:100%;\"><\/div><div class=\"fusion-text fusion-text-3\"><p><span style=\"font-weight: 400;\">Nous comprenons les d\u00e9fis uniques auxquels sont confront\u00e9s les anciens combattants, notamment l\u2019impact du service militaire sur la sant\u00e9 mentale. Nos psychologues poss\u00e8dent de l\u2019exp\u00e9rience dans l\u2019\u00e9valuation de probl\u00e8mes de sant\u00e9 mentale et de conditions psychologiques telles que le trouble de stress post-traumatique (TSPT), l\u2019anxi\u00e9t\u00e9, la d\u00e9pression, les blessures de stress op\u00e9rationnel et les troubles d\u2019adaptation. Notre travail repose sur le respect et un soutien confidentiel qui reconna\u00eet la complexit\u00e9 de l\u2019exp\u00e9rience de chaque personne.<\/span><\/p>\n<p><span style=\"font-weight: 400;\">Nous savons aussi qu\u2019il peut \u00eatre difficile de demander de l\u2019aide apr\u00e8s le service. Nous visons \u00e0 offrir un espace de soutien qui vous aide \u00e0 faire face, \u00e0 vous reconnecter \u00e0 vos objectifs th\u00e9rapeutiques et \u00e0 commencer \u00e0 d\u00e9velopper les comp\u00e9tences n\u00e9cessaires pour naviguer la vie civile avec force et clart\u00e9.<\/span><\/p>\n<p><span style=\"font-weight: 400;\">Si vous souhaitez en savoir plus ou planifier une \u00e9valuation psychologique d\u2019ACC, veuillez <\/span><a href=\"https:\/\/www.ottawatherapygroup.ca\/fr\/contact\/\"><span style=\"font-weight: 400;\">communiquer avec nous<\/span><\/a><span style=\"font-weight: 400;\">.<\/span><\/p>\n<\/div><\/div><\/div><\/div><\/div><\/p>\n","protected":false},"excerpt":{"rendered":"","protected":false},"author":1,"featured_media":0,"parent":270,"menu_order":0,"comment_status":"closed","ping_status":"closed","template":"100-width.php","meta":{"footnotes":""},"class_list":["post-2483","page","type-page","status-publish","hentry"],"yoast_head":"<!-- This site is optimized with the Yoast SEO plugin v27.4 - https:\/\/yoast.com\/product\/yoast-seo-wordpress\/ -->\n<title>Psychologue des veterans - VAC Mental Health Services\u200b - Ottawa Therapy Group<\/title>\n<meta name=\"description\" content=\"R\u00e9servez une \u00e9valuation psychologique d\u2019ACC avec Groupe de th\u00e9rapie d&#039;Ottawa. Commencez votre d\u00e9marche d\u00e8s aujourd\u2019hui.\" \/>\n<meta name=\"robots\" content=\"index, follow, max-snippet:-1, max-image-preview:large, max-video-preview:-1\" \/>\n<link rel=\"canonical\" href=\"https:\/\/www.ottawatherapygroup.ca\/fr\/services-fr\/psychologue-des-veterans\/\" \/>\n<meta property=\"og:locale\" content=\"fr_CA\" \/>\n<meta property=\"og:type\" content=\"article\" \/>\n<meta property=\"og:title\" content=\"Psychologue des veterans - VAC Mental Health Services\u200b - Ottawa Therapy Group\" \/>\n<meta property=\"og:description\" content=\"R\u00e9servez une \u00e9valuation psychologique d\u2019ACC avec Groupe de th\u00e9rapie d&#039;Ottawa. Commencez votre d\u00e9marche d\u00e8s aujourd\u2019hui.\" \/>\n<meta property=\"og:url\" content=\"https:\/\/www.ottawatherapygroup.ca\/fr\/services-fr\/psychologue-des-veterans\/\" \/>\n<meta property=\"og:site_name\" content=\"Excellence in Psychotherapy - Ottawa Therapy Group\" \/>\n<meta property=\"article:modified_time\" content=\"2025-10-21T15:13:06+00:00\" \/>\n<meta name=\"twitter:card\" content=\"summary_large_image\" \/>\n<meta name=\"twitter:label1\" content=\"Estimation du temps de lecture\" \/>\n\t<meta name=\"twitter:data1\" content=\"2 minutes\" \/>\n<script type=\"application\/ld+json\" class=\"yoast-schema-graph\">{\"@context\":\"https:\\\/\\\/schema.org\",\"@graph\":[{\"@type\":\"WebPage\",\"@id\":\"https:\\\/\\\/www.ottawatherapygroup.ca\\\/fr\\\/services-fr\\\/psychologue-des-veterans\\\/\",\"url\":\"https:\\\/\\\/www.ottawatherapygroup.ca\\\/fr\\\/services-fr\\\/psychologue-des-veterans\\\/\",\"name\":\"Psychologue des veterans - VAC Mental Health Services\u200b - Ottawa Therapy Group\",\"isPartOf\":{\"@id\":\"https:\\\/\\\/www.ottawatherapygroup.ca\\\/fr\\\/#website\"},\"datePublished\":\"2025-10-21T14:55:00+00:00\",\"dateModified\":\"2025-10-21T15:13:06+00:00\",\"description\":\"R\u00e9servez une \u00e9valuation psychologique d\u2019ACC avec Groupe de th\u00e9rapie d'Ottawa. Commencez votre d\u00e9marche d\u00e8s aujourd\u2019hui.\",\"breadcrumb\":{\"@id\":\"https:\\\/\\\/www.ottawatherapygroup.ca\\\/fr\\\/services-fr\\\/psychologue-des-veterans\\\/#breadcrumb\"},\"inLanguage\":\"fr-CA\",\"potentialAction\":[{\"@type\":\"ReadAction\",\"target\":[\"https:\\\/\\\/www.ottawatherapygroup.ca\\\/fr\\\/services-fr\\\/psychologue-des-veterans\\\/\"]}]},{\"@type\":\"BreadcrumbList\",\"@id\":\"https:\\\/\\\/www.ottawatherapygroup.ca\\\/fr\\\/services-fr\\\/psychologue-des-veterans\\\/#breadcrumb\",\"itemListElement\":[{\"@type\":\"ListItem\",\"position\":1,\"name\":\"Home\",\"item\":\"https:\\\/\\\/www.ottawatherapygroup.ca\\\/fr\\\/\"},{\"@type\":\"ListItem\",\"position\":2,\"name\":\"Services\",\"item\":\"https:\\\/\\\/www.ottawatherapygroup.ca\\\/fr\\\/services-fr\\\/\"},{\"@type\":\"ListItem\",\"position\":3,\"name\":\"\u00c9VALUATIONS PSYCHOLOGIQUES D\u2019ANCIENS COMBATTANTS CANADA (ACC)\"}]},{\"@type\":\"WebSite\",\"@id\":\"https:\\\/\\\/www.ottawatherapygroup.ca\\\/fr\\\/#website\",\"url\":\"https:\\\/\\\/www.ottawatherapygroup.ca\\\/fr\\\/\",\"name\":\"Excellence in Psychotherapy - Ottawa Therapy Group\",\"description\":\"\",\"potentialAction\":[{\"@type\":\"SearchAction\",\"target\":{\"@type\":\"EntryPoint\",\"urlTemplate\":\"https:\\\/\\\/www.ottawatherapygroup.ca\\\/fr\\\/?s={search_term_string}\"},\"query-input\":{\"@type\":\"PropertyValueSpecification\",\"valueRequired\":true,\"valueName\":\"search_term_string\"}}],\"inLanguage\":\"fr-CA\"}]}<\/script>\n<!-- \/ Yoast SEO plugin. -->","yoast_head_json":{"title":"Psychologue des veterans - VAC Mental Health Services\u200b - Ottawa Therapy Group","description":"R\u00e9servez une \u00e9valuation psychologique d\u2019ACC avec Groupe de th\u00e9rapie d'Ottawa. Commencez votre d\u00e9marche d\u00e8s aujourd\u2019hui.","robots":{"index":"index","follow":"follow","max-snippet":"max-snippet:-1","max-image-preview":"max-image-preview:large","max-video-preview":"max-video-preview:-1"},"canonical":"https:\/\/www.ottawatherapygroup.ca\/fr\/services-fr\/psychologue-des-veterans\/","og_locale":"fr_CA","og_type":"article","og_title":"Psychologue des veterans - VAC Mental Health Services\u200b - Ottawa Therapy Group","og_description":"R\u00e9servez une \u00e9valuation psychologique d\u2019ACC avec Groupe de th\u00e9rapie d'Ottawa. Commencez votre d\u00e9marche d\u00e8s aujourd\u2019hui.","og_url":"https:\/\/www.ottawatherapygroup.ca\/fr\/services-fr\/psychologue-des-veterans\/","og_site_name":"Excellence in Psychotherapy - Ottawa Therapy Group","article_modified_time":"2025-10-21T15:13:06+00:00","twitter_card":"summary_large_image","twitter_misc":{"Estimation du temps de lecture":"2 minutes"},"schema":{"@context":"https:\/\/schema.org","@graph":[{"@type":"WebPage","@id":"https:\/\/www.ottawatherapygroup.ca\/fr\/services-fr\/psychologue-des-veterans\/","url":"https:\/\/www.ottawatherapygroup.ca\/fr\/services-fr\/psychologue-des-veterans\/","name":"Psychologue des veterans - VAC Mental Health Services\u200b - Ottawa Therapy Group","isPartOf":{"@id":"https:\/\/www.ottawatherapygroup.ca\/fr\/#website"},"datePublished":"2025-10-21T14:55:00+00:00","dateModified":"2025-10-21T15:13:06+00:00","description":"R\u00e9servez une \u00e9valuation psychologique d\u2019ACC avec Groupe de th\u00e9rapie d'Ottawa. Commencez votre d\u00e9marche d\u00e8s aujourd\u2019hui.","breadcrumb":{"@id":"https:\/\/www.ottawatherapygroup.ca\/fr\/services-fr\/psychologue-des-veterans\/#breadcrumb"},"inLanguage":"fr-CA","potentialAction":[{"@type":"ReadAction","target":["https:\/\/www.ottawatherapygroup.ca\/fr\/services-fr\/psychologue-des-veterans\/"]}]},{"@type":"BreadcrumbList","@id":"https:\/\/www.ottawatherapygroup.ca\/fr\/services-fr\/psychologue-des-veterans\/#breadcrumb","itemListElement":[{"@type":"ListItem","position":1,"name":"Home","item":"https:\/\/www.ottawatherapygroup.ca\/fr\/"},{"@type":"ListItem","position":2,"name":"Services","item":"https:\/\/www.ottawatherapygroup.ca\/fr\/services-fr\/"},{"@type":"ListItem","position":3,"name":"\u00c9VALUATIONS PSYCHOLOGIQUES D\u2019ANCIENS COMBATTANTS CANADA (ACC)"}]},{"@type":"WebSite","@id":"https:\/\/www.ottawatherapygroup.ca\/fr\/#website","url":"https:\/\/www.ottawatherapygroup.ca\/fr\/","name":"Excellence in Psychotherapy - Ottawa Therapy Group","description":"","potentialAction":[{"@type":"SearchAction","target":{"@type":"EntryPoint","urlTemplate":"https:\/\/www.ottawatherapygroup.ca\/fr\/?s={search_term_string}"},"query-input":{"@type":"PropertyValueSpecification","valueRequired":true,"valueName":"search_term_string"}}],"inLanguage":"fr-CA"}]}},"_links":{"self":[{"href":"https:\/\/www.ottawatherapygroup.ca\/fr\/wp-json\/wp\/v2\/pages\/2483","targetHints":{"allow":["GET"]}}],"collection":[{"href":"https:\/\/www.ottawatherapygroup.ca\/fr\/wp-json\/wp\/v2\/pages"}],"about":[{"href":"https:\/\/www.ottawatherapygroup.ca\/fr\/wp-json\/wp\/v2\/types\/page"}],"author":[{"embeddable":true,"href":"https:\/\/www.ottawatherapygroup.ca\/fr\/wp-json\/wp\/v2\/users\/1"}],"replies":[{"embeddable":true,"href":"https:\/\/www.ottawatherapygroup.ca\/fr\/wp-json\/wp\/v2\/comments?post=2483"}],"version-history":[{"count":0,"href":"https:\/\/www.ottawatherapygroup.ca\/fr\/wp-json\/wp\/v2\/pages\/2483\/revisions"}],"up":[{"embeddable":true,"href":"https:\/\/www.ottawatherapygroup.ca\/fr\/wp-json\/wp\/v2\/pages\/270"}],"wp:attachment":[{"href":"https:\/\/www.ottawatherapygroup.ca\/fr\/wp-json\/wp\/v2\/media?parent=2483"}],"curies":[{"name":"wp","href":"https:\/\/api.w.org\/{rel}","templated":true}]}}