{"id":341,"date":"2024-05-07T16:14:14","date_gmt":"2024-05-07T20:14:14","guid":{"rendered":"https:\/\/www.otg.bluehat.hosting\/services-fr\/online-counselling-therapy\/"},"modified":"2025-10-15T14:28:39","modified_gmt":"2025-10-15T18:28:39","slug":"therapie-et-counseling-en-ligne","status":"publish","type":"page","link":"https:\/\/www.ottawatherapygroup.ca\/fr\/services-fr\/therapie-et-counseling-en-ligne\/","title":{"rendered":"SERVICES DE TH\u00c9RAPIE EN LIGNE\/VIRTUELLE"},"content":{"rendered":"<p><div class=\"fusion-fullwidth fullwidth-box fusion-builder-row-1 fusion-flex-container has-pattern-background has-mask-background nonhundred-percent-fullwidth non-hundred-percent-height-scrolling\" style=\"--awb-border-radius-top-left:0px;--awb-border-radius-top-right:0px;--awb-border-radius-bottom-right:0px;--awb-border-radius-bottom-left:0px;--awb-padding-top:70px;--awb-padding-bottom:70px;--awb-flex-wrap:wrap;\" ><div class=\"fusion-builder-row fusion-row fusion-flex-align-items-center fusion-flex-justify-content-center fusion-flex-content-wrap\" style=\"max-width:1248px;margin-left: calc(-4% \/ 2 );margin-right: calc(-4% \/ 2 );\"><div class=\"fusion-layout-column fusion_builder_column fusion-builder-column-0 fusion_builder_column_1_2 1_2 fusion-flex-column\" style=\"--awb-bg-size:cover;--awb-width-large:50%;--awb-margin-top-large:0px;--awb-spacing-right-large:3.84%;--awb-margin-bottom-large:20px;--awb-spacing-left-large:3.84%;--awb-width-medium:50%;--awb-order-medium:0;--awb-spacing-right-medium:3.84%;--awb-spacing-left-medium:3.84%;--awb-width-small:100%;--awb-order-small:0;--awb-spacing-right-small:1.92%;--awb-spacing-left-small:1.92%;\" data-scroll-devices=\"small-visibility,medium-visibility,large-visibility\"><div class=\"fusion-column-wrapper fusion-column-has-shadow fusion-flex-justify-content-flex-start fusion-content-layout-column\"><div class=\"fusion-title title fusion-title-1 fusion-sep-none fusion-title-text fusion-title-size-two\" style=\"--awb-text-color:var(--awb-color5);--awb-margin-top-small:10px;--awb-margin-right-small:0px;--awb-margin-bottom-small:10px;--awb-margin-left-small:0px;--awb-sep-color:var(--awb-color8);\"><h2 class=\"fusion-title-heading title-heading-left\" style=\"font-family:&quot;Oswald&quot;;font-style:normal;font-weight:400;margin:0;\">Th\u00e9rapie en Ligne\/Virtuelle<\/h2><\/div><div class=\"fusion-text fusion-text-1\" style=\"--awb-content-alignment:left;\"><div class=\"uk-panel uk-margin\">\n<p><span style=\"font-weight: 400;\">Nos services de th\u00e9rapie en ligne vous offrent des soins professionnels directement chez vous. Ils permettent de surmonter les obstacles qui auraient pu rendre difficile la participation \u00e0 une th\u00e9rapie en personne et rendent les soins de sant\u00e9 mentale accessibles \u00e0 tous. Obtenez le soutien dont vous avez besoin en mati\u00e8re de sant\u00e9 mentale, quel que soit votre lieu de r\u00e9sidence ou votre situation, gr\u00e2ce \u00e0 Groupe de Th\u00e9rapie d\u2019Ottawa.<\/span><\/p>\n<\/div>\n<\/div><\/div><\/div><div class=\"fusion-layout-column fusion_builder_column fusion-builder-column-1 fusion_builder_column_1_2 1_2 fusion-flex-column fusion-column-inner-bg-wrapper fusion-column-liftup-border\" style=\"--awb-inner-bg-size:cover;--awb-width-large:50%;--awb-margin-top-large:0px;--awb-spacing-right-large:3.84%;--awb-margin-bottom-large:20px;--awb-spacing-left-large:3.84%;--awb-width-medium:50%;--awb-order-medium:0;--awb-spacing-right-medium:3.84%;--awb-spacing-left-medium:3.84%;--awb-width-small:100%;--awb-order-small:0;--awb-spacing-right-small:1.92%;--awb-spacing-left-small:1.92%;\" data-scroll-devices=\"small-visibility,medium-visibility,large-visibility\"><span class=\"fusion-column-inner-bg hover-type-liftup\"><span class=\"fusion-column-anchor\"><span class=\"fusion-column-inner-bg-image\"><\/span><\/span><\/span><div class=\"fusion-column-wrapper fusion-flex-justify-content-flex-start fusion-content-layout-column\"><div class=\"fusion-image-element \" style=\"--awb-caption-title-font-family:var(--h2_typography-font-family);--awb-caption-title-font-weight:var(--h2_typography-font-weight);--awb-caption-title-font-style:var(--h2_typography-font-style);--awb-caption-title-size:var(--h2_typography-font-size);--awb-caption-title-transform:var(--h2_typography-text-transform);--awb-caption-title-line-height:var(--h2_typography-line-height);--awb-caption-title-letter-spacing:var(--h2_typography-letter-spacing);\"><span class=\" fusion-imageframe imageframe-none imageframe-1 hover-type-none\"><img decoding=\"async\" width=\"1123\" height=\"1500\" title=\"Lap-top\" src=\"https:\/\/www.ottawatherapygroup.ca\/wp-content\/uploads\/2025\/09\/Lap-top.jpg\" alt class=\"img-responsive wp-image-2392\" srcset=\"https:\/\/www.ottawatherapygroup.ca\/wp-content\/uploads\/2025\/09\/Lap-top-200x267.jpg 200w, https:\/\/www.ottawatherapygroup.ca\/wp-content\/uploads\/2025\/09\/Lap-top-400x534.jpg 400w, https:\/\/www.ottawatherapygroup.ca\/wp-content\/uploads\/2025\/09\/Lap-top-600x801.jpg 600w, https:\/\/www.ottawatherapygroup.ca\/wp-content\/uploads\/2025\/09\/Lap-top-800x1069.jpg 800w, https:\/\/www.ottawatherapygroup.ca\/wp-content\/uploads\/2025\/09\/Lap-top.jpg 1123w\" sizes=\"(max-width: 640px) 100vw, 600px\" \/><\/span><\/div><\/div><\/div><\/div><\/div><div class=\"fusion-fullwidth fullwidth-box fusion-builder-row-2 fusion-flex-container has-pattern-background has-mask-background nonhundred-percent-fullwidth non-hundred-percent-height-scrolling\" style=\"--awb-border-radius-top-left:0px;--awb-border-radius-top-right:0px;--awb-border-radius-bottom-right:0px;--awb-border-radius-bottom-left:0px;--awb-padding-top:60px;--awb-padding-bottom:60px;--awb-background-color:var(--awb-color2);--awb-flex-wrap:wrap;\" ><div class=\"fusion-builder-row fusion-row fusion-flex-align-items-flex-start fusion-flex-content-wrap\" style=\"max-width:1248px;margin-left: calc(-4% \/ 2 );margin-right: calc(-4% \/ 2 );\"><div class=\"fusion-layout-column fusion_builder_column fusion-builder-column-2 fusion_builder_column_1_1 1_1 fusion-flex-column\" style=\"--awb-bg-size:cover;--awb-width-large:100%;--awb-margin-top-large:0px;--awb-spacing-right-large:1.92%;--awb-margin-bottom-large:20px;--awb-spacing-left-large:1.92%;--awb-width-medium:100%;--awb-order-medium:0;--awb-spacing-right-medium:1.92%;--awb-spacing-left-medium:1.92%;--awb-width-small:100%;--awb-order-small:0;--awb-spacing-right-small:1.92%;--awb-spacing-left-small:1.92%;\"><div class=\"fusion-column-wrapper fusion-column-has-shadow fusion-flex-justify-content-flex-start fusion-content-layout-column\"><div class=\"fusion-title title fusion-title-2 fusion-sep-none fusion-title-text fusion-title-size-three\" style=\"--awb-text-color:var(--awb-color7);--awb-margin-top-small:10px;--awb-margin-right-small:0px;--awb-margin-bottom-small:10px;--awb-margin-left-small:0px;--awb-sep-color:var(--awb-color8);\"><h3 class=\"fusion-title-heading title-heading-left\" style=\"font-family:&quot;Oswald&quot;;font-style:normal;font-weight:400;margin:0;\">S\u00c9ANCES DE TH\u00c9RAPIE EN LIGNE : COMMODIT\u00c9, CONFORT ET ACCESSIBILIT\u00c9<\/h3><\/div><div class=\"fusion-separator fusion-full-width-sep\" style=\"align-self: center;margin-left: auto;margin-right: auto;margin-top:30px;width:100%;\"><\/div><div class=\"fusion-text fusion-text-2\"><p><span style=\"font-weight: 400;\">Nos s\u00e9ances en ligne pr\u00e9servent la qualit\u00e9 de la th\u00e9rapie traditionnelle, tout en vous offrant la flexibilit\u00e9 n\u00e9cessaire pour s&rsquo;adapter \u00e0 votre mode de vie. Une s\u00e9ance de th\u00e9rapie virtuelle est particuli\u00e8rement utile pour les personnes qui ont :<\/span><\/p>\n<ul>\n<li style=\"font-weight: 400;\" aria-level=\"1\"><span style=\"font-weight: 400;\">Un emploi du temps charg\u00e9<\/span><\/li>\n<li style=\"font-weight: 400;\" aria-level=\"1\"><span style=\"font-weight: 400;\">Des probl\u00e8mes de mobilit\u00e9<\/span><\/li>\n<li style=\"font-weight: 400;\" aria-level=\"1\"><span style=\"font-weight: 400;\">Des maladies chroniques<\/span><\/li>\n<li style=\"font-weight: 400;\" aria-level=\"1\"><span style=\"font-weight: 400;\">Des conditions sociales difficiles<\/span><\/li>\n<li style=\"font-weight: 400;\" aria-level=\"1\"><span style=\"font-weight: 400;\">habitent dans des r\u00e9gions \u00e9loign\u00e9es<\/span><\/li>\n<\/ul>\n<p><span style=\"font-weight: 400;\">O\u00f9 que vous soyez, nos s\u00e9ances de th\u00e9rapie par vid\u00e9o sont con\u00e7ues pour vous accompagner. Nos th\u00e9rapeutes en ligne vous permettent d&rsquo;explorer votre d\u00e9veloppement personnel tout en abordant vos ant\u00e9c\u00e9dents et votre \u00e9tat de sant\u00e9 mentale actuel dans un cadre familier, ce qui, dans certains cas, peut m\u00eame am\u00e9liorer l&rsquo;efficacit\u00e9 de la th\u00e9rapie.<\/span><\/p>\n<\/div><\/div><\/div><div class=\"fusion-layout-column fusion_builder_column fusion-builder-column-3 fusion_builder_column_1_1 1_1 fusion-flex-column\" style=\"--awb-bg-size:cover;--awb-width-large:100%;--awb-margin-top-large:0px;--awb-spacing-right-large:1.92%;--awb-margin-bottom-large:20px;--awb-spacing-left-large:1.92%;--awb-width-medium:100%;--awb-order-medium:0;--awb-spacing-right-medium:1.92%;--awb-spacing-left-medium:1.92%;--awb-width-small:100%;--awb-order-small:0;--awb-spacing-right-small:1.92%;--awb-spacing-left-small:1.92%;\"><div class=\"fusion-column-wrapper fusion-column-has-shadow fusion-flex-justify-content-flex-start fusion-content-layout-column\"><div class=\"fusion-title title fusion-title-3 fusion-sep-none fusion-title-text fusion-title-size-three\" style=\"--awb-text-color:var(--awb-color7);--awb-margin-top-small:10px;--awb-margin-right-small:0px;--awb-margin-bottom-small:10px;--awb-margin-left-small:0px;--awb-sep-color:var(--awb-color8);\"><h3 class=\"fusion-title-heading title-heading-left\" style=\"font-family:&quot;Oswald&quot;;font-style:normal;font-weight:400;margin:0;\"><span style=\"font-weight: 400;\">S\u00c9ANCES DE TH\u00c9RAPIE EN LIGNE : PRATIQUE, CONFORT ET ACCESSIBILIT\u00c9<\/span><\/h3><\/div><div class=\"fusion-separator fusion-full-width-sep\" style=\"align-self: center;margin-left: auto;margin-right: auto;margin-top:30px;width:100%;\"><\/div><div class=\"fusion-text fusion-text-3\"><p><span style=\"font-weight: 400;\">Nos s\u00e9ances en ligne pr\u00e9servent la qualit\u00e9 de la th\u00e9rapie traditionnelle, tout en vous offrant la flexibilit\u00e9 n\u00e9cessaire pour s&rsquo;adapter \u00e0 votre mode de vie. Une s\u00e9ance de th\u00e9rapie virtuelle est particuli\u00e8rement utile pour les personnes qui :<\/span><\/p>\n<\/div><\/div><\/div><div class=\"fusion-layout-column fusion_builder_column fusion-builder-column-4 fusion_builder_column_1_1 1_1 fusion-flex-column\" style=\"--awb-bg-size:cover;--awb-width-large:100%;--awb-margin-top-large:0px;--awb-spacing-right-large:1.92%;--awb-margin-bottom-large:20px;--awb-spacing-left-large:1.92%;--awb-width-medium:100%;--awb-order-medium:0;--awb-spacing-right-medium:1.92%;--awb-spacing-left-medium:1.92%;--awb-width-small:100%;--awb-order-small:0;--awb-spacing-right-small:1.92%;--awb-spacing-left-small:1.92%;\"><div class=\"fusion-column-wrapper fusion-column-has-shadow fusion-flex-justify-content-flex-start fusion-content-layout-column\"><div class=\"fusion-title title fusion-title-4 fusion-sep-none fusion-title-text fusion-title-size-three\" style=\"--awb-text-color:var(--awb-color7);--awb-margin-top-small:10px;--awb-margin-right-small:0px;--awb-margin-bottom-small:10px;--awb-margin-left-small:0px;--awb-sep-color:var(--awb-color8);\"><h3 class=\"fusion-title-heading title-heading-left\" style=\"font-family:&quot;Oswald&quot;;font-style:normal;font-weight:400;margin:0;\"><span style=\"font-weight: 400;\">S\u00c9CURIT\u00c9 ET CONFIDENTIALIT\u00c9 : NOTRE PRIORIT\u00c9 ABSOLUE<\/span><\/h3><\/div><div class=\"fusion-separator fusion-full-width-sep\" style=\"align-self: center;margin-left: auto;margin-right: auto;margin-top:30px;width:100%;\"><\/div><div class=\"fusion-text fusion-text-4\"><p><span style=\"font-weight: 400;\">En tant que fournisseur de th\u00e9rapie en ligne de confiance, la s\u00e9curit\u00e9 et la confidentialit\u00e9 de vos s\u00e9ances vid\u00e9o virtuelles sont non n\u00e9gociables. Nous menons nos s\u00e9ances via une plateforme de th\u00e9rapie en ligne conforme \u00e0 la Loi sur la Protection des Renseignements Personnels sur la Sant\u00e9 (LPRPS) et \u00e0 la Loi sur la Protection des Renseignements Personnels et les Documents \u00c9lectroniques (LPRPDE). Ce protocole de s\u00e9curit\u00e9 rigoureux garantit la confidentialit\u00e9 totale de vos conversations avec nos professionnels de la sant\u00e9 mentale, vous permettant ainsi de profiter pleinement de vos s\u00e9ances en toute tranquillit\u00e9 d&rsquo;esprit.<\/span><\/p>\n<\/div><\/div><\/div><div class=\"fusion-layout-column fusion_builder_column fusion-builder-column-5 fusion_builder_column_1_1 1_1 fusion-flex-column\" style=\"--awb-bg-size:cover;--awb-width-large:100%;--awb-margin-top-large:0px;--awb-spacing-right-large:1.92%;--awb-margin-bottom-large:20px;--awb-spacing-left-large:1.92%;--awb-width-medium:100%;--awb-order-medium:0;--awb-spacing-right-medium:1.92%;--awb-spacing-left-medium:1.92%;--awb-width-small:100%;--awb-order-small:0;--awb-spacing-right-small:1.92%;--awb-spacing-left-small:1.92%;\"><div class=\"fusion-column-wrapper fusion-column-has-shadow fusion-flex-justify-content-flex-start fusion-content-layout-column\"><div class=\"fusion-title title fusion-title-5 fusion-sep-none fusion-title-text fusion-title-size-three\" style=\"--awb-text-color:var(--awb-color7);--awb-margin-top-small:10px;--awb-margin-right-small:0px;--awb-margin-bottom-small:10px;--awb-margin-left-small:0px;--awb-sep-color:var(--awb-color8);\"><h3 class=\"fusion-title-heading title-heading-left\" style=\"font-family:&quot;Oswald&quot;;font-style:normal;font-weight:400;margin:0;\">GROUPE DE TH\u00c9RAPIE D\u2019OTTAWA \u2013 DES SOINS DE QUALIT\u00c9 POUR TOUS<\/h3><\/div><div class=\"fusion-separator fusion-full-width-sep\" style=\"align-self: center;margin-left: auto;margin-right: auto;margin-top:30px;width:100%;\"><\/div><div class=\"fusion-text fusion-text-5\"><p><span style=\"font-weight: 400;\">En tirant parti de la technologie, nous \u00e9largissons la port\u00e9e de nos th\u00e9rapeutes agr\u00e9\u00e9s et vous permettons de b\u00e9n\u00e9ficier d&rsquo;une th\u00e9rapie efficace, quelle que soit votre situation. Des soins de qualit\u00e9 pour tous : telle est la mission d&rsquo;Groupe de Th\u00e9rapie d\u2019Ottawa, et nos s\u00e9ances en ligne t\u00e9moignent de cet engagement.<\/span><\/p>\n<p><span style=\"font-weight: 400;\">En plus de nos services de th\u00e9rapie en ligne, nous proposons \u00e9galement des consultations et des psychoth\u00e9rapies en personne \u00e0 Ottawa, notamment des th\u00e9rapies individuelles et de couple, ainsi que des services destin\u00e9s aux familles et aux enfants.<\/span><\/p>\n<p><span style=\"font-weight: 400;\">Contactez-nous d\u00e8s aujourd&rsquo;hui pour en savoir plus sur la mani\u00e8re dont nos th\u00e9rapeutes et nos services de sant\u00e9 mentale peuvent am\u00e9liorer votre bien-\u00eatre.<\/span><\/p>\n<\/div><\/div><\/div><\/div><\/div><\/p>\n","protected":false},"excerpt":{"rendered":"","protected":false},"author":1,"featured_media":0,"parent":270,"menu_order":0,"comment_status":"closed","ping_status":"closed","template":"100-width.php","meta":{"footnotes":""},"class_list":["post-341","page","type-page","status-publish","hentry"],"yoast_head":"<!-- This site is optimized with the Yoast SEO plugin v27.4 - https:\/\/yoast.com\/product\/yoast-seo-wordpress\/ -->\n<title>Th\u00e9rapie et counseling en ligne - Ottawa Therapy Group<\/title>\n<meta name=\"description\" content=\"Services de th\u00e9rapie et counseling en ligne chez OTG. Acc\u00e9dez \u00e0 des soins de sant\u00e9 mentale de qualit\u00e9 o\u00f9 que vous soyez. Planifiez une session maintenant.\" \/>\n<meta name=\"robots\" content=\"index, follow, max-snippet:-1, max-image-preview:large, max-video-preview:-1\" \/>\n<link rel=\"canonical\" href=\"https:\/\/www.ottawatherapygroup.ca\/fr\/services-fr\/therapie-et-counseling-en-ligne\/\" \/>\n<meta property=\"og:locale\" content=\"fr_CA\" \/>\n<meta property=\"og:type\" content=\"article\" \/>\n<meta property=\"og:title\" content=\"Th\u00e9rapie et counseling en ligne - Ottawa Therapy Group\" \/>\n<meta property=\"og:description\" content=\"Services de th\u00e9rapie et counseling en ligne chez OTG. Acc\u00e9dez \u00e0 des soins de sant\u00e9 mentale de qualit\u00e9 o\u00f9 que vous soyez. Planifiez une session maintenant.\" \/>\n<meta property=\"og:url\" content=\"https:\/\/www.ottawatherapygroup.ca\/fr\/services-fr\/therapie-et-counseling-en-ligne\/\" \/>\n<meta property=\"og:site_name\" content=\"Excellence in Psychotherapy - Ottawa Therapy Group\" \/>\n<meta property=\"article:modified_time\" content=\"2025-10-15T18:28:39+00:00\" \/>\n<meta name=\"twitter:card\" content=\"summary_large_image\" \/>\n<meta name=\"twitter:label1\" content=\"Estimation du temps de lecture\" \/>\n\t<meta name=\"twitter:data1\" content=\"3 minutes\" \/>\n<script type=\"application\/ld+json\" class=\"yoast-schema-graph\">{\"@context\":\"https:\\\/\\\/schema.org\",\"@graph\":[{\"@type\":\"WebPage\",\"@id\":\"https:\\\/\\\/www.ottawatherapygroup.ca\\\/fr\\\/services-fr\\\/therapie-et-counseling-en-ligne\\\/\",\"url\":\"https:\\\/\\\/www.ottawatherapygroup.ca\\\/fr\\\/services-fr\\\/therapie-et-counseling-en-ligne\\\/\",\"name\":\"Th\u00e9rapie et counseling en ligne - Ottawa Therapy Group\",\"isPartOf\":{\"@id\":\"https:\\\/\\\/www.ottawatherapygroup.ca\\\/fr\\\/#website\"},\"datePublished\":\"2024-05-07T20:14:14+00:00\",\"dateModified\":\"2025-10-15T18:28:39+00:00\",\"description\":\"Services de th\u00e9rapie et counseling en ligne chez OTG. Acc\u00e9dez \u00e0 des soins de sant\u00e9 mentale de qualit\u00e9 o\u00f9 que vous soyez. Planifiez une session maintenant.\",\"breadcrumb\":{\"@id\":\"https:\\\/\\\/www.ottawatherapygroup.ca\\\/fr\\\/services-fr\\\/therapie-et-counseling-en-ligne\\\/#breadcrumb\"},\"inLanguage\":\"fr-CA\",\"potentialAction\":[{\"@type\":\"ReadAction\",\"target\":[\"https:\\\/\\\/www.ottawatherapygroup.ca\\\/fr\\\/services-fr\\\/therapie-et-counseling-en-ligne\\\/\"]}]},{\"@type\":\"BreadcrumbList\",\"@id\":\"https:\\\/\\\/www.ottawatherapygroup.ca\\\/fr\\\/services-fr\\\/therapie-et-counseling-en-ligne\\\/#breadcrumb\",\"itemListElement\":[{\"@type\":\"ListItem\",\"position\":1,\"name\":\"Home\",\"item\":\"https:\\\/\\\/www.ottawatherapygroup.ca\\\/fr\\\/\"},{\"@type\":\"ListItem\",\"position\":2,\"name\":\"Services\",\"item\":\"https:\\\/\\\/www.ottawatherapygroup.ca\\\/fr\\\/services-fr\\\/\"},{\"@type\":\"ListItem\",\"position\":3,\"name\":\"SERVICES DE TH\u00c9RAPIE EN LIGNE\\\/VIRTUELLE\"}]},{\"@type\":\"WebSite\",\"@id\":\"https:\\\/\\\/www.ottawatherapygroup.ca\\\/fr\\\/#website\",\"url\":\"https:\\\/\\\/www.ottawatherapygroup.ca\\\/fr\\\/\",\"name\":\"Excellence in Psychotherapy - Ottawa Therapy Group\",\"description\":\"\",\"potentialAction\":[{\"@type\":\"SearchAction\",\"target\":{\"@type\":\"EntryPoint\",\"urlTemplate\":\"https:\\\/\\\/www.ottawatherapygroup.ca\\\/fr\\\/?s={search_term_string}\"},\"query-input\":{\"@type\":\"PropertyValueSpecification\",\"valueRequired\":true,\"valueName\":\"search_term_string\"}}],\"inLanguage\":\"fr-CA\"}]}<\/script>\n<!-- \/ Yoast SEO plugin. -->","yoast_head_json":{"title":"Th\u00e9rapie et counseling en ligne - Ottawa Therapy Group","description":"Services de th\u00e9rapie et counseling en ligne chez OTG. Acc\u00e9dez \u00e0 des soins de sant\u00e9 mentale de qualit\u00e9 o\u00f9 que vous soyez. Planifiez une session maintenant.","robots":{"index":"index","follow":"follow","max-snippet":"max-snippet:-1","max-image-preview":"max-image-preview:large","max-video-preview":"max-video-preview:-1"},"canonical":"https:\/\/www.ottawatherapygroup.ca\/fr\/services-fr\/therapie-et-counseling-en-ligne\/","og_locale":"fr_CA","og_type":"article","og_title":"Th\u00e9rapie et counseling en ligne - Ottawa Therapy Group","og_description":"Services de th\u00e9rapie et counseling en ligne chez OTG. Acc\u00e9dez \u00e0 des soins de sant\u00e9 mentale de qualit\u00e9 o\u00f9 que vous soyez. Planifiez une session maintenant.","og_url":"https:\/\/www.ottawatherapygroup.ca\/fr\/services-fr\/therapie-et-counseling-en-ligne\/","og_site_name":"Excellence in Psychotherapy - Ottawa Therapy Group","article_modified_time":"2025-10-15T18:28:39+00:00","twitter_card":"summary_large_image","twitter_misc":{"Estimation du temps de lecture":"3 minutes"},"schema":{"@context":"https:\/\/schema.org","@graph":[{"@type":"WebPage","@id":"https:\/\/www.ottawatherapygroup.ca\/fr\/services-fr\/therapie-et-counseling-en-ligne\/","url":"https:\/\/www.ottawatherapygroup.ca\/fr\/services-fr\/therapie-et-counseling-en-ligne\/","name":"Th\u00e9rapie et counseling en ligne - Ottawa Therapy Group","isPartOf":{"@id":"https:\/\/www.ottawatherapygroup.ca\/fr\/#website"},"datePublished":"2024-05-07T20:14:14+00:00","dateModified":"2025-10-15T18:28:39+00:00","description":"Services de th\u00e9rapie et counseling en ligne chez OTG. Acc\u00e9dez \u00e0 des soins de sant\u00e9 mentale de qualit\u00e9 o\u00f9 que vous soyez. Planifiez une session maintenant.","breadcrumb":{"@id":"https:\/\/www.ottawatherapygroup.ca\/fr\/services-fr\/therapie-et-counseling-en-ligne\/#breadcrumb"},"inLanguage":"fr-CA","potentialAction":[{"@type":"ReadAction","target":["https:\/\/www.ottawatherapygroup.ca\/fr\/services-fr\/therapie-et-counseling-en-ligne\/"]}]},{"@type":"BreadcrumbList","@id":"https:\/\/www.ottawatherapygroup.ca\/fr\/services-fr\/therapie-et-counseling-en-ligne\/#breadcrumb","itemListElement":[{"@type":"ListItem","position":1,"name":"Home","item":"https:\/\/www.ottawatherapygroup.ca\/fr\/"},{"@type":"ListItem","position":2,"name":"Services","item":"https:\/\/www.ottawatherapygroup.ca\/fr\/services-fr\/"},{"@type":"ListItem","position":3,"name":"SERVICES DE TH\u00c9RAPIE EN LIGNE\/VIRTUELLE"}]},{"@type":"WebSite","@id":"https:\/\/www.ottawatherapygroup.ca\/fr\/#website","url":"https:\/\/www.ottawatherapygroup.ca\/fr\/","name":"Excellence in Psychotherapy - Ottawa Therapy Group","description":"","potentialAction":[{"@type":"SearchAction","target":{"@type":"EntryPoint","urlTemplate":"https:\/\/www.ottawatherapygroup.ca\/fr\/?s={search_term_string}"},"query-input":{"@type":"PropertyValueSpecification","valueRequired":true,"valueName":"search_term_string"}}],"inLanguage":"fr-CA"}]}},"_links":{"self":[{"href":"https:\/\/www.ottawatherapygroup.ca\/fr\/wp-json\/wp\/v2\/pages\/341","targetHints":{"allow":["GET"]}}],"collection":[{"href":"https:\/\/www.ottawatherapygroup.ca\/fr\/wp-json\/wp\/v2\/pages"}],"about":[{"href":"https:\/\/www.ottawatherapygroup.ca\/fr\/wp-json\/wp\/v2\/types\/page"}],"author":[{"embeddable":true,"href":"https:\/\/www.ottawatherapygroup.ca\/fr\/wp-json\/wp\/v2\/users\/1"}],"replies":[{"embeddable":true,"href":"https:\/\/www.ottawatherapygroup.ca\/fr\/wp-json\/wp\/v2\/comments?post=341"}],"version-history":[{"count":0,"href":"https:\/\/www.ottawatherapygroup.ca\/fr\/wp-json\/wp\/v2\/pages\/341\/revisions"}],"up":[{"embeddable":true,"href":"https:\/\/www.ottawatherapygroup.ca\/fr\/wp-json\/wp\/v2\/pages\/270"}],"wp:attachment":[{"href":"https:\/\/www.ottawatherapygroup.ca\/fr\/wp-json\/wp\/v2\/media?parent=341"}],"curies":[{"name":"wp","href":"https:\/\/api.w.org\/{rel}","templated":true}]}}